{"id":902,"date":"2023-05-18T15:49:44","date_gmt":"2023-05-18T15:49:44","guid":{"rendered":"https:\/\/wnsites.xyz\/manhufe\/?page_id=902"},"modified":"2023-06-21T15:40:20","modified_gmt":"2023-06-21T15:40:20","slug":"adega","status":"publish","type":"page","link":"https:\/\/wnsites.xyz\/manhufe\/adega\/","title":{"rendered":"Adega"},"content":{"rendered":"\t\t<div data-elementor-type=\"wp-page\" data-elementor-id=\"902\" class=\"elementor elementor-902\" data-elementor-post-type=\"page\">\n\t\t\t\t<div class=\"elementor-element elementor-element-9f5e8cc e-flex e-con-boxed e-con e-parent\" data-id=\"9f5e8cc\" data-element_type=\"container\" data-e-type=\"container\" data-settings=\"{&quot;background_background&quot;:&quot;classic&quot;}\">\n\t\t\t\t\t<div class=\"e-con-inner\">\n\t\t\t\t<div class=\"elementor-element elementor-element-1b52029e elementor-widget elementor-widget-heading\" data-id=\"1b52029e\" data-element_type=\"widget\" data-e-type=\"widget\" data-widget_type=\"heading.default\">\n\t\t\t\t<div class=\"elementor-widget-container\">\n\t\t\t\t\t<h2 class=\"elementor-heading-title elementor-size-default\">A Adega<\/h2>\t\t\t\t<\/div>\n\t\t\t\t<\/div>\n\t\t\t\t\t<\/div>\n\t\t\t\t<\/div>\n\t\t<div class=\"elementor-element elementor-element-3ef7ef84 e-flex e-con-boxed e-con e-parent\" data-id=\"3ef7ef84\" data-element_type=\"container\" data-e-type=\"container\">\n\t\t\t\t\t<div class=\"e-con-inner\">\n\t\t<div class=\"elementor-element elementor-element-468a823e e-con-full e-flex e-con e-child\" data-id=\"468a823e\" data-element_type=\"container\" data-e-type=\"container\">\n\t\t\t\t<div class=\"elementor-element elementor-element-28d146ab elementor-widget elementor-widget-heading\" data-id=\"28d146ab\" data-element_type=\"widget\" data-e-type=\"widget\" data-widget_type=\"heading.default\">\n\t\t\t\t<div class=\"elementor-widget-container\">\n\t\t\t\t\t<h2 class=\"elementor-heading-title elementor-size-default\">A adega da \u201c Casa de Manhufe \u201d <\/h2>\t\t\t\t<\/div>\n\t\t\t\t<\/div>\n\t\t\t\t<div class=\"elementor-element elementor-element-5b01f15a elementor-widget elementor-widget-text-editor\" data-id=\"5b01f15a\" data-element_type=\"widget\" data-e-type=\"widget\" data-widget_type=\"text-editor.default\">\n\t\t\t\t<div class=\"elementor-widget-container\">\n\t\t\t\t\t\t\t\t\t<p>A adega\u00a0 \u00e9 uma constru\u00e7\u00e3o independente que se situa no terreiro frontal da casa.<\/p><p>Sendo uma adega da regi\u00e3o dos vinhos verdes a sua grande dimens\u00e3o testemunhando o grande volume de produ\u00e7\u00e3o v\u00ednica da \u201c Casa de Manhufe \u201d, como tamb\u00e9m o volume de neg\u00f3cios que a produ\u00e7\u00e3o de vinho gerava.<\/p>\t\t\t\t\t\t\t\t<\/div>\n\t\t\t\t<\/div>\n\t\t\t\t<\/div>\n\t\t<div class=\"elementor-element elementor-element-7c9f086f e-con-full e-flex e-con e-child\" data-id=\"7c9f086f\" data-element_type=\"container\" data-e-type=\"container\">\n\t\t<div class=\"elementor-element elementor-element-1bba5da2 e-flex e-con-boxed e-con e-child\" data-id=\"1bba5da2\" data-element_type=\"container\" data-e-type=\"container\">\n\t\t\t\t\t<div class=\"e-con-inner\">\n\t\t<div class=\"elementor-element elementor-element-1c95ac00 e-con-full e-flex e-con e-child\" data-id=\"1c95ac00\" data-element_type=\"container\" data-e-type=\"container\">\n\t\t\t\t<div class=\"elementor-element elementor-element-3f220b02 elementor-widget elementor-widget-image\" data-id=\"3f220b02\" data-element_type=\"widget\" data-e-type=\"widget\" data-widget_type=\"image.default\">\n\t\t\t\t<div class=\"elementor-widget-container\">\n\t\t\t\t\t\t\t\t\t\t\t\t\t\t\t<img fetchpriority=\"high\" decoding=\"async\" width=\"480\" height=\"722\" src=\"https:\/\/wnsites.xyz\/manhufe\/wp-content\/uploads\/2023\/05\/DSC_0054.jpg\" class=\"attachment-full size-full wp-image-943\" alt=\"DSC_0054\" srcset=\"https:\/\/wnsites.xyz\/manhufe\/wp-content\/uploads\/2023\/05\/DSC_0054.jpg 480w, https:\/\/wnsites.xyz\/manhufe\/wp-content\/uploads\/2023\/05\/DSC_0054-199x300.jpg 199w\" sizes=\"(max-width: 480px) 100vw, 480px\" \/>\t\t\t\t\t\t\t\t\t\t\t\t\t\t\t<\/div>\n\t\t\t\t<\/div>\n\t\t\t\t<\/div>\n\t\t\t\t\t<\/div>\n\t\t\t\t<\/div>\n\t\t\t\t<\/div>\n\t\t\t\t\t<\/div>\n\t\t\t\t<\/div>\n\t\t<div class=\"elementor-element elementor-element-7cb1a6e5 e-flex e-con-boxed e-con e-parent\" data-id=\"7cb1a6e5\" data-element_type=\"container\" data-e-type=\"container\">\n\t\t\t\t\t<div class=\"e-con-inner\">\n\t\t\t\t<div class=\"elementor-element elementor-element-3a1ea347 elementor-widget elementor-widget-heading\" data-id=\"3a1ea347\" data-element_type=\"widget\" data-e-type=\"widget\" data-widget_type=\"heading.default\">\n\t\t\t\t<div class=\"elementor-widget-container\">\n\t\t\t\t\t<h2 class=\"elementor-heading-title elementor-size-default\">A adega tem no seu interior bonitos toneis adornados com aplica\u00e7\u00f5es met\u00e1licas e tamb\u00e9m um ordenamento dos t\u00faneis muito curioso, comprovando assim a preocupa\u00e7\u00e3o est\u00e9tica do edif\u00edcio.\n<br \/>\nA adega \u00e9 um lugar escuro e silencioso, respeitando assim as recomenda\u00e7\u00f5es de armazenamento do vinho.\n<br \/><br \/>No fundo da adega existe um escrit\u00f3rio anexo que ter\u00e1 sido o local de apoio administrativo e onde existem alguns objectos ligados \u00e0 log\u00edstica e identifica\u00e7\u00e3o de vasilhas e caixas de armazenamento onde se confirma o per\u00edodo \u00e1ureo da \u201c Casa de Manhufe \u201d como tendo sido possivelmente um dos primeiros produtores de vinho verde a exportar os seus produtos.        \n<\/h2>\t\t\t\t<\/div>\n\t\t\t\t<\/div>\n\t\t\t\t\t<\/div>\n\t\t\t\t<\/div>\n\t\t<div class=\"elementor-element elementor-element-1a5fc6e e-flex e-con-boxed e-con e-parent\" data-id=\"1a5fc6e\" data-element_type=\"container\" data-e-type=\"container\">\n\t\t\t\t\t<div class=\"e-con-inner\">\n\t\t<div class=\"elementor-element elementor-element-652c6d3 e-flex e-con-boxed e-con e-child\" data-id=\"652c6d3\" data-element_type=\"container\" data-e-type=\"container\">\n\t\t\t\t\t<div class=\"e-con-inner\">\n\t\t\t\t<div class=\"elementor-element elementor-element-cfd938e elementor-widget elementor-widget-gallery\" data-id=\"cfd938e\" data-element_type=\"widget\" data-e-type=\"widget\" data-settings=\"{&quot;gallery_layout&quot;:&quot;justified&quot;,&quot;ideal_row_height&quot;:{&quot;unit&quot;:&quot;px&quot;,&quot;size&quot;:290,&quot;sizes&quot;:[]},&quot;lazyload&quot;:&quot;yes&quot;,&quot;ideal_row_height_tablet&quot;:{&quot;unit&quot;:&quot;px&quot;,&quot;size&quot;:150,&quot;sizes&quot;:[]},&quot;ideal_row_height_mobile&quot;:{&quot;unit&quot;:&quot;px&quot;,&quot;size&quot;:150,&quot;sizes&quot;:[]},&quot;gap&quot;:{&quot;unit&quot;:&quot;px&quot;,&quot;size&quot;:10,&quot;sizes&quot;:[]},&quot;gap_tablet&quot;:{&quot;unit&quot;:&quot;px&quot;,&quot;size&quot;:10,&quot;sizes&quot;:[]},&quot;gap_mobile&quot;:{&quot;unit&quot;:&quot;px&quot;,&quot;size&quot;:10,&quot;sizes&quot;:[]},&quot;link_to&quot;:&quot;file&quot;,&quot;overlay_background&quot;:&quot;yes&quot;,&quot;content_hover_animation&quot;:&quot;fade-in&quot;}\" data-widget_type=\"gallery.default\">\n\t\t\t\t<div class=\"elementor-widget-container\">\n\t\t\t\t\t\t\t<div class=\"elementor-gallery__container\">\n\t\t\t\t\t\t\t<a class=\"e-gallery-item elementor-gallery-item elementor-animated-content\" href=\"https:\/\/wnsites.xyz\/manhufe\/wp-content\/uploads\/2023\/05\/DSC_00392.jpg\" data-elementor-open-lightbox=\"yes\" data-elementor-lightbox-slideshow=\"cfd938e\" data-elementor-lightbox-title=\"DSC_00392\" data-e-action-hash=\"#elementor-action%3Aaction%3Dlightbox%26settings%3DeyJpZCI6MTEyOCwidXJsIjoiaHR0cHM6XC9cL3duc2l0ZXMueHl6XC9tYW5odWZlXC93cC1jb250ZW50XC91cGxvYWRzXC8yMDIzXC8wNVwvRFNDXzAwMzkyLmpwZyIsInNsaWRlc2hvdyI6ImNmZDkzOGUifQ%3D%3D\">\n\t\t\t\t\t<div class=\"e-gallery-image elementor-gallery-item__image\" data-thumbnail=\"https:\/\/wnsites.xyz\/manhufe\/wp-content\/uploads\/2023\/05\/DSC_00392.jpg\" data-width=\"970\" data-height=\"544\" aria-label=\"\" role=\"img\" ><\/div>\n\t\t\t\t\t\t\t\t\t\t\t<div class=\"elementor-gallery-item__overlay\"><\/div>\n\t\t\t\t\t\t\t\t\t\t\t\t\t\t<\/a>\n\t\t\t\t\t\t\t<a class=\"e-gallery-item elementor-gallery-item elementor-animated-content\" href=\"https:\/\/wnsites.xyz\/manhufe\/wp-content\/uploads\/2023\/05\/DSC_0064-1.jpg\" data-elementor-open-lightbox=\"yes\" data-elementor-lightbox-slideshow=\"cfd938e\" data-elementor-lightbox-title=\"DSC_0064\" data-e-action-hash=\"#elementor-action%3Aaction%3Dlightbox%26settings%3DeyJpZCI6MTEyNywidXJsIjoiaHR0cHM6XC9cL3duc2l0ZXMueHl6XC9tYW5odWZlXC93cC1jb250ZW50XC91cGxvYWRzXC8yMDIzXC8wNVwvRFNDXzAwNjQtMS5qcGciLCJzbGlkZXNob3ciOiJjZmQ5MzhlIn0%3D\">\n\t\t\t\t\t<div class=\"e-gallery-image elementor-gallery-item__image\" data-thumbnail=\"https:\/\/wnsites.xyz\/manhufe\/wp-content\/uploads\/2023\/05\/DSC_0064-1.jpg\" data-width=\"970\" data-height=\"645\" aria-label=\"\" role=\"img\" ><\/div>\n\t\t\t\t\t\t\t\t\t\t\t<div class=\"elementor-gallery-item__overlay\"><\/div>\n\t\t\t\t\t\t\t\t\t\t\t\t\t\t<\/a>\n\t\t\t\t\t\t\t<a class=\"e-gallery-item elementor-gallery-item elementor-animated-content\" href=\"https:\/\/wnsites.xyz\/manhufe\/wp-content\/uploads\/2023\/05\/DSC_0018.jpg\" data-elementor-open-lightbox=\"yes\" data-elementor-lightbox-slideshow=\"cfd938e\" data-elementor-lightbox-title=\"DSC_0018\" data-e-action-hash=\"#elementor-action%3Aaction%3Dlightbox%26settings%3DeyJpZCI6MTEyMywidXJsIjoiaHR0cHM6XC9cL3duc2l0ZXMueHl6XC9tYW5odWZlXC93cC1jb250ZW50XC91cGxvYWRzXC8yMDIzXC8wNVwvRFNDXzAwMTguanBnIiwic2xpZGVzaG93IjoiY2ZkOTM4ZSJ9\">\n\t\t\t\t\t<div class=\"e-gallery-image elementor-gallery-item__image\" data-thumbnail=\"https:\/\/wnsites.xyz\/manhufe\/wp-content\/uploads\/2023\/05\/DSC_0018.jpg\" data-width=\"970\" data-height=\"645\" aria-label=\"\" role=\"img\" ><\/div>\n\t\t\t\t\t\t\t\t\t\t\t<div class=\"elementor-gallery-item__overlay\"><\/div>\n\t\t\t\t\t\t\t\t\t\t\t\t\t\t<\/a>\n\t\t\t\t\t\t\t<a class=\"e-gallery-item elementor-gallery-item elementor-animated-content\" href=\"https:\/\/wnsites.xyz\/manhufe\/wp-content\/uploads\/2023\/05\/DSC_0017.jpg\" data-elementor-open-lightbox=\"yes\" data-elementor-lightbox-slideshow=\"cfd938e\" data-elementor-lightbox-title=\"DSC_0017\" data-e-action-hash=\"#elementor-action%3Aaction%3Dlightbox%26settings%3DeyJpZCI6MTEyMiwidXJsIjoiaHR0cHM6XC9cL3duc2l0ZXMueHl6XC9tYW5odWZlXC93cC1jb250ZW50XC91cGxvYWRzXC8yMDIzXC8wNVwvRFNDXzAwMTcuanBnIiwic2xpZGVzaG93IjoiY2ZkOTM4ZSJ9\">\n\t\t\t\t\t<div class=\"e-gallery-image elementor-gallery-item__image\" data-thumbnail=\"https:\/\/wnsites.xyz\/manhufe\/wp-content\/uploads\/2023\/05\/DSC_0017.jpg\" data-width=\"970\" data-height=\"645\" aria-label=\"\" role=\"img\" ><\/div>\n\t\t\t\t\t\t\t\t\t\t\t<div class=\"elementor-gallery-item__overlay\"><\/div>\n\t\t\t\t\t\t\t\t\t\t\t\t\t\t<\/a>\n\t\t\t\t\t\t\t<a class=\"e-gallery-item elementor-gallery-item elementor-animated-content\" href=\"https:\/\/wnsites.xyz\/manhufe\/wp-content\/uploads\/2023\/05\/DSC_0021.jpg\" data-elementor-open-lightbox=\"yes\" data-elementor-lightbox-slideshow=\"cfd938e\" data-elementor-lightbox-title=\"DSC_0021\" data-e-action-hash=\"#elementor-action%3Aaction%3Dlightbox%26settings%3DeyJpZCI6MTEyNSwidXJsIjoiaHR0cHM6XC9cL3duc2l0ZXMueHl6XC9tYW5odWZlXC93cC1jb250ZW50XC91cGxvYWRzXC8yMDIzXC8wNVwvRFNDXzAwMjEuanBnIiwic2xpZGVzaG93IjoiY2ZkOTM4ZSJ9\">\n\t\t\t\t\t<div class=\"e-gallery-image elementor-gallery-item__image\" data-thumbnail=\"https:\/\/wnsites.xyz\/manhufe\/wp-content\/uploads\/2023\/05\/DSC_0021.jpg\" data-width=\"970\" data-height=\"645\" aria-label=\"\" role=\"img\" ><\/div>\n\t\t\t\t\t\t\t\t\t\t\t<div class=\"elementor-gallery-item__overlay\"><\/div>\n\t\t\t\t\t\t\t\t\t\t\t\t\t\t<\/a>\n\t\t\t\t\t\t\t<a class=\"e-gallery-item elementor-gallery-item elementor-animated-content\" href=\"https:\/\/wnsites.xyz\/manhufe\/wp-content\/uploads\/2023\/05\/DSC_0026.jpg\" data-elementor-open-lightbox=\"yes\" data-elementor-lightbox-slideshow=\"cfd938e\" data-elementor-lightbox-title=\"DSC_0026\" data-e-action-hash=\"#elementor-action%3Aaction%3Dlightbox%26settings%3DeyJpZCI6MTEyNiwidXJsIjoiaHR0cHM6XC9cL3duc2l0ZXMueHl6XC9tYW5odWZlXC93cC1jb250ZW50XC91cGxvYWRzXC8yMDIzXC8wNVwvRFNDXzAwMjYuanBnIiwic2xpZGVzaG93IjoiY2ZkOTM4ZSJ9\">\n\t\t\t\t\t<div class=\"e-gallery-image elementor-gallery-item__image\" data-thumbnail=\"https:\/\/wnsites.xyz\/manhufe\/wp-content\/uploads\/2023\/05\/DSC_0026.jpg\" data-width=\"970\" data-height=\"645\" aria-label=\"\" role=\"img\" ><\/div>\n\t\t\t\t\t\t\t\t\t\t\t<div class=\"elementor-gallery-item__overlay\"><\/div>\n\t\t\t\t\t\t\t\t\t\t\t\t\t\t<\/a>\n\t\t\t\t\t\t\t<a class=\"e-gallery-item elementor-gallery-item elementor-animated-content\" href=\"https:\/\/wnsites.xyz\/manhufe\/wp-content\/uploads\/2023\/05\/DSC_0020.jpg\" data-elementor-open-lightbox=\"yes\" data-elementor-lightbox-slideshow=\"cfd938e\" data-elementor-lightbox-title=\"DSC_0020\" data-e-action-hash=\"#elementor-action%3Aaction%3Dlightbox%26settings%3DeyJpZCI6MTEyNCwidXJsIjoiaHR0cHM6XC9cL3duc2l0ZXMueHl6XC9tYW5odWZlXC93cC1jb250ZW50XC91cGxvYWRzXC8yMDIzXC8wNVwvRFNDXzAwMjAuanBnIiwic2xpZGVzaG93IjoiY2ZkOTM4ZSJ9\">\n\t\t\t\t\t<div class=\"e-gallery-image elementor-gallery-item__image\" data-thumbnail=\"https:\/\/wnsites.xyz\/manhufe\/wp-content\/uploads\/2023\/05\/DSC_0020.jpg\" data-width=\"970\" data-height=\"645\" aria-label=\"\" role=\"img\" ><\/div>\n\t\t\t\t\t\t\t\t\t\t\t<div class=\"elementor-gallery-item__overlay\"><\/div>\n\t\t\t\t\t\t\t\t\t\t\t\t\t\t<\/a>\n\t\t\t\t\t<\/div>\n\t\t\t\t\t<\/div>\n\t\t\t\t<\/div>\n\t\t\t\t\t<\/div>\n\t\t\t\t<\/div>\n\t\t\t\t\t<\/div>\n\t\t\t\t<\/div>\n\t\t\t\t<\/div>\n\t\t","protected":false},"excerpt":{"rendered":"<p>A Adega A adega da \u201c Casa de Manhufe \u201d A adega\u00a0 \u00e9 uma constru\u00e7\u00e3o independente que se situa no terreiro frontal da casa. Sendo uma adega da regi\u00e3o dos vinhos verdes a sua grande dimens\u00e3o testemunhando o grande volume de produ\u00e7\u00e3o v\u00ednica da \u201c Casa de Manhufe \u201d, como tamb\u00e9m o volume de neg\u00f3cios [&hellip;]<\/p>\n","protected":false},"author":1,"featured_media":0,"parent":0,"menu_order":0,"comment_status":"closed","ping_status":"closed","template":"elementor_header_footer","meta":{"footnotes":""},"class_list":["post-902","page","type-page","status-publish","hentry"],"blocksy_meta":"","_links":{"self":[{"href":"https:\/\/wnsites.xyz\/manhufe\/wp-json\/wp\/v2\/pages\/902","targetHints":{"allow":["GET"]}}],"collection":[{"href":"https:\/\/wnsites.xyz\/manhufe\/wp-json\/wp\/v2\/pages"}],"about":[{"href":"https:\/\/wnsites.xyz\/manhufe\/wp-json\/wp\/v2\/types\/page"}],"author":[{"embeddable":true,"href":"https:\/\/wnsites.xyz\/manhufe\/wp-json\/wp\/v2\/users\/1"}],"replies":[{"embeddable":true,"href":"https:\/\/wnsites.xyz\/manhufe\/wp-json\/wp\/v2\/comments?post=902"}],"version-history":[{"count":2,"href":"https:\/\/wnsites.xyz\/manhufe\/wp-json\/wp\/v2\/pages\/902\/revisions"}],"predecessor-version":[{"id":1167,"href":"https:\/\/wnsites.xyz\/manhufe\/wp-json\/wp\/v2\/pages\/902\/revisions\/1167"}],"wp:attachment":[{"href":"https:\/\/wnsites.xyz\/manhufe\/wp-json\/wp\/v2\/media?parent=902"}],"curies":[{"name":"wp","href":"https:\/\/api.w.org\/{rel}","templated":true}]}}