{"id":9849,"date":"2021-08-12T10:09:28","date_gmt":"2021-08-12T09:09:28","guid":{"rendered":"https:\/\/wnsites.xyz\/ilcml3\/?page_id=9849"},"modified":"2021-11-11T19:44:12","modified_gmt":"2021-11-11T18:44:12","slug":"courses","status":"publish","type":"page","link":"https:\/\/wnsites.xyz\/ilcml3\/en\/courses\/","title":{"rendered":"Courses"},"content":{"rendered":"\t\t<div data-elementor-type=\"wp-page\" data-elementor-id=\"9849\" class=\"elementor elementor-9849\">\n\t\t\t\t\t\t<section class=\"elementor-section elementor-top-section elementor-element elementor-element-4507ce35 elementor-section-boxed elementor-section-height-default elementor-section-height-default\" data-id=\"4507ce35\" data-element_type=\"section\">\n\t\t\t\t\t\t<div class=\"elementor-container elementor-column-gap-default\">\n\t\t\t\t\t<div class=\"elementor-column elementor-col-100 elementor-top-column elementor-element elementor-element-4f3355f5\" data-id=\"4f3355f5\" data-element_type=\"column\">\n\t\t\t<div class=\"elementor-widget-wrap elementor-element-populated\">\n\t\t\t\t\t\t<div class=\"elementor-element elementor-element-356417c3 elementor-widget__width-auto elementor-widget elementor-widget-heading\" data-id=\"356417c3\" data-element_type=\"widget\" data-widget_type=\"heading.default\">\n\t\t\t\t<div class=\"elementor-widget-container\">\n\t\t\t<h3 class=\"elementor-heading-title elementor-size-default\">Courses<\/h3>\t\t<\/div>\n\t\t\t\t<\/div>\n\t\t\t\t\t<\/div>\n\t\t<\/div>\n\t\t\t\t\t<\/div>\n\t\t<\/section>\n\t\t\t\t<section class=\"elementor-section elementor-top-section elementor-element elementor-element-fcdbef0 elementor-section-boxed elementor-section-height-default elementor-section-height-default\" data-id=\"fcdbef0\" data-element_type=\"section\">\n\t\t\t\t\t\t<div class=\"elementor-container elementor-column-gap-default\">\n\t\t\t\t\t<div class=\"elementor-column elementor-col-100 elementor-top-column elementor-element elementor-element-1ab941f\" data-id=\"1ab941f\" data-element_type=\"column\">\n\t\t\t<div class=\"elementor-widget-wrap elementor-element-populated\">\n\t\t\t\t\t\t<div class=\"elementor-element elementor-element-c5115d1 elementor-widget elementor-widget-text-editor\" data-id=\"c5115d1\" data-element_type=\"widget\" data-widget_type=\"text-editor.default\">\n\t\t\t\t<div class=\"elementor-widget-container\">\n\t\t\t\t\t\t\t<p>Os membros integrados do Instituto de Literatura Comparada Margarida Losa com v\u00ednculo \u00e0 <a href=\"https:\/\/sigarra.up.pt\/flup\/pt\/web_page.inicial\" target=\"_blank\" rel=\"noopener\">Faculdade de Letras da Universidade do Porto<\/a> est\u00e3o envolvidos na coordena\u00e7\u00e3o cient\u00edfica e lecciona\u00e7\u00e3o de diversos cursos em v\u00e1rios ciclos de estudos.<\/p>\t\t\t\t\t\t<\/div>\n\t\t\t\t<\/div>\n\t\t\t\t\t<\/div>\n\t\t<\/div>\n\t\t\t\t\t<\/div>\n\t\t<\/section>\n\t\t\t\t<section class=\"elementor-section elementor-top-section elementor-element elementor-element-35456b7 elementor-section-boxed elementor-section-height-default elementor-section-height-default\" data-id=\"35456b7\" data-element_type=\"section\">\n\t\t\t\t\t\t<div class=\"elementor-container elementor-column-gap-default\">\n\t\t\t\t\t<div class=\"elementor-column elementor-col-33 elementor-top-column elementor-element elementor-element-40d431a\" data-id=\"40d431a\" data-element_type=\"column\">\n\t\t\t<div class=\"elementor-widget-wrap elementor-element-populated\">\n\t\t\t\t\t\t<div class=\"elementor-element elementor-element-d565a08 elementor-widget elementor-widget-image\" data-id=\"d565a08\" data-element_type=\"widget\" data-widget_type=\"image.default\">\n\t\t\t\t<div class=\"elementor-widget-container\">\n\t\t\t\t\t\t\t\t\t\t\t\t\t<img fetchpriority=\"high\" decoding=\"async\" width=\"415\" height=\"275\" src=\"https:\/\/wnsites.xyz\/ilcml3\/wp-content\/uploads\/2021\/10\/linguas_literaturas_culturas_licenciatura.jpg\" class=\"attachment-large size-large wp-image-9066\" alt=\"linguas_literaturas_culturas_licenciatura\" srcset=\"https:\/\/wnsites.xyz\/ilcml3\/wp-content\/uploads\/2021\/10\/linguas_literaturas_culturas_licenciatura.jpg 415w, https:\/\/wnsites.xyz\/ilcml3\/wp-content\/uploads\/2021\/10\/linguas_literaturas_culturas_licenciatura-300x199.jpg 300w\" sizes=\"(max-width: 415px) 100vw, 415px\" \/>\t\t\t\t\t\t\t\t\t\t\t\t\t<\/div>\n\t\t\t\t<\/div>\n\t\t\t\t<div class=\"elementor-element elementor-element-0714534 elementor-widget elementor-widget-heading\" data-id=\"0714534\" data-element_type=\"widget\" data-widget_type=\"heading.default\">\n\t\t\t\t<div class=\"elementor-widget-container\">\n\t\t\t<h4 class=\"elementor-heading-title elementor-size-default\"><a href=\"https:\/\/sigarra.up.pt\/flup\/pt\/cur_geral.cur_view?pv_ano_lectivo=2017&#038;pv_origem=CUR&#038;pv_tipo_cur_sigla=L&#038;pv_curso_id=457\" target=\"_blank\">L\u00ednguas, Literaturas e Culturas<\/a><\/h4>\t\t<\/div>\n\t\t\t\t<\/div>\n\t\t\t\t<div class=\"elementor-element elementor-element-5dc2ab5 elementor-widget elementor-widget-heading\" data-id=\"5dc2ab5\" data-element_type=\"widget\" data-widget_type=\"heading.default\">\n\t\t\t\t<div class=\"elementor-widget-container\">\n\t\t\t<p class=\"elementor-heading-title elementor-size-default\">Licenciatura<\/p>\t\t<\/div>\n\t\t\t\t<\/div>\n\t\t\t\t\t<\/div>\n\t\t<\/div>\n\t\t\t\t<div class=\"elementor-column elementor-col-33 elementor-top-column elementor-element elementor-element-620d123\" data-id=\"620d123\" data-element_type=\"column\">\n\t\t\t<div class=\"elementor-widget-wrap elementor-element-populated\">\n\t\t\t\t\t\t<div class=\"elementor-element elementor-element-c9c9c48 elementor-widget elementor-widget-image\" data-id=\"c9c9c48\" data-element_type=\"widget\" data-widget_type=\"image.default\">\n\t\t\t\t<div class=\"elementor-widget-container\">\n\t\t\t\t\t\t\t\t\t\t\t\t\t<img decoding=\"async\" width=\"415\" height=\"275\" src=\"https:\/\/wnsites.xyz\/ilcml3\/wp-content\/uploads\/2021\/10\/linguas_relacoes_internacionais_licenciatura.jpg\" class=\"attachment-full size-full wp-image-9067\" alt=\"\" srcset=\"https:\/\/wnsites.xyz\/ilcml3\/wp-content\/uploads\/2021\/10\/linguas_relacoes_internacionais_licenciatura.jpg 415w, https:\/\/wnsites.xyz\/ilcml3\/wp-content\/uploads\/2021\/10\/linguas_relacoes_internacionais_licenciatura-300x199.jpg 300w\" sizes=\"(max-width: 415px) 100vw, 415px\" \/>\t\t\t\t\t\t\t\t\t\t\t\t\t<\/div>\n\t\t\t\t<\/div>\n\t\t\t\t<div class=\"elementor-element elementor-element-577129a elementor-widget elementor-widget-heading\" data-id=\"577129a\" data-element_type=\"widget\" data-widget_type=\"heading.default\">\n\t\t\t\t<div class=\"elementor-widget-container\">\n\t\t\t<h4 class=\"elementor-heading-title elementor-size-default\"><a href=\"https:\/\/sigarra.up.pt\/flup\/pt\/cur_geral.cur_view?pv_ano_lectivo=2021&#038;pv_origem=CUR&#038;pv_tipo_cur_sigla=L&#038;pv_curso_id=458\" target=\"_blank\">L\u00ednguas e Rela\u00e7\u00f5es Internacionais<\/a><\/h4>\t\t<\/div>\n\t\t\t\t<\/div>\n\t\t\t\t<div class=\"elementor-element elementor-element-a5120e1 elementor-widget elementor-widget-heading\" data-id=\"a5120e1\" data-element_type=\"widget\" data-widget_type=\"heading.default\">\n\t\t\t\t<div class=\"elementor-widget-container\">\n\t\t\t<p class=\"elementor-heading-title elementor-size-default\">Licenciatura<\/p>\t\t<\/div>\n\t\t\t\t<\/div>\n\t\t\t\t\t<\/div>\n\t\t<\/div>\n\t\t\t\t<div class=\"elementor-column elementor-col-33 elementor-top-column elementor-element elementor-element-69e0baa\" data-id=\"69e0baa\" data-element_type=\"column\">\n\t\t\t<div class=\"elementor-widget-wrap elementor-element-populated\">\n\t\t\t\t\t\t<div class=\"elementor-element elementor-element-97f0d8e elementor-widget elementor-widget-image\" data-id=\"97f0d8e\" data-element_type=\"widget\" data-widget_type=\"image.default\">\n\t\t\t\t<div class=\"elementor-widget-container\">\n\t\t\t\t\t\t\t\t\t\t\t\t\t<img decoding=\"async\" width=\"415\" height=\"275\" src=\"https:\/\/wnsites.xyz\/ilcml3\/wp-content\/uploads\/2021\/10\/licenciatura_linguas_aplicadas.jpg\" class=\"attachment-full size-full wp-image-9068\" alt=\"licenciatura_linguas_aplicadas\" srcset=\"https:\/\/wnsites.xyz\/ilcml3\/wp-content\/uploads\/2021\/10\/licenciatura_linguas_aplicadas.jpg 415w, https:\/\/wnsites.xyz\/ilcml3\/wp-content\/uploads\/2021\/10\/licenciatura_linguas_aplicadas-300x199.jpg 300w\" sizes=\"(max-width: 415px) 100vw, 415px\" \/>\t\t\t\t\t\t\t\t\t\t\t\t\t<\/div>\n\t\t\t\t<\/div>\n\t\t\t\t<div class=\"elementor-element elementor-element-5cbef48 elementor-widget elementor-widget-heading\" data-id=\"5cbef48\" data-element_type=\"widget\" data-widget_type=\"heading.default\">\n\t\t\t\t<div class=\"elementor-widget-container\">\n\t\t\t<h4 class=\"elementor-heading-title elementor-size-default\"><a href=\"https:\/\/sigarra.up.pt\/flup\/pt\/cur_geral.cur_view?pv_ano_lectivo=2021&#038;pv_origem=CUR&#038;pv_tipo_cur_sigla=L&#038;pv_curso_id=456\" target=\"_blank\">L\u00ednguas Aplicadas<\/a><\/h4>\t\t<\/div>\n\t\t\t\t<\/div>\n\t\t\t\t<div class=\"elementor-element elementor-element-4732bfc elementor-widget elementor-widget-heading\" data-id=\"4732bfc\" data-element_type=\"widget\" data-widget_type=\"heading.default\">\n\t\t\t\t<div class=\"elementor-widget-container\">\n\t\t\t<p class=\"elementor-heading-title elementor-size-default\">Licenciatura<\/p>\t\t<\/div>\n\t\t\t\t<\/div>\n\t\t\t\t\t<\/div>\n\t\t<\/div>\n\t\t\t\t\t<\/div>\n\t\t<\/section>\n\t\t\t\t<section class=\"elementor-section elementor-top-section elementor-element elementor-element-45dcedf elementor-section-boxed elementor-section-height-default elementor-section-height-default\" data-id=\"45dcedf\" data-element_type=\"section\">\n\t\t\t\t\t\t<div class=\"elementor-container elementor-column-gap-default\">\n\t\t\t\t\t<div class=\"elementor-column elementor-col-33 elementor-top-column elementor-element elementor-element-29c5ca0\" data-id=\"29c5ca0\" data-element_type=\"column\">\n\t\t\t<div class=\"elementor-widget-wrap elementor-element-populated\">\n\t\t\t\t\t\t<div class=\"elementor-element elementor-element-fb94fa9 elementor-widget elementor-widget-image\" data-id=\"fb94fa9\" data-element_type=\"widget\" data-widget_type=\"image.default\">\n\t\t\t\t<div class=\"elementor-widget-container\">\n\t\t\t\t\t\t\t\t\t\t\t\t\t<img loading=\"lazy\" decoding=\"async\" width=\"415\" height=\"275\" src=\"https:\/\/wnsites.xyz\/ilcml3\/wp-content\/uploads\/2021\/10\/estudos_protugueses.jpg\" class=\"attachment-full size-full wp-image-9069\" alt=\"\" srcset=\"https:\/\/wnsites.xyz\/ilcml3\/wp-content\/uploads\/2021\/10\/estudos_protugueses.jpg 415w, https:\/\/wnsites.xyz\/ilcml3\/wp-content\/uploads\/2021\/10\/estudos_protugueses-300x199.jpg 300w\" sizes=\"(max-width: 415px) 100vw, 415px\" \/>\t\t\t\t\t\t\t\t\t\t\t\t\t<\/div>\n\t\t\t\t<\/div>\n\t\t\t\t<div class=\"elementor-element elementor-element-d0c1719 elementor-widget elementor-widget-heading\" data-id=\"d0c1719\" data-element_type=\"widget\" data-widget_type=\"heading.default\">\n\t\t\t\t<div class=\"elementor-widget-container\">\n\t\t\t<h4 class=\"elementor-heading-title elementor-size-default\"><a href=\"https:\/\/sigarra.up.pt\/flup\/pt\/cur_geral.cur_view?pv_ano_lectivo=2021&#038;pv_origem=CUR&#038;pv_tipo_cur_sigla=L&#038;pv_curso_id=459\">Estudos Portugueses<\/a><\/h4>\t\t<\/div>\n\t\t\t\t<\/div>\n\t\t\t\t<div class=\"elementor-element elementor-element-26f7eb1 elementor-widget elementor-widget-heading\" data-id=\"26f7eb1\" data-element_type=\"widget\" data-widget_type=\"heading.default\">\n\t\t\t\t<div class=\"elementor-widget-container\">\n\t\t\t<p class=\"elementor-heading-title elementor-size-default\">Licenciatura<\/p>\t\t<\/div>\n\t\t\t\t<\/div>\n\t\t\t\t\t<\/div>\n\t\t<\/div>\n\t\t\t\t<div class=\"elementor-column elementor-col-33 elementor-top-column elementor-element elementor-element-28b3e54\" data-id=\"28b3e54\" data-element_type=\"column\">\n\t\t\t<div class=\"elementor-widget-wrap elementor-element-populated\">\n\t\t\t\t\t\t<div class=\"elementor-element elementor-element-94fc218 elementor-widget elementor-widget-image\" data-id=\"94fc218\" data-element_type=\"widget\" data-widget_type=\"image.default\">\n\t\t\t\t<div class=\"elementor-widget-container\">\n\t\t\t\t\t\t\t\t\t\t\t\t\t<img loading=\"lazy\" decoding=\"async\" width=\"415\" height=\"275\" src=\"https:\/\/wnsites.xyz\/ilcml3\/wp-content\/uploads\/2021\/10\/mestrado_estudos_literarios_culturais_interartes.jpg\" class=\"attachment-full size-full wp-image-9070\" alt=\"mestrado_estudos_literarios_culturais_interartes\" srcset=\"https:\/\/wnsites.xyz\/ilcml3\/wp-content\/uploads\/2021\/10\/mestrado_estudos_literarios_culturais_interartes.jpg 415w, https:\/\/wnsites.xyz\/ilcml3\/wp-content\/uploads\/2021\/10\/mestrado_estudos_literarios_culturais_interartes-300x199.jpg 300w\" sizes=\"(max-width: 415px) 100vw, 415px\" \/>\t\t\t\t\t\t\t\t\t\t\t\t\t<\/div>\n\t\t\t\t<\/div>\n\t\t\t\t<div class=\"elementor-element elementor-element-cd2358d elementor-widget elementor-widget-heading\" data-id=\"cd2358d\" data-element_type=\"widget\" data-widget_type=\"heading.default\">\n\t\t\t\t<div class=\"elementor-widget-container\">\n\t\t\t<h4 class=\"elementor-heading-title elementor-size-default\"><a href=\"https:\/\/sigarra.up.pt\/flup\/pt\/cur_geral.cur_view?pv_ano_lectivo=2021&#038;pv_origem=CUR&#038;pv_tipo_cur_sigla=M&#038;pv_curso_id=433\" target=\"_blank\">Estudos Liter\u00e1rios, Culturais e Interartes<\/a><\/h4>\t\t<\/div>\n\t\t\t\t<\/div>\n\t\t\t\t<div class=\"elementor-element elementor-element-f6d9747 elementor-widget elementor-widget-heading\" data-id=\"f6d9747\" data-element_type=\"widget\" data-widget_type=\"heading.default\">\n\t\t\t\t<div class=\"elementor-widget-container\">\n\t\t\t<p class=\"elementor-heading-title elementor-size-default\">Mestrado<\/p>\t\t<\/div>\n\t\t\t\t<\/div>\n\t\t\t\t\t<\/div>\n\t\t<\/div>\n\t\t\t\t<div class=\"elementor-column elementor-col-33 elementor-top-column elementor-element elementor-element-de35806\" data-id=\"de35806\" data-element_type=\"column\">\n\t\t\t<div class=\"elementor-widget-wrap elementor-element-populated\">\n\t\t\t\t\t\t<div class=\"elementor-element elementor-element-280ad3f elementor-widget elementor-widget-image\" data-id=\"280ad3f\" data-element_type=\"widget\" data-widget_type=\"image.default\">\n\t\t\t\t<div class=\"elementor-widget-container\">\n\t\t\t\t\t\t\t\t\t\t\t\t\t<img loading=\"lazy\" decoding=\"async\" width=\"415\" height=\"275\" src=\"https:\/\/wnsites.xyz\/ilcml3\/wp-content\/uploads\/2021\/10\/mestrado_portugues_lingua_segunda_lingua_estrangeira.jpg\" class=\"attachment-full size-full wp-image-9071\" alt=\"mestrado_portugues_lingua_segunda_lingua_estrangeira\" srcset=\"https:\/\/wnsites.xyz\/ilcml3\/wp-content\/uploads\/2021\/10\/mestrado_portugues_lingua_segunda_lingua_estrangeira.jpg 415w, https:\/\/wnsites.xyz\/ilcml3\/wp-content\/uploads\/2021\/10\/mestrado_portugues_lingua_segunda_lingua_estrangeira-300x199.jpg 300w\" sizes=\"(max-width: 415px) 100vw, 415px\" \/>\t\t\t\t\t\t\t\t\t\t\t\t\t<\/div>\n\t\t\t\t<\/div>\n\t\t\t\t<div class=\"elementor-element elementor-element-ffc9b15 elementor-widget elementor-widget-heading\" data-id=\"ffc9b15\" data-element_type=\"widget\" data-widget_type=\"heading.default\">\n\t\t\t\t<div class=\"elementor-widget-container\">\n\t\t\t<h4 class=\"elementor-heading-title elementor-size-default\"><a href=\"https:\/\/sigarra.up.pt\/flup\/pt\/cur_geral.cur_view?pv_ano_lectivo=2021&#038;pv_origem=CUR&#038;pv_tipo_cur_sigla=M&#038;pv_curso_id=449\" target=\"_blank\">Portugu\u00eas L\u00edngua Segunda\/ L\u00edngua Estrangeira<\/a><\/h4>\t\t<\/div>\n\t\t\t\t<\/div>\n\t\t\t\t<div class=\"elementor-element elementor-element-ddcff95 elementor-widget elementor-widget-heading\" data-id=\"ddcff95\" data-element_type=\"widget\" data-widget_type=\"heading.default\">\n\t\t\t\t<div class=\"elementor-widget-container\">\n\t\t\t<p class=\"elementor-heading-title elementor-size-default\">Mestrado<\/p>\t\t<\/div>\n\t\t\t\t<\/div>\n\t\t\t\t\t<\/div>\n\t\t<\/div>\n\t\t\t\t\t<\/div>\n\t\t<\/section>\n\t\t\t\t<section class=\"elementor-section elementor-top-section elementor-element elementor-element-62b314c elementor-section-boxed elementor-section-height-default elementor-section-height-default\" data-id=\"62b314c\" data-element_type=\"section\">\n\t\t\t\t\t\t<div class=\"elementor-container elementor-column-gap-default\">\n\t\t\t\t\t<div class=\"elementor-column elementor-col-33 elementor-top-column elementor-element elementor-element-747e242\" data-id=\"747e242\" data-element_type=\"column\">\n\t\t\t<div class=\"elementor-widget-wrap elementor-element-populated\">\n\t\t\t\t\t\t<div class=\"elementor-element elementor-element-b6485d9 elementor-widget elementor-widget-image\" data-id=\"b6485d9\" data-element_type=\"widget\" data-widget_type=\"image.default\">\n\t\t\t\t<div class=\"elementor-widget-container\">\n\t\t\t\t\t\t\t\t\t\t\t\t\t<img loading=\"lazy\" decoding=\"async\" width=\"415\" height=\"275\" src=\"https:\/\/wnsites.xyz\/ilcml3\/wp-content\/uploads\/2021\/10\/3_ciclo_estudos_literarios_culturais_interartisticos.jpg\" class=\"attachment-full size-full wp-image-9073\" alt=\"3_ciclo_estudos_literarios_culturais_interartisticos\" srcset=\"https:\/\/wnsites.xyz\/ilcml3\/wp-content\/uploads\/2021\/10\/3_ciclo_estudos_literarios_culturais_interartisticos.jpg 415w, https:\/\/wnsites.xyz\/ilcml3\/wp-content\/uploads\/2021\/10\/3_ciclo_estudos_literarios_culturais_interartisticos-300x199.jpg 300w\" sizes=\"(max-width: 415px) 100vw, 415px\" \/>\t\t\t\t\t\t\t\t\t\t\t\t\t<\/div>\n\t\t\t\t<\/div>\n\t\t\t\t<div class=\"elementor-element elementor-element-9a27c83 elementor-widget elementor-widget-heading\" data-id=\"9a27c83\" data-element_type=\"widget\" data-widget_type=\"heading.default\">\n\t\t\t\t<div class=\"elementor-widget-container\">\n\t\t\t<h4 class=\"elementor-heading-title elementor-size-default\"><a href=\"https:\/\/sigarra.up.pt\/flup\/pt\/cur_geral.cur_view?pv_ano_lectivo=2021&#038;pv_origem=CUR&#038;pv_tipo_cur_sigla=D&#038;pv_curso_id=1881\" target=\"_blank\">Estudos Liter\u00e1rios, Culturais e Interart\u00edsticos<\/a><\/h4>\t\t<\/div>\n\t\t\t\t<\/div>\n\t\t\t\t<div class=\"elementor-element elementor-element-2cb3fdb elementor-widget elementor-widget-heading\" data-id=\"2cb3fdb\" data-element_type=\"widget\" data-widget_type=\"heading.default\">\n\t\t\t\t<div class=\"elementor-widget-container\">\n\t\t\t<p class=\"elementor-heading-title elementor-size-default\">Doutoramento<\/p>\t\t<\/div>\n\t\t\t\t<\/div>\n\t\t\t\t\t<\/div>\n\t\t<\/div>\n\t\t\t\t<div class=\"elementor-column elementor-col-33 elementor-top-column elementor-element elementor-element-8d3f528\" data-id=\"8d3f528\" data-element_type=\"column\">\n\t\t\t<div class=\"elementor-widget-wrap\">\n\t\t\t\t\t\t\t<\/div>\n\t\t<\/div>\n\t\t\t\t<div class=\"elementor-column elementor-col-33 elementor-top-column elementor-element elementor-element-66af7b4\" data-id=\"66af7b4\" data-element_type=\"column\">\n\t\t\t<div class=\"elementor-widget-wrap\">\n\t\t\t\t\t\t\t<\/div>\n\t\t<\/div>\n\t\t\t\t\t<\/div>\n\t\t<\/section>\n\t\t\t\t<\/div>\n\t\t","protected":false},"excerpt":{"rendered":"<p>Courses Os membros integrados do Instituto de Literatura Comparada Margarida Losa com v\u00ednculo \u00e0 Faculdade de Letras da Universidade do Porto est\u00e3o envolvidos na coordena\u00e7\u00e3o cient\u00edfica e lecciona\u00e7\u00e3o de diversos cursos em v\u00e1rios ciclos de estudos. L\u00ednguas, Literaturas e Culturas Licenciatura L\u00ednguas e Rela\u00e7\u00f5es Internacionais Licenciatura L\u00ednguas Aplicadas Licenciatura Estudos Portugueses Licenciatura Estudos Liter\u00e1rios, Culturais&#8230;<\/p>\n","protected":false},"author":1,"featured_media":0,"parent":0,"menu_order":0,"comment_status":"closed","ping_status":"closed","template":"","meta":{"footnotes":""},"class_list":["post-9849","page","type-page","status-publish","hentry"],"_links":{"self":[{"href":"https:\/\/wnsites.xyz\/ilcml3\/wp-json\/wp\/v2\/pages\/9849","targetHints":{"allow":["GET"]}}],"collection":[{"href":"https:\/\/wnsites.xyz\/ilcml3\/wp-json\/wp\/v2\/pages"}],"about":[{"href":"https:\/\/wnsites.xyz\/ilcml3\/wp-json\/wp\/v2\/types\/page"}],"author":[{"embeddable":true,"href":"https:\/\/wnsites.xyz\/ilcml3\/wp-json\/wp\/v2\/users\/1"}],"replies":[{"embeddable":true,"href":"https:\/\/wnsites.xyz\/ilcml3\/wp-json\/wp\/v2\/comments?post=9849"}],"version-history":[{"count":1,"href":"https:\/\/wnsites.xyz\/ilcml3\/wp-json\/wp\/v2\/pages\/9849\/revisions"}],"predecessor-version":[{"id":9853,"href":"https:\/\/wnsites.xyz\/ilcml3\/wp-json\/wp\/v2\/pages\/9849\/revisions\/9853"}],"wp:attachment":[{"href":"https:\/\/wnsites.xyz\/ilcml3\/wp-json\/wp\/v2\/media?parent=9849"}],"curies":[{"name":"wp","href":"https:\/\/api.w.org\/{rel}","templated":true}]}}