{"id":9816,"date":"2021-09-02T16:26:06","date_gmt":"2021-09-02T15:26:06","guid":{"rendered":"https:\/\/wnsites.xyz\/ilcml3\/?page_id=9816"},"modified":"2021-11-11T19:29:14","modified_gmt":"2021-11-11T18:29:14","slug":"protocols","status":"publish","type":"page","link":"https:\/\/wnsites.xyz\/ilcml3\/en\/protocols\/","title":{"rendered":"Protocols"},"content":{"rendered":"\t\t<div data-elementor-type=\"wp-page\" data-elementor-id=\"9816\" class=\"elementor elementor-9816\">\n\t\t\t\t\t\t<section class=\"elementor-section elementor-top-section elementor-element elementor-element-35fb069 elementor-section-boxed elementor-section-height-default elementor-section-height-default\" data-id=\"35fb069\" data-element_type=\"section\">\n\t\t\t\t\t\t<div class=\"elementor-container elementor-column-gap-default\">\n\t\t\t\t\t<div class=\"elementor-column elementor-col-100 elementor-top-column elementor-element elementor-element-7f81eaa7\" data-id=\"7f81eaa7\" data-element_type=\"column\">\n\t\t\t<div class=\"elementor-widget-wrap elementor-element-populated\">\n\t\t\t\t\t\t<div class=\"elementor-element elementor-element-438057a7 elementor-widget__width-auto elementor-widget elementor-widget-heading\" data-id=\"438057a7\" data-element_type=\"widget\" data-widget_type=\"heading.default\">\n\t\t\t\t<div class=\"elementor-widget-container\">\n\t\t\t<h3 class=\"elementor-heading-title elementor-size-default\">Protocols<\/h3>\t\t<\/div>\n\t\t\t\t<\/div>\n\t\t\t\t\t<\/div>\n\t\t<\/div>\n\t\t\t\t\t<\/div>\n\t\t<\/section>\n\t\t\t\t<section class=\"elementor-section elementor-top-section elementor-element elementor-element-5afd2ac elementor-section-boxed elementor-section-height-default elementor-section-height-default\" data-id=\"5afd2ac\" data-element_type=\"section\">\n\t\t\t\t\t\t<div class=\"elementor-container elementor-column-gap-default\">\n\t\t\t\t\t<div class=\"elementor-column elementor-col-25 elementor-top-column elementor-element elementor-element-0d7629d\" data-id=\"0d7629d\" data-element_type=\"column\">\n\t\t\t<div class=\"elementor-widget-wrap elementor-element-populated\">\n\t\t\t\t\t\t<div class=\"elementor-element elementor-element-c993bdc elementor-position-top elementor-widget elementor-widget-image-box\" data-id=\"c993bdc\" data-element_type=\"widget\" data-widget_type=\"image-box.default\">\n\t\t\t\t<div class=\"elementor-widget-container\">\n\t\t\t<div class=\"elementor-image-box-wrapper\"><figure class=\"elementor-image-box-img\"><a href=\"http:\/\/www.cm-porto.pt\/\" target=\"_blank\" tabindex=\"-1\"><img fetchpriority=\"high\" decoding=\"async\" width=\"300\" height=\"300\" src=\"https:\/\/wnsites.xyz\/ilcml3\/wp-content\/uploads\/2021\/09\/cm-porto_logo.jpg\" class=\"elementor-animation-bounce-in attachment-medium size-medium wp-image-4975\" alt=\"\" srcset=\"https:\/\/wnsites.xyz\/ilcml3\/wp-content\/uploads\/2021\/09\/cm-porto_logo.jpg 300w, https:\/\/wnsites.xyz\/ilcml3\/wp-content\/uploads\/2021\/09\/cm-porto_logo-150x150.jpg 150w\" sizes=\"(max-width: 300px) 100vw, 300px\" \/><\/a><\/figure><div class=\"elementor-image-box-content\"><h4 class=\"elementor-image-box-title\"><a href=\"http:\/\/www.cm-porto.pt\/\" target=\"_blank\">C\u00e2mara Municipal do Porto<\/a><\/h4><\/div><\/div>\t\t<\/div>\n\t\t\t\t<\/div>\n\t\t\t\t\t<\/div>\n\t\t<\/div>\n\t\t\t\t<div class=\"elementor-column elementor-col-25 elementor-top-column elementor-element elementor-element-491b04c\" data-id=\"491b04c\" data-element_type=\"column\">\n\t\t\t<div class=\"elementor-widget-wrap elementor-element-populated\">\n\t\t\t\t\t\t<div class=\"elementor-element elementor-element-aa650ee elementor-position-top elementor-widget elementor-widget-image-box\" data-id=\"aa650ee\" data-element_type=\"widget\" data-widget_type=\"image-box.default\">\n\t\t\t\t<div class=\"elementor-widget-container\">\n\t\t\t<div class=\"elementor-image-box-wrapper\"><figure class=\"elementor-image-box-img\"><a href=\"http:\/\/www.cm-matosinhos.pt\/\" target=\"_blank\" tabindex=\"-1\"><img decoding=\"async\" width=\"300\" height=\"300\" src=\"https:\/\/wnsites.xyz\/ilcml3\/wp-content\/uploads\/2021\/09\/cm-matosinhos_logo.jpg\" class=\"elementor-animation-bounce-in attachment-medium size-medium wp-image-4949\" alt=\"\" srcset=\"https:\/\/wnsites.xyz\/ilcml3\/wp-content\/uploads\/2021\/09\/cm-matosinhos_logo.jpg 300w, https:\/\/wnsites.xyz\/ilcml3\/wp-content\/uploads\/2021\/09\/cm-matosinhos_logo-150x150.jpg 150w\" sizes=\"(max-width: 300px) 100vw, 300px\" \/><\/a><\/figure><div class=\"elementor-image-box-content\"><h4 class=\"elementor-image-box-title\"><a href=\"http:\/\/www.cm-matosinhos.pt\/\" target=\"_blank\">C\u00e2mara Municipal de Matosinhos<\/a><\/h4><\/div><\/div>\t\t<\/div>\n\t\t\t\t<\/div>\n\t\t\t\t\t<\/div>\n\t\t<\/div>\n\t\t\t\t<div class=\"elementor-column elementor-col-25 elementor-top-column elementor-element elementor-element-20501dc\" data-id=\"20501dc\" data-element_type=\"column\">\n\t\t\t<div class=\"elementor-widget-wrap elementor-element-populated\">\n\t\t\t\t\t\t<div class=\"elementor-element elementor-element-d731756 elementor-position-top elementor-widget elementor-widget-image-box\" data-id=\"d731756\" data-element_type=\"widget\" data-widget_type=\"image-box.default\">\n\t\t\t\t<div class=\"elementor-widget-container\">\n\t\t\t<div class=\"elementor-image-box-wrapper\"><figure class=\"elementor-image-box-img\"><a href=\"http:\/\/www.cm-gouveia.pt\/\" target=\"_blank\" tabindex=\"-1\"><img decoding=\"async\" width=\"300\" height=\"300\" src=\"https:\/\/wnsites.xyz\/ilcml3\/wp-content\/uploads\/2021\/09\/cm-gouveia_logo.jpg\" class=\"elementor-animation-bounce-in attachment-medium size-medium wp-image-4948\" alt=\"\" srcset=\"https:\/\/wnsites.xyz\/ilcml3\/wp-content\/uploads\/2021\/09\/cm-gouveia_logo.jpg 300w, https:\/\/wnsites.xyz\/ilcml3\/wp-content\/uploads\/2021\/09\/cm-gouveia_logo-150x150.jpg 150w\" sizes=\"(max-width: 300px) 100vw, 300px\" \/><\/a><\/figure><div class=\"elementor-image-box-content\"><h4 class=\"elementor-image-box-title\"><a href=\"http:\/\/www.cm-gouveia.pt\/\" target=\"_blank\">C\u00e2mara Municipal de Gouveia<\/a><\/h4><\/div><\/div>\t\t<\/div>\n\t\t\t\t<\/div>\n\t\t\t\t\t<\/div>\n\t\t<\/div>\n\t\t\t\t<div class=\"elementor-column elementor-col-25 elementor-top-column elementor-element elementor-element-7460c7a\" data-id=\"7460c7a\" data-element_type=\"column\">\n\t\t\t<div class=\"elementor-widget-wrap elementor-element-populated\">\n\t\t\t\t\t\t<div class=\"elementor-element elementor-element-9652935 elementor-position-top elementor-widget elementor-widget-image-box\" data-id=\"9652935\" data-element_type=\"widget\" data-widget_type=\"image-box.default\">\n\t\t\t\t<div class=\"elementor-widget-container\">\n\t\t\t<div class=\"elementor-image-box-wrapper\"><figure class=\"elementor-image-box-img\"><a href=\"https:\/\/www.casadamusica.com\/\" target=\"_blank\" tabindex=\"-1\"><img loading=\"lazy\" decoding=\"async\" width=\"300\" height=\"300\" src=\"https:\/\/wnsites.xyz\/ilcml3\/wp-content\/uploads\/2021\/09\/casa-da-musica_logo.jpg\" class=\"elementor-animation-bounce-in attachment-medium size-medium wp-image-4946\" alt=\"\" srcset=\"https:\/\/wnsites.xyz\/ilcml3\/wp-content\/uploads\/2021\/09\/casa-da-musica_logo.jpg 300w, https:\/\/wnsites.xyz\/ilcml3\/wp-content\/uploads\/2021\/09\/casa-da-musica_logo-150x150.jpg 150w\" sizes=\"(max-width: 300px) 100vw, 300px\" \/><\/a><\/figure><div class=\"elementor-image-box-content\"><h4 class=\"elementor-image-box-title\"><a href=\"https:\/\/www.casadamusica.com\/\" target=\"_blank\">Casa da M\u00fasica<\/a><\/h4><\/div><\/div>\t\t<\/div>\n\t\t\t\t<\/div>\n\t\t\t\t\t<\/div>\n\t\t<\/div>\n\t\t\t\t\t<\/div>\n\t\t<\/section>\n\t\t\t\t<section class=\"elementor-section elementor-top-section elementor-element elementor-element-688bcb0 elementor-section-boxed elementor-section-height-default elementor-section-height-default\" data-id=\"688bcb0\" data-element_type=\"section\">\n\t\t\t\t\t\t<div class=\"elementor-container elementor-column-gap-default\">\n\t\t\t\t\t<div class=\"elementor-column elementor-col-25 elementor-top-column elementor-element elementor-element-4aeb577\" data-id=\"4aeb577\" data-element_type=\"column\">\n\t\t\t<div class=\"elementor-widget-wrap elementor-element-populated\">\n\t\t\t\t\t\t<div class=\"elementor-element elementor-element-657eb51 elementor-position-top elementor-widget elementor-widget-image-box\" data-id=\"657eb51\" data-element_type=\"widget\" data-widget_type=\"image-box.default\">\n\t\t\t\t<div class=\"elementor-widget-container\">\n\t\t\t<div class=\"elementor-image-box-wrapper\"><figure class=\"elementor-image-box-img\"><a href=\"https:\/\/casafernandopessoa.pt\/\" target=\"_blank\" tabindex=\"-1\"><img loading=\"lazy\" decoding=\"async\" width=\"300\" height=\"300\" src=\"https:\/\/wnsites.xyz\/ilcml3\/wp-content\/uploads\/2021\/09\/cfpessoa_logo.jpg\" class=\"elementor-animation-bounce-in attachment-medium size-medium wp-image-4947\" alt=\"\" srcset=\"https:\/\/wnsites.xyz\/ilcml3\/wp-content\/uploads\/2021\/09\/cfpessoa_logo.jpg 300w, https:\/\/wnsites.xyz\/ilcml3\/wp-content\/uploads\/2021\/09\/cfpessoa_logo-150x150.jpg 150w\" sizes=\"(max-width: 300px) 100vw, 300px\" \/><\/a><\/figure><div class=\"elementor-image-box-content\"><h4 class=\"elementor-image-box-title\"><a href=\"https:\/\/casafernandopessoa.pt\/\" target=\"_blank\">Casa Fernando Pessoa<\/a><\/h4><\/div><\/div>\t\t<\/div>\n\t\t\t\t<\/div>\n\t\t\t\t\t<\/div>\n\t\t<\/div>\n\t\t\t\t<div class=\"elementor-column elementor-col-25 elementor-top-column elementor-element elementor-element-e0ea8bc\" data-id=\"e0ea8bc\" data-element_type=\"column\">\n\t\t\t<div class=\"elementor-widget-wrap elementor-element-populated\">\n\t\t\t\t\t\t<div class=\"elementor-element elementor-element-f14b0d9 elementor-position-top elementor-widget elementor-widget-image-box\" data-id=\"f14b0d9\" data-element_type=\"widget\" data-widget_type=\"image-box.default\">\n\t\t\t\t<div class=\"elementor-widget-container\">\n\t\t\t<div class=\"elementor-image-box-wrapper\"><figure class=\"elementor-image-box-img\"><a href=\"https:\/\/www.cpf.pt\" target=\"_blank\" tabindex=\"-1\"><img loading=\"lazy\" decoding=\"async\" width=\"300\" height=\"300\" src=\"https:\/\/wnsites.xyz\/ilcml3\/wp-content\/uploads\/2021\/09\/cpfotografia_logo.jpg\" class=\"elementor-animation-bounce-in attachment-medium size-medium wp-image-4951\" alt=\"\" srcset=\"https:\/\/wnsites.xyz\/ilcml3\/wp-content\/uploads\/2021\/09\/cpfotografia_logo.jpg 300w, https:\/\/wnsites.xyz\/ilcml3\/wp-content\/uploads\/2021\/09\/cpfotografia_logo-150x150.jpg 150w\" sizes=\"(max-width: 300px) 100vw, 300px\" \/><\/a><\/figure><div class=\"elementor-image-box-content\"><h4 class=\"elementor-image-box-title\"><a href=\"https:\/\/www.cpf.pt\" target=\"_blank\">Centro Portugu\u00eas de Fotografia<\/a><\/h4><\/div><\/div>\t\t<\/div>\n\t\t\t\t<\/div>\n\t\t\t\t\t<\/div>\n\t\t<\/div>\n\t\t\t\t<div class=\"elementor-column elementor-col-25 elementor-top-column elementor-element elementor-element-2bbed2c\" data-id=\"2bbed2c\" data-element_type=\"column\">\n\t\t\t<div class=\"elementor-widget-wrap elementor-element-populated\">\n\t\t\t\t\t\t<div class=\"elementor-element elementor-element-4a392c8 elementor-position-top elementor-widget elementor-widget-image-box\" data-id=\"4a392c8\" data-element_type=\"widget\" data-widget_type=\"image-box.default\">\n\t\t\t\t<div class=\"elementor-widget-container\">\n\t\t\t<div class=\"elementor-image-box-wrapper\"><figure class=\"elementor-image-box-img\"><a href=\"https:\/\/www.serralves.pt\" target=\"_blank\" tabindex=\"-1\"><img loading=\"lazy\" decoding=\"async\" width=\"300\" height=\"300\" src=\"https:\/\/wnsites.xyz\/ilcml3\/wp-content\/uploads\/2021\/09\/serralves_logo.jpg\" class=\"elementor-animation-bounce-in attachment-medium size-medium wp-image-4953\" alt=\"\" srcset=\"https:\/\/wnsites.xyz\/ilcml3\/wp-content\/uploads\/2021\/09\/serralves_logo.jpg 300w, https:\/\/wnsites.xyz\/ilcml3\/wp-content\/uploads\/2021\/09\/serralves_logo-150x150.jpg 150w\" sizes=\"(max-width: 300px) 100vw, 300px\" \/><\/a><\/figure><div class=\"elementor-image-box-content\"><h4 class=\"elementor-image-box-title\"><a href=\"https:\/\/www.serralves.pt\" target=\"_blank\">Funda\u00e7\u00e3o de Serralves<\/a><\/h4><\/div><\/div>\t\t<\/div>\n\t\t\t\t<\/div>\n\t\t\t\t\t<\/div>\n\t\t<\/div>\n\t\t\t\t<div class=\"elementor-column elementor-col-25 elementor-top-column elementor-element elementor-element-8331f84\" data-id=\"8331f84\" data-element_type=\"column\">\n\t\t\t<div class=\"elementor-widget-wrap elementor-element-populated\">\n\t\t\t\t\t\t<div class=\"elementor-element elementor-element-fb9b089 elementor-position-top elementor-widget elementor-widget-image-box\" data-id=\"fb9b089\" data-element_type=\"widget\" data-widget_type=\"image-box.default\">\n\t\t\t\t<div class=\"elementor-widget-container\">\n\t\t\t<div class=\"elementor-image-box-wrapper\"><figure class=\"elementor-image-box-img\"><a href=\"http:\/\/www.museusoaresdosreis.gov.pt\/\" target=\"_blank\" tabindex=\"-1\"><img loading=\"lazy\" decoding=\"async\" width=\"300\" height=\"300\" src=\"https:\/\/wnsites.xyz\/ilcml3\/wp-content\/uploads\/2021\/09\/museu-soares-dos-reis_logo.jpg\" class=\"elementor-animation-bounce-in attachment-medium size-medium wp-image-4952\" alt=\"\" srcset=\"https:\/\/wnsites.xyz\/ilcml3\/wp-content\/uploads\/2021\/09\/museu-soares-dos-reis_logo.jpg 300w, https:\/\/wnsites.xyz\/ilcml3\/wp-content\/uploads\/2021\/09\/museu-soares-dos-reis_logo-150x150.jpg 150w\" sizes=\"(max-width: 300px) 100vw, 300px\" \/><\/a><\/figure><div class=\"elementor-image-box-content\"><h4 class=\"elementor-image-box-title\"><a href=\"http:\/\/www.museusoaresdosreis.gov.pt\/\" target=\"_blank\">Museu Soares dos Reis<\/a><\/h4><\/div><\/div>\t\t<\/div>\n\t\t\t\t<\/div>\n\t\t\t\t\t<\/div>\n\t\t<\/div>\n\t\t\t\t\t<\/div>\n\t\t<\/section>\n\t\t\t\t<section class=\"elementor-section elementor-top-section elementor-element elementor-element-8cb671c elementor-section-boxed elementor-section-height-default elementor-section-height-default\" data-id=\"8cb671c\" data-element_type=\"section\">\n\t\t\t\t\t\t<div class=\"elementor-container elementor-column-gap-default\">\n\t\t\t\t\t<div class=\"elementor-column elementor-col-25 elementor-top-column elementor-element elementor-element-be1b2d6\" data-id=\"be1b2d6\" data-element_type=\"column\">\n\t\t\t<div class=\"elementor-widget-wrap elementor-element-populated\">\n\t\t\t\t\t\t<div class=\"elementor-element elementor-element-4f0bf13 elementor-position-top elementor-widget elementor-widget-image-box\" data-id=\"4f0bf13\" data-element_type=\"widget\" data-widget_type=\"image-box.default\">\n\t\t\t\t<div class=\"elementor-widget-container\">\n\t\t\t<div class=\"elementor-image-box-wrapper\"><figure class=\"elementor-image-box-img\"><a href=\"http:\/\/www.tnsj.pt\/\" target=\"_blank\" tabindex=\"-1\"><img loading=\"lazy\" decoding=\"async\" width=\"300\" height=\"300\" src=\"https:\/\/wnsites.xyz\/ilcml3\/wp-content\/uploads\/2021\/09\/tnsj_logo.jpg\" class=\"elementor-animation-bounce-in attachment-medium size-medium wp-image-4954\" alt=\"\" srcset=\"https:\/\/wnsites.xyz\/ilcml3\/wp-content\/uploads\/2021\/09\/tnsj_logo.jpg 300w, https:\/\/wnsites.xyz\/ilcml3\/wp-content\/uploads\/2021\/09\/tnsj_logo-150x150.jpg 150w\" sizes=\"(max-width: 300px) 100vw, 300px\" \/><\/a><\/figure><div class=\"elementor-image-box-content\"><h4 class=\"elementor-image-box-title\"><a href=\"http:\/\/www.tnsj.pt\/\" target=\"_blank\">Teatro Nacional S\u00e3o Jo\u00e3o<\/a><\/h4><\/div><\/div>\t\t<\/div>\n\t\t\t\t<\/div>\n\t\t\t\t\t<\/div>\n\t\t<\/div>\n\t\t\t\t<div class=\"elementor-column elementor-col-25 elementor-top-column elementor-element elementor-element-415e8e5\" data-id=\"415e8e5\" data-element_type=\"column\">\n\t\t\t<div class=\"elementor-widget-wrap\">\n\t\t\t\t\t\t\t<\/div>\n\t\t<\/div>\n\t\t\t\t<div class=\"elementor-column elementor-col-25 elementor-top-column elementor-element elementor-element-3a842d4\" data-id=\"3a842d4\" data-element_type=\"column\">\n\t\t\t<div class=\"elementor-widget-wrap\">\n\t\t\t\t\t\t\t<\/div>\n\t\t<\/div>\n\t\t\t\t<div class=\"elementor-column elementor-col-25 elementor-top-column elementor-element elementor-element-591a022\" data-id=\"591a022\" data-element_type=\"column\">\n\t\t\t<div class=\"elementor-widget-wrap\">\n\t\t\t\t\t\t\t<\/div>\n\t\t<\/div>\n\t\t\t\t\t<\/div>\n\t\t<\/section>\n\t\t\t\t<section class=\"elementor-section elementor-top-section elementor-element elementor-element-dd1d310 elementor-section-boxed elementor-section-height-default elementor-section-height-default\" data-id=\"dd1d310\" data-element_type=\"section\">\n\t\t\t\t\t\t<div class=\"elementor-container elementor-column-gap-default\">\n\t\t\t\t\t<div class=\"elementor-column elementor-col-100 elementor-top-column elementor-element elementor-element-1105b94\" data-id=\"1105b94\" data-element_type=\"column\">\n\t\t\t<div class=\"elementor-widget-wrap elementor-element-populated\">\n\t\t\t\t\t\t<div class=\"elementor-element elementor-element-222c20f elementor-widget elementor-widget-spacer\" data-id=\"222c20f\" data-element_type=\"widget\" data-widget_type=\"spacer.default\">\n\t\t\t\t<div class=\"elementor-widget-container\">\n\t\t\t\t\t<div class=\"elementor-spacer\">\n\t\t\t<div class=\"elementor-spacer-inner\"><\/div>\n\t\t<\/div>\n\t\t\t\t<\/div>\n\t\t\t\t<\/div>\n\t\t\t\t\t<\/div>\n\t\t<\/div>\n\t\t\t\t\t<\/div>\n\t\t<\/section>\n\t\t\t\t<\/div>\n\t\t","protected":false},"excerpt":{"rendered":"<p>Protocols C\u00e2mara Municipal do Porto C\u00e2mara Municipal de Matosinhos C\u00e2mara Municipal de Gouveia Casa da M\u00fasica Casa Fernando Pessoa Centro Portugu\u00eas de Fotografia Funda\u00e7\u00e3o de Serralves Museu Soares dos Reis Teatro Nacional S\u00e3o Jo\u00e3o<\/p>\n","protected":false},"author":1,"featured_media":0,"parent":0,"menu_order":0,"comment_status":"closed","ping_status":"closed","template":"","meta":{"footnotes":""},"class_list":["post-9816","page","type-page","status-publish","hentry"],"_links":{"self":[{"href":"https:\/\/wnsites.xyz\/ilcml3\/wp-json\/wp\/v2\/pages\/9816","targetHints":{"allow":["GET"]}}],"collection":[{"href":"https:\/\/wnsites.xyz\/ilcml3\/wp-json\/wp\/v2\/pages"}],"about":[{"href":"https:\/\/wnsites.xyz\/ilcml3\/wp-json\/wp\/v2\/types\/page"}],"author":[{"embeddable":true,"href":"https:\/\/wnsites.xyz\/ilcml3\/wp-json\/wp\/v2\/users\/1"}],"replies":[{"embeddable":true,"href":"https:\/\/wnsites.xyz\/ilcml3\/wp-json\/wp\/v2\/comments?post=9816"}],"version-history":[{"count":1,"href":"https:\/\/wnsites.xyz\/ilcml3\/wp-json\/wp\/v2\/pages\/9816\/revisions"}],"predecessor-version":[{"id":9820,"href":"https:\/\/wnsites.xyz\/ilcml3\/wp-json\/wp\/v2\/pages\/9816\/revisions\/9820"}],"wp:attachment":[{"href":"https:\/\/wnsites.xyz\/ilcml3\/wp-json\/wp\/v2\/media?parent=9816"}],"curies":[{"name":"wp","href":"https:\/\/api.w.org\/{rel}","templated":true}]}}