{"id":9793,"date":"2021-09-03T20:11:01","date_gmt":"2021-09-03T19:11:01","guid":{"rendered":"https:\/\/wnsites.xyz\/ilcml3\/?page_id=9793"},"modified":"2021-11-11T19:20:48","modified_gmt":"2021-11-11T18:20:48","slug":"intersexualities","status":"publish","type":"page","link":"https:\/\/wnsites.xyz\/ilcml3\/en\/intersexualities\/","title":{"rendered":"Intersexualities"},"content":{"rendered":"\t\t<div data-elementor-type=\"wp-page\" data-elementor-id=\"9793\" class=\"elementor elementor-9793\">\n\t\t\t\t\t\t<section class=\"elementor-section elementor-top-section elementor-element elementor-element-2054c709 elementor-section-boxed elementor-section-height-default elementor-section-height-default\" data-id=\"2054c709\" data-element_type=\"section\">\n\t\t\t\t\t\t<div class=\"elementor-container elementor-column-gap-default\">\n\t\t\t\t\t<div class=\"elementor-column elementor-col-100 elementor-top-column elementor-element elementor-element-4ce0917c\" data-id=\"4ce0917c\" data-element_type=\"column\">\n\t\t\t<div class=\"elementor-widget-wrap elementor-element-populated\">\n\t\t\t\t\t\t<div class=\"elementor-element elementor-element-74f86b5f elementor-widget__width-auto elementor-widget elementor-widget-heading\" data-id=\"74f86b5f\" data-element_type=\"widget\" data-widget_type=\"heading.default\">\n\t\t\t\t<div class=\"elementor-widget-container\">\n\t\t\t<h3 class=\"elementor-heading-title elementor-size-default\">Intersexualities<\/h3>\t\t<\/div>\n\t\t\t\t<\/div>\n\t\t\t\t\t<\/div>\n\t\t<\/div>\n\t\t\t\t\t<\/div>\n\t\t<\/section>\n\t\t\t\t<section class=\"elementor-section elementor-top-section elementor-element elementor-element-726b3ac9 elementor-section-boxed elementor-section-height-default elementor-section-height-default elementor-invisible\" data-id=\"726b3ac9\" data-element_type=\"section\" data-settings=\"{&quot;animation&quot;:&quot;h-neuron-animation--slideFromRight&quot;}\">\n\t\t\t\t\t\t<div class=\"elementor-container elementor-column-gap-default\">\n\t\t\t\t\t<div class=\"elementor-column elementor-col-66 elementor-top-column elementor-element elementor-element-d18fd95\" data-id=\"d18fd95\" data-element_type=\"column\">\n\t\t\t<div class=\"elementor-widget-wrap elementor-element-populated\">\n\t\t\t\t\t\t<div class=\"elementor-element elementor-element-77dffa71 elementor-widget elementor-widget-text-editor\" data-id=\"77dffa71\" data-element_type=\"widget\" data-widget_type=\"text-editor.default\">\n\t\t\t\t<div class=\"elementor-widget-container\">\n\t\t\t\t\t\t\t<p>O grupo INTERSEXUALIDADES tem vindo a desenvolver uma reflex\u00e3o cr\u00edtica sobre a pol\u00edtica e as rela\u00e7\u00f5es de poder a partir das perspetivas fornecidas pelas teorias contempor\u00e2neas sobre o G\u00c9NERO, O SEXO E AS SEXUALIDADES, favorecendo uma abordagem intersecional da categoria de g\u00e9nero, cruzada com quest\u00f5es de ra\u00e7a, classe, sexualidade ou nacionalidade.<\/p><p>Usando ferramentas te\u00f3ricas dos Estudos Feministas, Estudos de G\u00e9nero, Teoria Queer, Estudos do P\u00f3s-humano, Estudos da Utopia, Estudos da Alimenta\u00e7\u00e3o, Estudos do Envelhecimento, Estudos de Teatro e Estudos do Gesto, em articula\u00e7\u00e3o com outras \u00e1reas de saber, como a F\u00edsica Te\u00f3rica ou o Direito, este grupo de investigadores pretende continuar a promover o debate em torno das POL\u00cdTICAS DE INCLUS\u00c3O e da ideia de COMUNIDADES (sejam ela sociais, nacionais, liter\u00e1rias ou cient\u00edficas).<\/p>\t\t\t\t\t\t<\/div>\n\t\t\t\t<\/div>\n\t\t\t\t\t<\/div>\n\t\t<\/div>\n\t\t\t\t<div class=\"elementor-column elementor-col-33 elementor-top-column elementor-element elementor-element-a5681cd\" data-id=\"a5681cd\" data-element_type=\"column\">\n\t\t\t<div class=\"elementor-widget-wrap\">\n\t\t\t\t\t\t\t<\/div>\n\t\t<\/div>\n\t\t\t\t\t<\/div>\n\t\t<\/section>\n\t\t\t\t<section class=\"elementor-section elementor-top-section elementor-element elementor-element-6e59056 elementor-section-boxed elementor-section-height-default elementor-section-height-default elementor-invisible\" data-id=\"6e59056\" data-element_type=\"section\" data-settings=\"{&quot;animation&quot;:&quot;h-neuron-animation--slideFromLeft&quot;}\">\n\t\t\t\t\t\t<div class=\"elementor-container elementor-column-gap-default\">\n\t\t\t\t\t<div class=\"elementor-column elementor-col-33 elementor-top-column elementor-element elementor-element-58e56bdd\" data-id=\"58e56bdd\" data-element_type=\"column\">\n\t\t\t<div class=\"elementor-widget-wrap\">\n\t\t\t\t\t\t\t<\/div>\n\t\t<\/div>\n\t\t\t\t<div class=\"elementor-column elementor-col-66 elementor-top-column elementor-element elementor-element-8d98e6f\" data-id=\"8d98e6f\" data-element_type=\"column\">\n\t\t\t<div class=\"elementor-widget-wrap elementor-element-populated\">\n\t\t\t\t\t\t<div class=\"elementor-element elementor-element-520c215 elementor-widget elementor-widget-image\" data-id=\"520c215\" data-element_type=\"widget\" data-widget_type=\"image.default\">\n\t\t\t\t<div class=\"elementor-widget-container\">\n\t\t\t\t\t\t\t\t\t\t\t\t\t<img fetchpriority=\"high\" decoding=\"async\" width=\"1024\" height=\"341\" src=\"https:\/\/wnsites.xyz\/ilcml3\/wp-content\/uploads\/2021\/09\/grupo-intersexualidades-copy-1024x341.jpg\" class=\"attachment-large size-large wp-image-5121\" alt=\"grupo-intersexualidades\" srcset=\"https:\/\/wnsites.xyz\/ilcml3\/wp-content\/uploads\/2021\/09\/grupo-intersexualidades-copy-1024x341.jpg 1024w, https:\/\/wnsites.xyz\/ilcml3\/wp-content\/uploads\/2021\/09\/grupo-intersexualidades-copy-300x100.jpg 300w, https:\/\/wnsites.xyz\/ilcml3\/wp-content\/uploads\/2021\/09\/grupo-intersexualidades-copy-768x256.jpg 768w, https:\/\/wnsites.xyz\/ilcml3\/wp-content\/uploads\/2021\/09\/grupo-intersexualidades-copy.jpg 1200w\" sizes=\"(max-width: 1024px) 100vw, 1024px\" \/>\t\t\t\t\t\t\t\t\t\t\t\t\t<\/div>\n\t\t\t\t<\/div>\n\t\t\t\t\t<\/div>\n\t\t<\/div>\n\t\t\t\t\t<\/div>\n\t\t<\/section>\n\t\t\t\t<section class=\"elementor-section elementor-top-section elementor-element elementor-element-52bc3ad8 elementor-section-boxed elementor-section-height-default elementor-section-height-default\" data-id=\"52bc3ad8\" data-element_type=\"section\">\n\t\t\t\t\t\t<div class=\"elementor-container elementor-column-gap-default\">\n\t\t\t\t\t<div class=\"elementor-column elementor-col-66 elementor-top-column elementor-element elementor-element-71fcca88\" data-id=\"71fcca88\" data-element_type=\"column\">\n\t\t\t<div class=\"elementor-widget-wrap elementor-element-populated\">\n\t\t\t\t\t\t<div class=\"elementor-element elementor-element-1690069c elementor-invisible elementor-widget elementor-widget-heading\" data-id=\"1690069c\" data-element_type=\"widget\" data-settings=\"{&quot;_animation&quot;:&quot;h-neuron-animation--slideFromRight&quot;,&quot;_animation_delay&quot;:200}\" data-widget_type=\"heading.default\">\n\t\t\t\t<div class=\"elementor-widget-container\">\n\t\t\t<h2 class=\"elementor-heading-title elementor-size-default\">Objetivos<\/h2>\t\t<\/div>\n\t\t\t\t<\/div>\n\t\t\t\t<div class=\"elementor-element elementor-element-1323c79a elementor-invisible elementor-widget elementor-widget-text-editor\" data-id=\"1323c79a\" data-element_type=\"widget\" data-settings=\"{&quot;_animation&quot;:&quot;h-neuron-animation--slideFromRight&quot;,&quot;_animation_delay&quot;:400}\" data-widget_type=\"text-editor.default\">\n\t\t\t\t<div class=\"elementor-widget-container\">\n\t\t\t\t\t\t\t<ul><li><p>desenvolver o cruzamento entre a literatura e \u00e1reas cient\u00edficas, como a F\u00edsica, o Direito ou a Medicina, enquanto formas de estudar as pol\u00edticas do corpo e do texto, e as suas metamorfoses (tamb\u00e9m no espa\u00e7o c\u00e9nico);<\/p><\/li><li><p>pensar as rela\u00e7\u00f5es pol\u00edticas e de poder que informam a investiga\u00e7\u00e3o desenvolvida na literatura e na ci\u00eancia, a partir de teorias cr\u00edticas que problematizam o sexo, o g\u00e9nero e as sexualidades;<\/p><\/li><li><p>tratar o corpo biol\u00f3gico (geneticamente modificado), o corpo jur\u00eddico e o corpo social e a rela\u00e7\u00e3o entre corpo, texto, comunidades e tempo(s);<\/p><\/li><li><p>considerar a constru\u00e7\u00e3o e a desconstru\u00e7\u00e3o das identidades a partir das recentes teorias sobre as sexualidades;<\/p><\/li><li>considerar imagin\u00e1rios ut\u00f3picos e p\u00f3s-humanos, bem como figura\u00e7\u00f5es sustent\u00e1veis do futuro;<\/li><li>expandir a base de dados <strong><a href=\"https:\/\/shethoughtit.ilcml.com\">She Thought it: Crossing Bodies in Sciences and Arts<\/a><\/strong>.<\/li><\/ul>\t\t\t\t\t\t<\/div>\n\t\t\t\t<\/div>\n\t\t\t\t\t<\/div>\n\t\t<\/div>\n\t\t\t\t<div class=\"elementor-column elementor-col-33 elementor-top-column elementor-element elementor-element-272f48c9\" data-id=\"272f48c9\" data-element_type=\"column\">\n\t\t\t<div class=\"elementor-widget-wrap\">\n\t\t\t\t\t\t\t<\/div>\n\t\t<\/div>\n\t\t\t\t\t<\/div>\n\t\t<\/section>\n\t\t\t\t<section class=\"elementor-section elementor-top-section elementor-element elementor-element-53a20239 elementor-section-boxed elementor-section-height-default elementor-section-height-default\" data-id=\"53a20239\" data-element_type=\"section\" data-settings=\"{&quot;background_background&quot;:&quot;classic&quot;}\">\n\t\t\t\t\t\t<div class=\"elementor-container elementor-column-gap-default\">\n\t\t\t\t\t<div class=\"elementor-column elementor-col-33 elementor-top-column elementor-element elementor-element-735dc1e9\" data-id=\"735dc1e9\" data-element_type=\"column\">\n\t\t\t<div class=\"elementor-widget-wrap\">\n\t\t\t\t\t\t\t<\/div>\n\t\t<\/div>\n\t\t\t\t<div class=\"elementor-column elementor-col-66 elementor-top-column elementor-element elementor-element-69dda9fd\" data-id=\"69dda9fd\" data-element_type=\"column\">\n\t\t\t<div class=\"elementor-widget-wrap elementor-element-populated\">\n\t\t\t\t\t\t<div class=\"elementor-element elementor-element-1cc7ad1b elementor-invisible elementor-widget elementor-widget-heading\" data-id=\"1cc7ad1b\" data-element_type=\"widget\" data-settings=\"{&quot;_animation&quot;:&quot;h-neuron-animation--slideFromRight&quot;,&quot;_animation_delay&quot;:200}\" data-widget_type=\"heading.default\">\n\t\t\t\t<div class=\"elementor-widget-container\">\n\t\t\t<h2 class=\"elementor-heading-title elementor-size-default\">Quest\u00f5es de investiga\u00e7\u00e3o<\/h2>\t\t<\/div>\n\t\t\t\t<\/div>\n\t\t\t\t<div class=\"elementor-element elementor-element-55d3cd6a elementor-invisible elementor-widget elementor-widget-text-editor\" data-id=\"55d3cd6a\" data-element_type=\"widget\" data-settings=\"{&quot;_animation&quot;:&quot;h-neuron-animation--slideFromRight&quot;,&quot;_animation_delay&quot;:400}\" data-widget_type=\"text-editor.default\">\n\t\t\t\t<div class=\"elementor-widget-container\">\n\t\t\t\t\t\t\t<ul>\n<li>O que \u00e9 a identidade? O que \u00e9 a identidade sexual?<\/li>\n<li>Que corpos \u201cinteressam\u201d e que corpos s\u00e3o exclu\u00eddos da no\u00e7\u00e3o de materialidade (seja ela f\u00edsica, cient\u00edfica ou liter\u00e1ria)?<\/li>\n<li>Quem tem voz e quem n\u00e3o a tem?<\/li>\n<li>Quais s\u00e3o as fronteiras institu\u00eddas entre g\u00e9neros e sexos, ci\u00eancia e literatura, local e global, e quem ou o qu\u00ea os define e legitima?<\/li>\n<li>Como podemos fomentar o di\u00e1logo entre campos disciplinares diferentes (nomeadamente, entre a Literatura e as Ci\u00eancias)?<\/li>\n<\/ul>\t\t\t\t\t\t<\/div>\n\t\t\t\t<\/div>\n\t\t\t\t\t<\/div>\n\t\t<\/div>\n\t\t\t\t\t<\/div>\n\t\t<\/section>\n\t\t\t\t<section class=\"elementor-section elementor-top-section elementor-element elementor-element-36158db8 elementor-section-boxed elementor-section-height-default elementor-section-height-default elementor-invisible\" data-id=\"36158db8\" data-element_type=\"section\" data-settings=\"{&quot;animation&quot;:&quot;h-neuron-animation--slideFromRight&quot;}\">\n\t\t\t\t\t\t<div class=\"elementor-container elementor-column-gap-default\">\n\t\t\t\t\t<div class=\"elementor-column elementor-col-66 elementor-top-column elementor-element elementor-element-2f6c6769\" data-id=\"2f6c6769\" data-element_type=\"column\">\n\t\t\t<div class=\"elementor-widget-wrap elementor-element-populated\">\n\t\t\t\t\t\t<div class=\"elementor-element elementor-element-25294c06 elementor-widget elementor-widget-text-editor\" data-id=\"25294c06\" data-element_type=\"widget\" data-widget_type=\"text-editor.default\">\n\t\t\t\t<div class=\"elementor-widget-container\">\n\t\t\t\t\t\t\t<p><strong>Coordena\u00e7\u00e3o<\/strong>: <a href=\"https:\/\/ilcml.tk\/membros\/marinela-freitas\/\">Marinela Freitas<\/a><\/p>\t\t\t\t\t\t<\/div>\n\t\t\t\t<\/div>\n\t\t\t\t<div class=\"elementor-element elementor-element-5327c20 elementor-tabs-view-horizontal elementor-widget elementor-widget-tabs\" data-id=\"5327c20\" data-element_type=\"widget\" data-widget_type=\"tabs.default\">\n\t\t\t\t<div class=\"elementor-widget-container\">\n\t\t\t\t\t<div class=\"elementor-tabs\">\n\t\t\t<div class=\"elementor-tabs-wrapper\" role=\"tablist\" >\n\t\t\t\t\t\t\t\t\t<div id=\"elementor-tab-title-8711\" class=\"elementor-tab-title elementor-tab-desktop-title\" aria-selected=\"true\" data-tab=\"1\" role=\"tab\" tabindex=\"0\" aria-controls=\"elementor-tab-content-8711\" aria-expanded=\"false\">Equipa<\/div>\n\t\t\t\t\t\t\t\t\t<div id=\"elementor-tab-title-8712\" class=\"elementor-tab-title elementor-tab-desktop-title\" aria-selected=\"false\" data-tab=\"2\" role=\"tab\" tabindex=\"-1\" aria-controls=\"elementor-tab-content-8712\" aria-expanded=\"false\">Atividades<\/div>\n\t\t\t\t\t\t\t<\/div>\n\t\t\t<div class=\"elementor-tabs-content-wrapper\" role=\"tablist\" aria-orientation=\"vertical\">\n\t\t\t\t\t\t\t\t\t<div class=\"elementor-tab-title elementor-tab-mobile-title\" aria-selected=\"true\" data-tab=\"1\" role=\"tab\" tabindex=\"0\" aria-controls=\"elementor-tab-content-8711\" aria-expanded=\"false\">Equipa<\/div>\n\t\t\t\t\t<div id=\"elementor-tab-content-8711\" class=\"elementor-tab-content elementor-clearfix\" data-tab=\"1\" role=\"tabpanel\" aria-labelledby=\"elementor-tab-title-8711\" tabindex=\"0\" hidden=\"false\"><h5>MEMBROS INTEGRADOS<\/h5><p><a href=\"https:\/\/ilcml.tk\/membros\/ana-luisa-amaral\/\">Ana Lu\u00edsa Amaral<\/a> (Univ. Porto)<br \/><a href=\"https:\/\/ilcml.tk\/membros\/joao-paulo-guimaraes\/\">Jo\u00e3o Paulo Guimar\u00e3es<\/a> (Univ. Porto)<br \/><a href=\"https:\/\/ilcml.tk\/membros\/jose-eduardo-reis\/\">Jos\u00e9 Eduardo Reis<\/a> (UTAD)<br \/><a href=\"https:\/\/ilcml.tk\/membros\/maria-de-lurdes-sampaio\/\">Maria de Lurdes Sampaio<\/a> (Univ. Porto)<br \/><a href=\"https:\/\/ilcml.tk\/membros\/marinela-freitas\/\">Marinela Freitas<\/a> (Univ. Porto)<br \/><a href=\"https:\/\/ilcml.tk\/membros\/rosa-maria-martelo\/\">Rosa Maria Martelo<\/a> (Univ. Porto)<\/p><h5>\u00a0<\/h5><h5>COLABORADORES<\/h5><p><strong>Portugal<\/strong><\/p><p><a href=\"https:\/\/ilcml.tk\/membros\/ana-gabriela-macedo\/\">Ana Gabriela Macedo<\/a> (Univ. Minho)<br \/><a href=\"https:\/\/ilcml.tk\/membros\/daniel-floquet\/\">Daniel Floquet<\/a> (Univ. Porto)<br \/><a href=\"https:\/\/ilcml.tk\/membros\/fernando-batista\/\">Fernando Teixeira Batista<\/a><br \/><a href=\"https:\/\/ilcml.tk\/membros\/graca-capinha\/\">Gra\u00e7a Capinha<\/a> (Univ. Coimbra)<br \/><a href=\"https:\/\/ilcml.tk\/membros\/helena-pereira-de-melo\/\">Helena Pereira de Melo<\/a> (Univ. Nova de Lisboa)<br \/><a href=\"https:\/\/ilcml.tk\/membros\/helena-topa-valentim\/\">Helena Virginia Topa<\/a> (Univ. Nova de Lisboa)<br \/><a href=\"https:\/\/ilcml.tk\/membros\/isabel-caldeira\/\">Isabel Caldeira<\/a> (Univ. Coimbra)<br \/><a href=\"https:\/\/ilcml.tk\/membros\/isabel-galhano\/\">Isabel Galhano<\/a> (Univ. Porto)<br \/><a href=\"https:\/\/ilcml.tk\/membros\/joana-espain-oliveira\/\">Joana Espain Oliveira<\/a> (Univ. Porto)<br \/><a href=\"https:\/\/ilcml.tk\/membros\/maria-clara-loureiro-borges-paulino\/\">Maria Clara Paulino<\/a> (Univ. Porto\/Winthrop Univ.)<br \/><a href=\"https:\/\/ilcml.tk\/membros\/maria-da-conceicao-ruivo\/\">Maria da Concei\u00e7\u00e3o Ruivo<\/a> (Univ. Coimbra)<br \/><a href=\"https:\/\/ilcml.tk\/membros\/fatima-vieira\/\">Maria de F\u00e1tima Vieira<\/a> (Univ. Porto)<br \/><a href=\"https:\/\/ilcml.tk\/membros\/maria-luisa-taborda-santiago\/\">Maria Lu\u00edsa Taborda Santiago<\/a> (Univ. Porto)<br \/><a href=\"https:\/\/ilcml.tk\/membros\/mariana-cepeda\/\">Mariana Cepeda de Mendon\u00e7a<\/a><br \/><a href=\"https:\/\/ilcml.tk\/membros\/marta-correia\/\">Marta Correia<\/a> (Univ. Porto)<\/p><p><strong><br \/>Brasil<\/strong><\/p><p><a href=\"https:\/\/ilcml.tk\/membros\/djalma-thurler\/\">Djalma Th\u00fcrler<\/a> (UFBA)<br \/><a href=\"https:\/\/ilcml.tk\/membros\/emerson-inacio\/\">Emerson In\u00e1cio<\/a> (USP)<br \/><a href=\"https:\/\/ilcml.tk\/membros\/jorge-fernandes-da-silveira\/\">Jorge Fernandes da Silveira<\/a> (UFRJ)<br \/><a href=\"https:\/\/ilcml.tk\/membros\/jose-horacio-de-almeida-nascimento-costa\/\">Hor\u00e1cio Costa<\/a> (USP)<br \/><a href=\"https:\/\/ilcml.tk\/membros\/mario-cesar-lugarinho\/\">M\u00e1rio C\u00e9sar Lugarinho<\/a> (USP)<br \/><a href=\"https:\/\/ilcml.tk\/membros\/maximiliano-gomes-torres\/\">Maximiliano Gomes Torres<\/a> (UERJ)<br \/><a href=\"https:\/\/ilcml.tk\/membros\/paulo-cesar-souza-garcia\/\">Paulo C\u00e9sar Souza Garc\u00eda<\/a> (UNEB)<br \/><a href=\"https:\/\/ilcml.tk\/membros\/rosana-cassia-kamita\/\">Rosana C\u00e1ssia Kamita<\/a> (UFSC)<br \/><a href=\"https:\/\/ilcml.tk\/membros\/simone-pereira-schmidt\/\">Simone Pereira Schmidt<\/a> (UFSC)<br \/><a href=\"https:\/\/ilcml.tk\/membros\/tatiana-pequeno\/\">Tatiana Pequeno<\/a> (UFF)<\/p><p><strong><br \/>Espanha<\/strong><\/p><p><a href=\"https:\/\/ilcml.tk\/membros\/elena-losada-soler\/\">Elena Losada Soler<\/a> (Univ. Barcelona)<\/p><p><strong><br \/>E.U.A.<\/strong><\/p><p><a href=\"https:\/\/ilcml.tk\/membros\/anna-m-klobucka\/\">Anna M. Klobucka<\/a> (Univ. Massachusetts Dartmouth)<br \/><a href=\"https:\/\/ilcml.tk\/membros\/ines-lima\/\">In\u00eas Lima<\/a> (Univ. Estadual da Calif\u00f3rnia, Fresno)<br \/><a href=\"https:\/\/ilcml.tk\/membros\/luiz-fernando-valente\/\">Luiz Fernando Valente<\/a> (Univ. Brown)<\/p><p><strong><br \/>Fran\u00e7a<\/strong><\/p><p><a href=\"https:\/\/ilcml.tk\/membros\/alexandra-moreira-da-silva\/\">Alexandra Moreira da Silva<\/a> (Univ. Sorbonne Nouvelle-Paris 3)<br \/><a href=\"https:\/\/ilcml.tk\/membros\/catherine-dumas\/\">Catherine Dumas<\/a> (Univ. Sorbonne Nouvelle-Paris 3)<br \/><a href=\"https:\/\/ilcml.tk\/membros\/daniel-rodrigues\/\">Daniel Rodrigues<\/a> (Univ. Clermont Auvergne)<br \/><a href=\"https:\/\/ilcml.tk\/membros\/fernando-curopos\/\">Fernando Manuel Curopos<\/a> (Sorbonne Universit\u00e9)<br \/><a href=\"https:\/\/ilcml.tk\/membros\/karina-marques\/\">Karina Marques<\/a> (Univ.de Poitiers)<br \/><a href=\"https:\/\/ilcml.tk\/membros\/maria-araujo-da-silva\/\">Maria Ara\u00fajo da Silva<\/a> (Sorbonne Universit\u00e9)<\/p><p><strong><br \/>It\u00e1lia<\/strong><\/p><p><a href=\"https:\/\/ilcml.tk\/membros\/francesca-de-rosa\/\">Francesca de Rosa<\/a> (Univ. Napoli \u201cL\u2019Orientale\u201d)<br \/><a href=\"https:\/\/ilcml.tk\/membros\/livia-apa\/\">Livia Apa<\/a> (CESAc-Unior, N\u00e1poles)<\/p><p><strong><br \/>Reino Unido<\/strong><\/p><p><a href=\"https:\/\/ilcml.tk\/membros\/ana-margarida-martins\/\">Ana Margarida Martins<\/a> (Univ. Exeter)<br \/><a href=\"https:\/\/ilcml.tk\/membros\/claire-elisabeth-williams\/\">Claire Elisabeth Williams<\/a> (Univ. Oxford)<br \/><a href=\"https:\/\/ilcml.tk\/membros\/claudia-pazos-alonso\/\">Claudia Pazos-Alonso<\/a> (Univ. Oxford)<br \/><a href=\"https:\/\/ilcml.tk\/membros\/fernando-beleza\/\">Fernando Beleza<\/a> (Newcastle Univ.)<br \/><a href=\"https:\/\/ilcml.tk\/membros\/hilary-owen\/\">Hilary Owen<\/a> (Univ. Manchester)<br \/><a href=\"https:\/\/ilcml.tk\/membros\/loredana-polezzi\/\">Loredana Polezzi<\/a> (Cardiff Univ.)<br \/><a href=\"https:\/\/ilcml.tk\/membros\/lorna-marie-kirkby\/\">Lorna Marie Kirkby<\/a> (Univ. Nottingham)<br \/><a href=\"https:\/\/ilcml.tk\/membros\/peter-haysom\/\">Peter Haysom<\/a> (Univ. Nottingham)<\/p><p><strong><br \/>Su\u00e9cia<\/strong><\/p><p><a href=\"https:\/\/ilcml.tk\/membros\/chatarina-edfeldt\/\">Chatarina Edfeldt<\/a> (Dalarna Univ.)<\/p><\/div>\n\t\t\t\t\t\t\t\t\t<div class=\"elementor-tab-title elementor-tab-mobile-title\" aria-selected=\"false\" data-tab=\"2\" role=\"tab\" tabindex=\"-1\" aria-controls=\"elementor-tab-content-8712\" aria-expanded=\"false\">Atividades<\/div>\n\t\t\t\t\t<div id=\"elementor-tab-content-8712\" class=\"elementor-tab-content elementor-clearfix\" data-tab=\"2\" role=\"tabpanel\" aria-labelledby=\"elementor-tab-title-8712\" tabindex=\"0\" hidden=\"hidden\"><h4>2020<\/h4><p style=\"padding-left: 40px;\">Aula Aberta com Emerson In\u00e1cio e M\u00e1rio C\u00e9sar Lugarinho<\/p><h4>\u00a0<\/h4><h4>2019<\/h4><p style=\"padding-left: 40px;\">Utopias Queer: 50 Anos de Stonewall<br \/>Emira Gerguri aborda os direitos da mulher no Kosovo<br \/>Exposi\u00e7\u00e3o: \u201cE Contudo, Elas Movem-se! Mulheres e Ci\u00eancia\u201d<br \/>Ciclo Multidisciplinar: \u201cE Contudo Elas Movem-se! Mulheres nas Artes e nas Ci\u00eancias\u201d<br \/>Mesa Redonda: \u201cE contudo, elas movem-se\u2026 na arquitetura\u201d<br \/>Sess\u00e3o de Encerramento: \u201cE Contudo, Elas Movem-se! Mulheres nas Artes e nas Ci\u00eancias\u201d<\/p><h4>\u00a0<\/h4><h4>2018<\/h4><p style=\"padding-left: 40px;\">Col\u00f3quio Internacional: \u201cQueering Luso-Afro-Brazilian Studies\u201d<br \/>Col\u00f3quio: Carmina 3 \u2013 Poesias e identidades<br \/>Col\u00f3quio: \u201cSaber de Mim Sabendo das Coisas\u201d<\/p><h6>\u00a0<\/h6><h6>_<br \/>Para uma listagem completa dos eventos organizados pelo ILCML, consultar o Arquivo de Atividades neste website<\/h6><\/div>\n\t\t\t\t\t\t\t<\/div>\n\t\t<\/div>\n\t\t\t\t<\/div>\n\t\t\t\t<\/div>\n\t\t\t\t\t<\/div>\n\t\t<\/div>\n\t\t\t\t<div class=\"elementor-column elementor-col-33 elementor-top-column elementor-element elementor-element-1210d3d\" data-id=\"1210d3d\" data-element_type=\"column\">\n\t\t\t<div class=\"elementor-widget-wrap\">\n\t\t\t\t\t\t\t<\/div>\n\t\t<\/div>\n\t\t\t\t\t<\/div>\n\t\t<\/section>\n\t\t\t\t<\/div>\n\t\t","protected":false},"excerpt":{"rendered":"<p>Intersexualities O grupo INTERSEXUALIDADES tem vindo a desenvolver uma reflex\u00e3o cr\u00edtica sobre a pol\u00edtica e as rela\u00e7\u00f5es de poder a partir das perspetivas fornecidas pelas teorias contempor\u00e2neas sobre o G\u00c9NERO, O SEXO E AS SEXUALIDADES, favorecendo uma abordagem intersecional da categoria de g\u00e9nero, cruzada com quest\u00f5es de ra\u00e7a, classe, sexualidade ou nacionalidade. Usando ferramentas te\u00f3ricas&#8230;<\/p>\n","protected":false},"author":1,"featured_media":0,"parent":0,"menu_order":0,"comment_status":"closed","ping_status":"closed","template":"","meta":{"footnotes":""},"class_list":["post-9793","page","type-page","status-publish","hentry"],"_links":{"self":[{"href":"https:\/\/wnsites.xyz\/ilcml3\/wp-json\/wp\/v2\/pages\/9793","targetHints":{"allow":["GET"]}}],"collection":[{"href":"https:\/\/wnsites.xyz\/ilcml3\/wp-json\/wp\/v2\/pages"}],"about":[{"href":"https:\/\/wnsites.xyz\/ilcml3\/wp-json\/wp\/v2\/types\/page"}],"author":[{"embeddable":true,"href":"https:\/\/wnsites.xyz\/ilcml3\/wp-json\/wp\/v2\/users\/1"}],"replies":[{"embeddable":true,"href":"https:\/\/wnsites.xyz\/ilcml3\/wp-json\/wp\/v2\/comments?post=9793"}],"version-history":[{"count":1,"href":"https:\/\/wnsites.xyz\/ilcml3\/wp-json\/wp\/v2\/pages\/9793\/revisions"}],"predecessor-version":[{"id":9797,"href":"https:\/\/wnsites.xyz\/ilcml3\/wp-json\/wp\/v2\/pages\/9793\/revisions\/9797"}],"wp:attachment":[{"href":"https:\/\/wnsites.xyz\/ilcml3\/wp-json\/wp\/v2\/media?parent=9793"}],"curies":[{"name":"wp","href":"https:\/\/api.w.org\/{rel}","templated":true}]}}