{"id":9788,"date":"2021-09-03T19:43:41","date_gmt":"2021-09-03T18:43:41","guid":{"rendered":"https:\/\/wnsites.xyz\/ilcml3\/?page_id=9788"},"modified":"2021-11-11T19:19:30","modified_gmt":"2021-11-11T18:19:30","slug":"intermedialities","status":"publish","type":"page","link":"https:\/\/wnsites.xyz\/ilcml3\/en\/intermedialities\/","title":{"rendered":"Intermedialities"},"content":{"rendered":"\t\t<div data-elementor-type=\"wp-page\" data-elementor-id=\"9788\" class=\"elementor elementor-9788\">\n\t\t\t\t\t\t<section class=\"elementor-section elementor-top-section elementor-element elementor-element-171d3259 elementor-section-boxed elementor-section-height-default elementor-section-height-default\" data-id=\"171d3259\" data-element_type=\"section\">\n\t\t\t\t\t\t<div class=\"elementor-container elementor-column-gap-default\">\n\t\t\t\t\t<div class=\"elementor-column elementor-col-100 elementor-top-column elementor-element elementor-element-11e33cd4\" data-id=\"11e33cd4\" data-element_type=\"column\">\n\t\t\t<div class=\"elementor-widget-wrap elementor-element-populated\">\n\t\t\t\t\t\t<div class=\"elementor-element elementor-element-4241027a elementor-widget__width-auto elementor-widget elementor-widget-heading\" data-id=\"4241027a\" data-element_type=\"widget\" data-widget_type=\"heading.default\">\n\t\t\t\t<div class=\"elementor-widget-container\">\n\t\t\t<h3 class=\"elementor-heading-title elementor-size-default\"> Intermedialities<\/h3>\t\t<\/div>\n\t\t\t\t<\/div>\n\t\t\t\t\t<\/div>\n\t\t<\/div>\n\t\t\t\t\t<\/div>\n\t\t<\/section>\n\t\t\t\t<section class=\"elementor-section elementor-top-section elementor-element elementor-element-446be0f6 elementor-section-boxed elementor-section-height-default elementor-section-height-default elementor-invisible\" data-id=\"446be0f6\" data-element_type=\"section\" data-settings=\"{&quot;animation&quot;:&quot;h-neuron-animation--slideFromRight&quot;}\">\n\t\t\t\t\t\t<div class=\"elementor-container elementor-column-gap-default\">\n\t\t\t\t\t<div class=\"elementor-column elementor-col-66 elementor-top-column elementor-element elementor-element-3b6e678\" data-id=\"3b6e678\" data-element_type=\"column\">\n\t\t\t<div class=\"elementor-widget-wrap elementor-element-populated\">\n\t\t\t\t\t\t<div class=\"elementor-element elementor-element-44c82109 elementor-widget elementor-widget-text-editor\" data-id=\"44c82109\" data-element_type=\"widget\" data-widget_type=\"text-editor.default\">\n\t\t\t\t<div class=\"elementor-widget-container\">\n\t\t\t\t\t\t\t<p>O grupo de investiga\u00e7\u00e3o INTERMEDIALIDADES tem como objetivo geral contribuir para um melhor conhecimento das po\u00e9ticas modernas e contempor\u00e2neas. Privilegia os instrumentos te\u00f3ricos e cr\u00edticos do dom\u00ednio dos estudos interart\u00edsticos e tem como objeto de estudo principal pr\u00e1ticas criativas de matriz liter\u00e1ria que estabelecem nexos entre a imagem verbal e a imagem visual, com destaque para as rela\u00e7\u00f5es entre a Poesia e as Artes Visuais, Imagem em Movimento e Performance. Dos objetivos deste Grupo faz parte a reaprecia\u00e7\u00e3o do papel da escrita liter\u00e1ria num mundo que manifestamente privilegia a rela\u00e7\u00e3o texto\/imagem, pretendendo-se inquirir os mecanismos de inclus\u00e3o e exclus\u00e3o no c\u00e2none art\u00edstico, bem como os princ\u00edpios que regulam o estabelecimento de fronteiras entre as artes, e ainda a sua transgress\u00e3o e\/ou supera\u00e7\u00e3o.<\/p><p>A partir de conceitos-chave cr\u00edticos e te\u00f3ricos que respondem a um mundo cultural e art\u00edstico sens\u00edvel \u00e0 transposi\u00e7\u00e3o de fronteiras e \u00e0 porosidade dos media, o grupo repensa o papel dos textos po\u00e9ticos na perspectiva da INTER- e da TRANSMEDIALIDADE, com especial \u00eanfase para as no\u00e7\u00f5es de HIBRIDISMO, MEDIA\u00c7\u00c3O e REMEDIA\u00c7\u00c3O. S\u00e3o privilegiadas as rela\u00e7\u00f5es entre a Poesia Moderna e Contempor\u00e2nea e as Artes. Paralelamente, o grupo estuda tamb\u00e9m o papel que a literatura em geral, e a poesia em particular, tem desempenhado na problematiza\u00e7\u00e3o da Europa.<\/p>\t\t\t\t\t\t<\/div>\n\t\t\t\t<\/div>\n\t\t\t\t\t<\/div>\n\t\t<\/div>\n\t\t\t\t<div class=\"elementor-column elementor-col-33 elementor-top-column elementor-element elementor-element-12a2144d\" data-id=\"12a2144d\" data-element_type=\"column\">\n\t\t\t<div class=\"elementor-widget-wrap\">\n\t\t\t\t\t\t\t<\/div>\n\t\t<\/div>\n\t\t\t\t\t<\/div>\n\t\t<\/section>\n\t\t\t\t<section class=\"elementor-section elementor-top-section elementor-element elementor-element-3f651512 elementor-section-boxed elementor-section-height-default elementor-section-height-default elementor-invisible\" data-id=\"3f651512\" data-element_type=\"section\" data-settings=\"{&quot;animation&quot;:&quot;h-neuron-animation--slideFromRight&quot;}\">\n\t\t\t\t\t\t<div class=\"elementor-container elementor-column-gap-default\">\n\t\t\t\t\t<div class=\"elementor-column elementor-col-33 elementor-top-column elementor-element elementor-element-61aceaa0\" data-id=\"61aceaa0\" data-element_type=\"column\">\n\t\t\t<div class=\"elementor-widget-wrap\">\n\t\t\t\t\t\t\t<\/div>\n\t\t<\/div>\n\t\t\t\t<div class=\"elementor-column elementor-col-66 elementor-top-column elementor-element elementor-element-4a3e069e\" data-id=\"4a3e069e\" data-element_type=\"column\">\n\t\t\t<div class=\"elementor-widget-wrap elementor-element-populated\">\n\t\t\t\t\t\t<div class=\"elementor-element elementor-element-30687d7d elementor-widget elementor-widget-image\" data-id=\"30687d7d\" data-element_type=\"widget\" data-widget_type=\"image.default\">\n\t\t\t\t<div class=\"elementor-widget-container\">\n\t\t\t\t\t\t\t\t\t\t\t\t\t<img fetchpriority=\"high\" decoding=\"async\" width=\"1200\" height=\"400\" src=\"https:\/\/wnsites.xyz\/ilcml3\/wp-content\/uploads\/2021\/09\/grupo-intermedialidades.jpg\" class=\"attachment-full size-full wp-image-5103\" alt=\"\" srcset=\"https:\/\/wnsites.xyz\/ilcml3\/wp-content\/uploads\/2021\/09\/grupo-intermedialidades.jpg 1200w, https:\/\/wnsites.xyz\/ilcml3\/wp-content\/uploads\/2021\/09\/grupo-intermedialidades-300x100.jpg 300w, https:\/\/wnsites.xyz\/ilcml3\/wp-content\/uploads\/2021\/09\/grupo-intermedialidades-1024x341.jpg 1024w, https:\/\/wnsites.xyz\/ilcml3\/wp-content\/uploads\/2021\/09\/grupo-intermedialidades-768x256.jpg 768w\" sizes=\"(max-width: 1200px) 100vw, 1200px\" \/>\t\t\t\t\t\t\t\t\t\t\t\t\t<\/div>\n\t\t\t\t<\/div>\n\t\t\t\t\t<\/div>\n\t\t<\/div>\n\t\t\t\t\t<\/div>\n\t\t<\/section>\n\t\t\t\t<section class=\"elementor-section elementor-top-section elementor-element elementor-element-45337553 elementor-section-boxed elementor-section-height-default elementor-section-height-default\" data-id=\"45337553\" data-element_type=\"section\" data-settings=\"{&quot;background_background&quot;:&quot;classic&quot;}\">\n\t\t\t\t\t\t<div class=\"elementor-container elementor-column-gap-default\">\n\t\t\t\t\t<div class=\"elementor-column elementor-col-66 elementor-top-column elementor-element elementor-element-306965b\" data-id=\"306965b\" data-element_type=\"column\">\n\t\t\t<div class=\"elementor-widget-wrap elementor-element-populated\">\n\t\t\t\t\t\t<div class=\"elementor-element elementor-element-72f2737b elementor-invisible elementor-widget elementor-widget-heading\" data-id=\"72f2737b\" data-element_type=\"widget\" data-settings=\"{&quot;_animation&quot;:&quot;h-neuron-animation--slideFromRight&quot;,&quot;_animation_delay&quot;:200}\" data-widget_type=\"heading.default\">\n\t\t\t\t<div class=\"elementor-widget-container\">\n\t\t\t<h2 class=\"elementor-heading-title elementor-size-default\">Objetivos<\/h2>\t\t<\/div>\n\t\t\t\t<\/div>\n\t\t\t\t<div class=\"elementor-element elementor-element-a507ecb elementor-invisible elementor-widget elementor-widget-text-editor\" data-id=\"a507ecb\" data-element_type=\"widget\" data-settings=\"{&quot;_animation&quot;:&quot;h-neuron-animation--slideFromRight&quot;,&quot;_animation_delay&quot;:400}\" data-widget_type=\"text-editor.default\">\n\t\t\t\t<div class=\"elementor-widget-container\">\n\t\t\t\t\t\t\t<ul><li><p>reavaliar a import\u00e2ncia de Autores de Of\u00edcio M\u00faltiplo que combinam a sua escrita liter\u00e1ria com outras atividades art\u00edsticas (como artes visuais e audiovisuais ou performance) e \/ ou tendem a explorar conflu\u00eancias entre Literatura e outras Artes a partir de uma perspectiva intermedial ou transmedial;<\/p><\/li><li><p>estudar e reavaliar obras que se situam numa fronteira intermedial, devido ao seu hibridismo e \/ ou resist\u00eancia a categoriza\u00e7\u00f5es anteriores (por exemplo, obras intermediais que combinam palavra e imagem visual do ponto de vista criativo);<\/p><\/li><li><p>refletir sobre o papel do hibridismo na renova\u00e7\u00e3o contempor\u00e2nea das formas art\u00edsticas;<\/p><\/li><li><p>considerar, em colabora\u00e7\u00e3o com os demais grupos, como as pol\u00edticas de inclus\u00e3o e exclus\u00e3o influenciaram a forma\u00e7\u00e3o hist\u00f3rica do c\u00e2none art\u00edstico e liter\u00e1rio, contribuindo assim para uma perspectiva mais inclusiva e intermedial da literatura;<\/p><\/li><li>aprofundar a an\u00e1lise dos processos de resist\u00eancia levados a cabo pela poesia moderna e contempor\u00e2nea, nomeadamente no que diz respeito \u00e0s ideias de Europa, aos processos de negocia\u00e7\u00e3o entre margem, centro e periferia, bem como \u00e0s experi\u00eancias de inclus\u00e3o e exclus\u00e3o sofridas pelas comunidades (sociais, liter\u00e1rias e art\u00edsticas);<\/li><li>acolher e colaborar com o <strong><a href=\"https:\/\/lyracompoetics.ilcml.com\">Grupo Internacional de Pesquisa LyraCompoetics<\/a><\/strong>, dedicado ao estudo da poesia e da po\u00e9tica modernas e contempor\u00e2neas, e com a revista liter\u00e1ria da rede \u2013 <strong><a href=\"https:\/\/elyra.org\/index.php\/elyra\">eLyra<\/a><\/strong>; colaborar na base de dados <strong><a href=\"https:\/\/aeuropafaceaeuropa.ilcml.com\/pt\/\">A Europa Face \u00c0 Europa<\/a><\/strong>.<\/li><\/ul>\t\t\t\t\t\t<\/div>\n\t\t\t\t<\/div>\n\t\t\t\t\t<\/div>\n\t\t<\/div>\n\t\t\t\t<div class=\"elementor-column elementor-col-33 elementor-top-column elementor-element elementor-element-192e1e5\" data-id=\"192e1e5\" data-element_type=\"column\">\n\t\t\t<div class=\"elementor-widget-wrap\">\n\t\t\t\t\t\t\t<\/div>\n\t\t<\/div>\n\t\t\t\t\t<\/div>\n\t\t<\/section>\n\t\t\t\t<section class=\"elementor-section elementor-top-section elementor-element elementor-element-7ecf9682 elementor-section-boxed elementor-section-height-default elementor-section-height-default\" data-id=\"7ecf9682\" data-element_type=\"section\" data-settings=\"{&quot;background_background&quot;:&quot;classic&quot;}\">\n\t\t\t\t\t\t<div class=\"elementor-container elementor-column-gap-default\">\n\t\t\t\t\t<div class=\"elementor-column elementor-col-33 elementor-top-column elementor-element elementor-element-1acb49f4\" data-id=\"1acb49f4\" data-element_type=\"column\">\n\t\t\t<div class=\"elementor-widget-wrap\">\n\t\t\t\t\t\t\t<\/div>\n\t\t<\/div>\n\t\t\t\t<div class=\"elementor-column elementor-col-66 elementor-top-column elementor-element elementor-element-4b2c220c\" data-id=\"4b2c220c\" data-element_type=\"column\">\n\t\t\t<div class=\"elementor-widget-wrap elementor-element-populated\">\n\t\t\t\t\t\t<div class=\"elementor-element elementor-element-531cdc91 elementor-invisible elementor-widget elementor-widget-heading\" data-id=\"531cdc91\" data-element_type=\"widget\" data-settings=\"{&quot;_animation&quot;:&quot;h-neuron-animation--slideFromRight&quot;,&quot;_animation_delay&quot;:200}\" data-widget_type=\"heading.default\">\n\t\t\t\t<div class=\"elementor-widget-container\">\n\t\t\t<h2 class=\"elementor-heading-title elementor-size-default\">Quest\u00f5es de investiga\u00e7\u00e3o<\/h2>\t\t<\/div>\n\t\t\t\t<\/div>\n\t\t\t\t<div class=\"elementor-element elementor-element-622d22a4 elementor-invisible elementor-widget elementor-widget-text-editor\" data-id=\"622d22a4\" data-element_type=\"widget\" data-settings=\"{&quot;_animation&quot;:&quot;h-neuron-animation--slideFromRight&quot;,&quot;_animation_delay&quot;:400}\" data-widget_type=\"text-editor.default\">\n\t\t\t\t<div class=\"elementor-widget-container\">\n\t\t\t\t\t\t\t<h4>1<\/h4><ul><li>Que autores (portugueses, brasileiros, espanh\u00f3is, franceses) modernos e contempor\u00e2neos combinam a escrita liter\u00e1ria com outras formas de express\u00e3o art\u00edstica nas suas obras individuais como criadores intermediais ou transmediais?<\/li><li>Em que medida este corpus exige a revis\u00e3o te\u00f3rica e cr\u00edtica dos princ\u00edpios sobre os quais se constituiu o c\u00e2none art\u00edstico e liter\u00e1rio?<\/li><li>Como se manifesta o impacto do hibridismo art\u00edstico na renova\u00e7\u00e3o da literatura contempor\u00e2nea?<\/li><\/ul><h4>2<\/h4><ul><li>Como respondem, local e globalmente, os poetas contempor\u00e2neos \u00e0 experi\u00eancia da crise?<\/li><li>Que processos de resist\u00eancia foram potencializados pela poesia moderna e contempor\u00e2nea?<\/li><li>Como se expressam os poetas enquanto cidad\u00e3os e de que forma o discurso po\u00e9tico revela o exerc\u00edcio da cidadania?<\/li><\/ul>\t\t\t\t\t\t<\/div>\n\t\t\t\t<\/div>\n\t\t\t\t\t<\/div>\n\t\t<\/div>\n\t\t\t\t\t<\/div>\n\t\t<\/section>\n\t\t\t\t<section class=\"elementor-section elementor-top-section elementor-element elementor-element-3e06d4c7 elementor-section-boxed elementor-section-height-default elementor-section-height-default elementor-invisible\" data-id=\"3e06d4c7\" data-element_type=\"section\" data-settings=\"{&quot;animation&quot;:&quot;h-neuron-animation--slideFromRight&quot;}\">\n\t\t\t\t\t\t<div class=\"elementor-container elementor-column-gap-default\">\n\t\t\t\t\t<div class=\"elementor-column elementor-col-66 elementor-top-column elementor-element elementor-element-188121ea\" data-id=\"188121ea\" data-element_type=\"column\">\n\t\t\t<div class=\"elementor-widget-wrap elementor-element-populated\">\n\t\t\t\t\t\t<div class=\"elementor-element elementor-element-47275496 elementor-widget elementor-widget-text-editor\" data-id=\"47275496\" data-element_type=\"widget\" data-widget_type=\"text-editor.default\">\n\t\t\t\t<div class=\"elementor-widget-container\">\n\t\t\t\t\t\t\t<p><strong>Coordena\u00e7\u00e3o<\/strong>: <a href=\"https:\/\/ilcml.tk\/membros\/pedro-eiras\/\">Pedro Eiras<\/a><\/p>\t\t\t\t\t\t<\/div>\n\t\t\t\t<\/div>\n\t\t\t\t<div class=\"elementor-element elementor-element-3b5e6b4d elementor-tabs-view-horizontal elementor-widget elementor-widget-tabs\" data-id=\"3b5e6b4d\" data-element_type=\"widget\" data-widget_type=\"tabs.default\">\n\t\t\t\t<div class=\"elementor-widget-container\">\n\t\t\t\t\t<div class=\"elementor-tabs\">\n\t\t\t<div class=\"elementor-tabs-wrapper\" role=\"tablist\" >\n\t\t\t\t\t\t\t\t\t<div id=\"elementor-tab-title-9961\" class=\"elementor-tab-title elementor-tab-desktop-title\" aria-selected=\"true\" data-tab=\"1\" role=\"tab\" tabindex=\"0\" aria-controls=\"elementor-tab-content-9961\" aria-expanded=\"false\">Equipa<\/div>\n\t\t\t\t\t\t\t\t\t<div id=\"elementor-tab-title-9962\" class=\"elementor-tab-title elementor-tab-desktop-title\" aria-selected=\"false\" data-tab=\"2\" role=\"tab\" tabindex=\"-1\" aria-controls=\"elementor-tab-content-9962\" aria-expanded=\"false\">Atividades<\/div>\n\t\t\t\t\t\t\t<\/div>\n\t\t\t<div class=\"elementor-tabs-content-wrapper\" role=\"tablist\" aria-orientation=\"vertical\">\n\t\t\t\t\t\t\t\t\t<div class=\"elementor-tab-title elementor-tab-mobile-title\" aria-selected=\"true\" data-tab=\"1\" role=\"tab\" tabindex=\"0\" aria-controls=\"elementor-tab-content-9961\" aria-expanded=\"false\">Equipa<\/div>\n\t\t\t\t\t<div id=\"elementor-tab-content-9961\" class=\"elementor-tab-content elementor-clearfix\" data-tab=\"1\" role=\"tabpanel\" aria-labelledby=\"elementor-tab-title-9961\" tabindex=\"0\" hidden=\"false\"><h5>MEMBROS INTEGRADOS<\/h5><p><a href=\"https:\/\/ilcml.tk\/membros\/ana-luisa-amaral\/\">Ana Lu\u00edsa Amaral<\/a> (Univ. Porto)<br \/><a href=\"https:\/\/ilcml.tk\/membros\/ana-paula-coutinho\/\">Ana Paula Coutinho<\/a> (Univ. Porto)<br \/><a href=\"https:\/\/ilcml.tk\/membros\/david-pinho-barros\/\">David Pinho Barros<\/a> (Univ. Porto \/ UCP)<br \/><a href=\"https:\/\/ilcml.tk\/membros\/diana-pimentel\/\">Diana Pimentel<\/a> (Univ. Madeira)<br \/><a href=\"https:\/\/ilcml.tk\/membros\/elisabete-marques\/\">Elisabete Marques<\/a> (Univ. Porto)<br \/><a href=\"https:\/\/ilcml.tk\/membros\/isabel-pires-de-lima\/\">Isabel Pires de Lima<\/a> (Univ. Porto)<br \/><a href=\"https:\/\/ilcml.tk\/membros\/joana-matos-frias\/\">Joana Matos Frias<\/a> (Univ. Lisboa)<br \/><a href=\"https:\/\/ilcml.tk\/membros\/ligia-bernardino\/\">L\u00edgia Bernardino<\/a> (Esc. Secund\u00e1ria)<br \/><a href=\"https:\/\/ilcml.tk\/membros\/manuela-veloso\/\">Manuela Veloso<\/a> (IPP)<br \/><a href=\"https:\/\/ilcml.tk\/membros\/marinela-freitas\/\">Marinela Freitas<\/a> (Univ. Porto)<br \/><a href=\"https:\/\/ilcml.tk\/membros\/pedro-eiras\/\">Pedro Eiras<\/a> (Univ. Porto)<br \/><a href=\"https:\/\/ilcml.tk\/membros\/rosa-maria-martelo\/\">Rosa Maria Martelo<\/a> (Univ. Porto)<br \/><a href=\"https:\/\/ilcml.tk\/membros\/rosa-mesquita\/\">Rosa Mesquita<\/a> (Esc. Secund\u00e1ria)<\/p><h5>\u00a0<\/h5><h5>COLABORADORES<\/h5><p><strong>Portugal<\/strong><\/p><p><a href=\"https:\/\/ilcml.tk\/membros\/ana-isabel-rocha-santos\/\">Ana Isabel Rocha Santos<\/a> (Univ. Porto)<br \/><a href=\"https:\/\/ilcml.tk\/membros\/daniel-jonas\/\">Daniel Jonas<\/a> (Esc. Secund\u00e1ria)<br \/><a href=\"https:\/\/ilcml.tk\/membros\/fernando-velasco\/\">Fernando Velasco<\/a> (Univ. Porto)<br \/><a href=\"https:\/\/ilcml.tk\/membros\/ines-cardoso\/\">In\u00eas Cardoso<\/a> (Univ. Porto)<br \/><a href=\"https:\/\/ilcml.tk\/membros\/ines-seabra-carvalho\/\">In\u00eas Seabra Carvalho<\/a> (Univ. Porto)<br \/><a href=\"https:\/\/ilcml.tk\/membros\/ivana-schneider\/\">Ivana Schneider<\/a> (Univ. Porto)<br \/><a href=\"https:\/\/ilcml.tk\/membros\/luca-argel\/\">Luca Argel<\/a><br \/><a href=\"https:\/\/ilcml.tk\/membros\/lucia-liberato-evangelista\/\">L\u00facia Evangelista<\/a> (Univ. Porto)<br \/><a href=\"https:\/\/ilcml.tk\/membros\/maria-miguel-flor-dos-reis\/\">Maria Miguel Flor dos Reis<\/a> (Univ. Porto)<br \/><a href=\"https:\/\/ilcml.tk\/membros\/mathilde-ferreira-neves\/\">Mathilde Ferreira Neves<\/a><br \/><a href=\"https:\/\/ilcml.tk\/membros\/sofia-mota-freitas\/\">Sofia Mota Freitas<\/a> (Univ. Porto)<br \/><a href=\"https:\/\/ilcml.tk\/membros\/vitor-ferreira\/\">V\u00edtor Ferreira<\/a> (Univ. Porto)<\/p><p><strong><br \/>Brasil<\/strong><\/p><p><a href=\"https:\/\/ilcml.tk\/membros\/celia-pedrosa\/\">Celia Pedrosa<\/a> (Univ. Federal Fluminense)<br \/><a href=\"https:\/\/ilcml.tk\/membros\/fabiane-borsato\/\">Fabiane Borsato<\/a> (UNESP \u2013 Araraquara)<br \/><a href=\"https:\/\/ilcml.tk\/membros\/ida-alves\/\">Ida Alves<\/a> (Univ. Federal Fluminense)<br \/><a href=\"https:\/\/ilcml.tk\/membros\/jorge-fernandes-da-silveira\/\">Jorge Fernandes da Silveira<\/a> (Univ. Federal Fluminense)<br \/><a href=\"https:\/\/ilcml.tk\/membros\/sofia-de-sousa-silva\/\">Sofia de Sousa Silva<\/a> (Univ. Federal Rio de Janeiro)<\/p><p><strong><br \/>Espanha<\/strong><\/p><p><a href=\"https:\/\/ilcml.tk\/membros\/arturo-casas\/\">Arturo Casas<\/a> (Univ. Santiago de Compostela)<br \/><a href=\"https:\/\/ilcml.tk\/membros\/burghard-baltrusch\/\">Burghard Baltrusch<\/a> (Univ. Vigo)<br \/><a href=\"https:\/\/ilcml.tk\/membros\/pedro-serra\/\">Pedro Serra<\/a> (Univ. Salamanca)<\/p><p><strong><br \/>E.U.A.<\/strong><\/p><p><a href=\"https:\/\/ilcml.tk\/membros\/luiz-fernando-valente\/\">Luiz Fernando Valente<\/a> (Univ. Brown)<br \/><a href=\"https:\/\/ilcml.tk\/membros\/patricia-lino\/\">Patr\u00edcia Lino<\/a> ( Univ. California, Los Angeles)<br \/><a href=\"https:\/\/ilcml.tk\/membros\/ricardo-vasconcelos\/\">Ricardo Vasconcelos<\/a> (Univ. Estadual San Diego, California)<\/p><p><strong><br \/>Fran\u00e7a<\/strong><\/p><p><a href=\"https:\/\/ilcml.tk\/membros\/catherine-dumas\/\">Catherine Dumas<\/a> (Univ. Sorbonne Nouvelle Paris 3)<br \/><a href=\"https:\/\/ilcml.tk\/membros\/rita-novas-miranda\/\">Rita Novas Miranda<\/a> (Univ. Paris Nanterre)<\/p><p><strong><br \/>Reino Unido<\/strong><\/p><p><a href=\"https:\/\/ilcml.tk\/membros\/angela-sarmento-d\/\">\u00c2ngela Sarmento-D.<\/a> (Univ. Oxford)<\/p><\/div>\n\t\t\t\t\t\t\t\t\t<div class=\"elementor-tab-title elementor-tab-mobile-title\" aria-selected=\"false\" data-tab=\"2\" role=\"tab\" tabindex=\"-1\" aria-controls=\"elementor-tab-content-9962\" aria-expanded=\"false\">Atividades<\/div>\n\t\t\t\t\t<div id=\"elementor-tab-content-9962\" class=\"elementor-tab-content elementor-clearfix\" data-tab=\"2\" role=\"tabpanel\" aria-labelledby=\"elementor-tab-title-9962\" tabindex=\"0\" hidden=\"hidden\"><h4>2020<\/h4><p style=\"padding-left: 40px;\">Semin\u00e1rios da Salva\u00e7\u00e3o do Mundo | S\u00e9rie I<\/p><h4>\u00a0<\/h4><h4>2019<\/h4><p style=\"padding-left: 40px;\">Semin\u00e1rio Aberto com Annita Costa Malufe<br \/>Col\u00f3quio Internacional: \u201cMetalepse e Transmedialidade\u201d<br \/>Spring Seminar: On Cinema<br \/>Semin\u00e1rio Aberto com Bruno Porto<br \/>Jornada de Leitura Cr\u00edtica: \u201cLer Ant\u00f3nio Franco Alexandre\u201d<br \/>Jornada: \u201cUm dia inteiro para morrer completamente a finitude nas artes\u201d<br \/>Col\u00f3quio: \u201cA Cr\u00edtica de Jorge de Sena\u201d<br \/>Jornada: \u201csaio hoje ao mundo. Homenagem a Herberto Helder\u201d<\/p><h4>\u00a0<\/h4><h4>2018<\/h4><p style=\"padding-left: 40px;\">Encontro de Estudos Pessoanos: \u201cMedia\u00e7\u00f5es &amp; Remedia\u00e7\u00f5es\u201d<br \/>Col\u00f3quio Internacional: \u201cA l\u00edngua no meio do caminho\u201d<br \/>Col\u00f3quio: \u201cPoepolit \u2013 O po\u00e9tico e o pol\u00edtico na actualidade\u201d<br \/>Semin\u00e1rios do Fim do Mundo | S\u00e9rie VI<\/p><h6>\u00a0<\/h6><h6>_<br \/>Para uma listagem completa dos eventos organizados pelo ILCML, consultar o Arquivo de Atividades neste website<\/h6><\/div>\n\t\t\t\t\t\t\t<\/div>\n\t\t<\/div>\n\t\t\t\t<\/div>\n\t\t\t\t<\/div>\n\t\t\t\t\t<\/div>\n\t\t<\/div>\n\t\t\t\t<div class=\"elementor-column elementor-col-33 elementor-top-column elementor-element elementor-element-6a329903\" data-id=\"6a329903\" data-element_type=\"column\">\n\t\t\t<div class=\"elementor-widget-wrap\">\n\t\t\t\t\t\t\t<\/div>\n\t\t<\/div>\n\t\t\t\t\t<\/div>\n\t\t<\/section>\n\t\t\t\t<section class=\"elementor-section elementor-top-section elementor-element elementor-element-37f5231d elementor-section-boxed elementor-section-height-default elementor-section-height-default\" data-id=\"37f5231d\" data-element_type=\"section\">\n\t\t\t\t\t\t<div class=\"elementor-container elementor-column-gap-default\">\n\t\t\t\t\t<div class=\"elementor-column elementor-col-100 elementor-top-column elementor-element elementor-element-60b3c4dc\" data-id=\"60b3c4dc\" data-element_type=\"column\">\n\t\t\t<div class=\"elementor-widget-wrap elementor-element-populated\">\n\t\t\t\t\t\t<div class=\"elementor-element elementor-element-3ab281f4 elementor-widget elementor-widget-spacer\" data-id=\"3ab281f4\" data-element_type=\"widget\" data-widget_type=\"spacer.default\">\n\t\t\t\t<div class=\"elementor-widget-container\">\n\t\t\t\t\t<div class=\"elementor-spacer\">\n\t\t\t<div class=\"elementor-spacer-inner\"><\/div>\n\t\t<\/div>\n\t\t\t\t<\/div>\n\t\t\t\t<\/div>\n\t\t\t\t\t<\/div>\n\t\t<\/div>\n\t\t\t\t\t<\/div>\n\t\t<\/section>\n\t\t\t\t<\/div>\n\t\t","protected":false},"excerpt":{"rendered":"<p>Intermedialities O grupo de investiga\u00e7\u00e3o INTERMEDIALIDADES tem como objetivo geral contribuir para um melhor conhecimento das po\u00e9ticas modernas e contempor\u00e2neas. Privilegia os instrumentos te\u00f3ricos e cr\u00edticos do dom\u00ednio dos estudos interart\u00edsticos e tem como objeto de estudo principal pr\u00e1ticas criativas de matriz liter\u00e1ria que estabelecem nexos entre a imagem verbal e a imagem visual, com&#8230;<\/p>\n","protected":false},"author":1,"featured_media":0,"parent":0,"menu_order":0,"comment_status":"closed","ping_status":"closed","template":"","meta":{"footnotes":""},"class_list":["post-9788","page","type-page","status-publish","hentry"],"_links":{"self":[{"href":"https:\/\/wnsites.xyz\/ilcml3\/wp-json\/wp\/v2\/pages\/9788","targetHints":{"allow":["GET"]}}],"collection":[{"href":"https:\/\/wnsites.xyz\/ilcml3\/wp-json\/wp\/v2\/pages"}],"about":[{"href":"https:\/\/wnsites.xyz\/ilcml3\/wp-json\/wp\/v2\/types\/page"}],"author":[{"embeddable":true,"href":"https:\/\/wnsites.xyz\/ilcml3\/wp-json\/wp\/v2\/users\/1"}],"replies":[{"embeddable":true,"href":"https:\/\/wnsites.xyz\/ilcml3\/wp-json\/wp\/v2\/comments?post=9788"}],"version-history":[{"count":1,"href":"https:\/\/wnsites.xyz\/ilcml3\/wp-json\/wp\/v2\/pages\/9788\/revisions"}],"predecessor-version":[{"id":9792,"href":"https:\/\/wnsites.xyz\/ilcml3\/wp-json\/wp\/v2\/pages\/9788\/revisions\/9792"}],"wp:attachment":[{"href":"https:\/\/wnsites.xyz\/ilcml3\/wp-json\/wp\/v2\/media?parent=9788"}],"curies":[{"name":"wp","href":"https:\/\/api.w.org\/{rel}","templated":true}]}}