{"id":9783,"date":"2021-09-03T18:32:32","date_gmt":"2021-09-03T17:32:32","guid":{"rendered":"https:\/\/wnsites.xyz\/ilcml3\/?page_id=9783"},"modified":"2021-11-11T19:18:01","modified_gmt":"2021-11-11T18:18:01","slug":"inter-transculturalities","status":"publish","type":"page","link":"https:\/\/wnsites.xyz\/ilcml3\/en\/inter-transculturalities\/","title":{"rendered":"Inter\/Transculturalities"},"content":{"rendered":"\t\t<div data-elementor-type=\"wp-page\" data-elementor-id=\"9783\" class=\"elementor elementor-9783\">\n\t\t\t\t\t\t<section class=\"elementor-section elementor-top-section elementor-element elementor-element-12d3524d elementor-section-boxed elementor-section-height-default elementor-section-height-default\" data-id=\"12d3524d\" data-element_type=\"section\">\n\t\t\t\t\t\t<div class=\"elementor-container elementor-column-gap-default\">\n\t\t\t\t\t<div class=\"elementor-column elementor-col-100 elementor-top-column elementor-element elementor-element-4763df09\" data-id=\"4763df09\" data-element_type=\"column\">\n\t\t\t<div class=\"elementor-widget-wrap elementor-element-populated\">\n\t\t\t\t\t\t<div class=\"elementor-element elementor-element-12c5c5e1 elementor-widget__width-auto elementor-widget elementor-widget-heading\" data-id=\"12c5c5e1\" data-element_type=\"widget\" data-widget_type=\"heading.default\">\n\t\t\t\t<div class=\"elementor-widget-container\">\n\t\t\t<h3 class=\"elementor-heading-title elementor-size-default\">Inter\/Transculturalities<\/h3>\t\t<\/div>\n\t\t\t\t<\/div>\n\t\t\t\t\t<\/div>\n\t\t<\/div>\n\t\t\t\t\t<\/div>\n\t\t<\/section>\n\t\t\t\t<section class=\"elementor-section elementor-top-section elementor-element elementor-element-0a78824 elementor-section-boxed elementor-section-height-default elementor-section-height-default\" data-id=\"0a78824\" data-element_type=\"section\">\n\t\t\t\t\t\t<div class=\"elementor-container elementor-column-gap-default\">\n\t\t\t\t\t<div class=\"elementor-column elementor-col-66 elementor-top-column elementor-element elementor-element-0f5a5b8\" data-id=\"0f5a5b8\" data-element_type=\"column\">\n\t\t\t<div class=\"elementor-widget-wrap elementor-element-populated\">\n\t\t\t\t\t\t<div class=\"elementor-element elementor-element-7ec4d071 elementor-widget elementor-widget-text-editor\" data-id=\"7ec4d071\" data-element_type=\"widget\" data-widget_type=\"text-editor.default\">\n\t\t\t\t<div class=\"elementor-widget-container\">\n\t\t\t\t\t\t\t<p>O grupo INTER\/TRANSCULTURALIDADES tem como objectivo estudar as constru\u00e7\u00f5es liter\u00e1rias da ALTERIDADE, a partir dos conceitos de DIALOGISMO, TRANSCULTURALIDADE, FRONTEIRA, CENTRO E MARGEM. A Alteridade \u00e9 condi\u00e7\u00e3o para a constru\u00e7\u00e3o da identidade, implicando deslocamento, inclus\u00e3o e exclus\u00e3o \u2013 e tamb\u00e9m mem\u00f3ria e esquecimento. A nossa preocupa\u00e7\u00e3o ser\u00e1 explorar os imagin\u00e1rios culturais, nomeadamente de uma Europa plural, atrav\u00e9s do di\u00e1logo entre as representa\u00e7\u00f5es liter\u00e1rias e outros discursos sociais e art\u00edsticos, recorrendo a ferramentas cr\u00edticas de diferentes \u00e1reas das Ci\u00eancias Sociais e Humanas, tendo em conta diferentes perspectivas culturais e os pontos de vis\u00e3o da literatura e da est\u00e9tica, nossa inten\u00e7\u00e3o \u00e9 ajudar a redefinir as pol\u00edticas culturais.<\/p><p>Tendo em conta que alguns dos processos que provocam uma redefini\u00e7\u00e3o dos imagin\u00e1rios culturais s\u00e3o mecanismos de hibridiza\u00e7\u00e3o inter- e transcultural, assim como novas formas de pensamento e meios de express\u00e3o art\u00edstica e liter\u00e1ria, o grupo pretende explorar tamb\u00e9m conceitos como PERIFERIA, FRONTEIRA e INCLUS\u00c3O.<\/p><p>Assim, o grupo trabalha a desloca\u00e7\u00e3o e a migra\u00e7\u00e3o de pessoas e, portanto, vidas humanas, entendendo a literatura como um meio de questionar as sociedades contempor\u00e2neas. Neste contexto, ser\u00e3o abordados diferentes temas e dom\u00ednios, tais como: migra\u00e7\u00e3o e estudos de ex\u00edlio; estudos p\u00f3s-coloniais; estudos de viagens; estudos de tradu\u00e7\u00e3o; teatro e teatralidade; literatura policial.<\/p>\t\t\t\t\t\t<\/div>\n\t\t\t\t<\/div>\n\t\t\t\t\t<\/div>\n\t\t<\/div>\n\t\t\t\t<div class=\"elementor-column elementor-col-33 elementor-top-column elementor-element elementor-element-3afba69\" data-id=\"3afba69\" data-element_type=\"column\">\n\t\t\t<div class=\"elementor-widget-wrap\">\n\t\t\t\t\t\t\t<\/div>\n\t\t<\/div>\n\t\t\t\t\t<\/div>\n\t\t<\/section>\n\t\t\t\t<section class=\"elementor-section elementor-top-section elementor-element elementor-element-415a5aa elementor-section-boxed elementor-section-height-default elementor-section-height-default\" data-id=\"415a5aa\" data-element_type=\"section\">\n\t\t\t\t\t\t<div class=\"elementor-container elementor-column-gap-default\">\n\t\t\t\t\t<div class=\"elementor-column elementor-col-33 elementor-top-column elementor-element elementor-element-e6f6220\" data-id=\"e6f6220\" data-element_type=\"column\">\n\t\t\t<div class=\"elementor-widget-wrap\">\n\t\t\t\t\t\t\t<\/div>\n\t\t<\/div>\n\t\t\t\t<div class=\"elementor-column elementor-col-66 elementor-top-column elementor-element elementor-element-5337e04\" data-id=\"5337e04\" data-element_type=\"column\">\n\t\t\t<div class=\"elementor-widget-wrap elementor-element-populated\">\n\t\t\t\t\t\t<div class=\"elementor-element elementor-element-d99f924 elementor-widget elementor-widget-image\" data-id=\"d99f924\" data-element_type=\"widget\" data-widget_type=\"image.default\">\n\t\t\t\t<div class=\"elementor-widget-container\">\n\t\t\t\t\t\t\t\t\t\t\t\t\t<img fetchpriority=\"high\" decoding=\"async\" width=\"2560\" height=\"1707\" src=\"https:\/\/wnsites.xyz\/ilcml3\/wp-content\/uploads\/2021\/08\/DSCF5216-scaled.jpg\" class=\"attachment-full size-full wp-image-3471\" alt=\"\" srcset=\"https:\/\/wnsites.xyz\/ilcml3\/wp-content\/uploads\/2021\/08\/DSCF5216-scaled.jpg 2560w, https:\/\/wnsites.xyz\/ilcml3\/wp-content\/uploads\/2021\/08\/DSCF5216-300x200.jpg 300w, https:\/\/wnsites.xyz\/ilcml3\/wp-content\/uploads\/2021\/08\/DSCF5216-1024x683.jpg 1024w, https:\/\/wnsites.xyz\/ilcml3\/wp-content\/uploads\/2021\/08\/DSCF5216-768x512.jpg 768w, https:\/\/wnsites.xyz\/ilcml3\/wp-content\/uploads\/2021\/08\/DSCF5216-1536x1024.jpg 1536w, https:\/\/wnsites.xyz\/ilcml3\/wp-content\/uploads\/2021\/08\/DSCF5216-2048x1365.jpg 2048w\" sizes=\"(max-width: 2560px) 100vw, 2560px\" \/>\t\t\t\t\t\t\t\t\t\t\t\t\t<\/div>\n\t\t\t\t<\/div>\n\t\t\t\t\t<\/div>\n\t\t<\/div>\n\t\t\t\t\t<\/div>\n\t\t<\/section>\n\t\t\t\t<section class=\"elementor-section elementor-top-section elementor-element elementor-element-661829c elementor-section-boxed elementor-section-height-default elementor-section-height-default\" data-id=\"661829c\" data-element_type=\"section\">\n\t\t\t\t\t\t<div class=\"elementor-container elementor-column-gap-default\">\n\t\t\t\t\t<div class=\"elementor-column elementor-col-66 elementor-top-column elementor-element elementor-element-611773d\" data-id=\"611773d\" data-element_type=\"column\">\n\t\t\t<div class=\"elementor-widget-wrap elementor-element-populated\">\n\t\t\t\t\t\t<div class=\"elementor-element elementor-element-5e79ec0d elementor-invisible elementor-widget elementor-widget-heading\" data-id=\"5e79ec0d\" data-element_type=\"widget\" data-settings=\"{&quot;_animation&quot;:&quot;h-neuron-animation--slideFromRight&quot;,&quot;_animation_delay&quot;:200}\" data-widget_type=\"heading.default\">\n\t\t\t\t<div class=\"elementor-widget-container\">\n\t\t\t<h2 class=\"elementor-heading-title elementor-size-default\">Objetivos<\/h2>\t\t<\/div>\n\t\t\t\t<\/div>\n\t\t\t\t<div class=\"elementor-element elementor-element-2a62f19b elementor-invisible elementor-widget elementor-widget-text-editor\" data-id=\"2a62f19b\" data-element_type=\"widget\" data-settings=\"{&quot;_animation&quot;:&quot;h-neuron-animation--slideFromRight&quot;,&quot;_animation_delay&quot;:400}\" data-widget_type=\"text-editor.default\">\n\t\t\t\t<div class=\"elementor-widget-container\">\n\t\t\t\t\t\t\t<ul><li>estudar a din\u00e2mica da tradu\u00e7\u00e3o e ac\u00e7\u00f5es a ela relativos, bem como a fun\u00e7\u00e3o cr\u00edtica dos textos liter\u00e1rios, filos\u00f3ficos e culturais que transportam vis\u00f5es alternativas da Europa num mundo globalizado;<\/li><li>oferecer propostas concretas de planeamento de sociedades culturalmente inclusivas por meio do desenho de pol\u00edticas culturais, em conjunto com outras institui\u00e7\u00f5es acad\u00e9micas e de ensino e agentes culturais, tais como universidades, escolas, c\u00e2maras municipais, museus;<\/li><li>p\u00f4r em evid\u00eancia a constru\u00e7\u00e3o de identidades espaciais, atrav\u00e9s de modalidades liter\u00e1rias e art\u00edsticas de fen\u00f3menos sociais, como viagem, migra\u00e7\u00e3o e ex\u00edlio, que continuam a estruturar a Europa nos dias de hoje;<\/li><li>ampliar o alcance das bases de dados <a href=\"https:\/\/ulysseias.ilcml.com\/pt\/\">Ulyssei@s<\/a>, <a href=\"https:\/\/aeuropafaceaeuropa.ilcml.com\/pt\/\">A Europa Face a Europa<\/a> e <a href=\"https:\/\/passagen.ilcml.com\">Passagen<\/a>.<\/li><\/ul>\t\t\t\t\t\t<\/div>\n\t\t\t\t<\/div>\n\t\t\t\t\t<\/div>\n\t\t<\/div>\n\t\t\t\t<div class=\"elementor-column elementor-col-33 elementor-top-column elementor-element elementor-element-d589c9b\" data-id=\"d589c9b\" data-element_type=\"column\">\n\t\t\t<div class=\"elementor-widget-wrap\">\n\t\t\t\t\t\t\t<\/div>\n\t\t<\/div>\n\t\t\t\t\t<\/div>\n\t\t<\/section>\n\t\t\t\t<section class=\"elementor-section elementor-top-section elementor-element elementor-element-8b28925 elementor-section-boxed elementor-section-height-default elementor-section-height-default\" data-id=\"8b28925\" data-element_type=\"section\" data-settings=\"{&quot;background_background&quot;:&quot;classic&quot;}\">\n\t\t\t\t\t\t<div class=\"elementor-container elementor-column-gap-default\">\n\t\t\t\t\t<div class=\"elementor-column elementor-col-33 elementor-top-column elementor-element elementor-element-4dfbb6d\" data-id=\"4dfbb6d\" data-element_type=\"column\">\n\t\t\t<div class=\"elementor-widget-wrap\">\n\t\t\t\t\t\t\t<\/div>\n\t\t<\/div>\n\t\t\t\t<div class=\"elementor-column elementor-col-66 elementor-top-column elementor-element elementor-element-135e67c\" data-id=\"135e67c\" data-element_type=\"column\">\n\t\t\t<div class=\"elementor-widget-wrap elementor-element-populated\">\n\t\t\t\t\t\t<div class=\"elementor-element elementor-element-4267ccba elementor-invisible elementor-widget elementor-widget-heading\" data-id=\"4267ccba\" data-element_type=\"widget\" data-settings=\"{&quot;_animation&quot;:&quot;h-neuron-animation--slideFromRight&quot;,&quot;_animation_delay&quot;:200}\" data-widget_type=\"heading.default\">\n\t\t\t\t<div class=\"elementor-widget-container\">\n\t\t\t<h2 class=\"elementor-heading-title elementor-size-default\">Quest\u00f5es de investiga\u00e7\u00e3o<\/h2>\t\t<\/div>\n\t\t\t\t<\/div>\n\t\t\t\t<div class=\"elementor-element elementor-element-2a59bb6 elementor-invisible elementor-widget elementor-widget-text-editor\" data-id=\"2a59bb6\" data-element_type=\"widget\" data-settings=\"{&quot;_animation&quot;:&quot;h-neuron-animation--slideFromRight&quot;,&quot;_animation_delay&quot;:400}\" data-widget_type=\"text-editor.default\">\n\t\t\t\t<div class=\"elementor-widget-container\">\n\t\t\t\t\t\t\t<ul>\n \t<li>De que modo a literatura constr\u00f3i e \/ ou reflecte pensamentos e discursos cr\u00edticos sobre a Europa e sobre o mundo multilingue e multicultural globalizado?<\/li>\n \t<li>De que modo a literatura (e outras artes) contribui para preservar o patrim\u00f3nio cultural europeu (mitos, ideias, utopias) e para renovar o seu imagin\u00e1rio, como forma de resistir \u00e0 uniformidade e articular o local e o global?<\/li>\n \t<li>Qual o papel da espacialidade, vista tanto geogr\u00e1fica como socialmente, na constru\u00e7\u00e3o da identidade, individual e colectiva, numa Europa aberta e num mundo globalizado? Qual a import\u00e2ncia do cruzamento de fronteira, do estar em tr\u00e2nsito e da inser\u00e7\u00e3o? Qual o papel da mem\u00f3ria ao lidar com essas \u00e1reas?<\/li>\n \t<li>Como \u00e9 que autores (e leitores) cartografam o seu mundo em mundos ficcionais, transformando o espa\u00e7o em mundos poss\u00edveis heterot\u00f3picos ou dist\u00f3picos, estabelecendo um di\u00e1logo entre realidade, fic\u00e7\u00e3o e, do lado do leitor, entre texto, realidade?<\/li>\n<\/ul>\t\t\t\t\t\t<\/div>\n\t\t\t\t<\/div>\n\t\t\t\t\t<\/div>\n\t\t<\/div>\n\t\t\t\t\t<\/div>\n\t\t<\/section>\n\t\t\t\t<section class=\"elementor-section elementor-top-section elementor-element elementor-element-1a2534a3 elementor-section-boxed elementor-section-height-default elementor-section-height-default elementor-invisible\" data-id=\"1a2534a3\" data-element_type=\"section\" data-settings=\"{&quot;animation&quot;:&quot;h-neuron-animation--slideFromRight&quot;}\">\n\t\t\t\t\t\t<div class=\"elementor-container elementor-column-gap-default\">\n\t\t\t\t\t<div class=\"elementor-column elementor-col-66 elementor-top-column elementor-element elementor-element-57433c3e\" data-id=\"57433c3e\" data-element_type=\"column\">\n\t\t\t<div class=\"elementor-widget-wrap elementor-element-populated\">\n\t\t\t\t\t\t<div class=\"elementor-element elementor-element-66e7ad9e elementor-widget elementor-widget-text-editor\" data-id=\"66e7ad9e\" data-element_type=\"widget\" data-widget_type=\"text-editor.default\">\n\t\t\t\t<div class=\"elementor-widget-container\">\n\t\t\t\t\t\t\t<p><strong>Coordena\u00e7\u00e3o<\/strong>: <a href=\"https:\/\/ilcml.tk\/membros\/maria-de-fatima-outeirinho\/\">F\u00e1tima Outeirinho<\/a><\/p>\t\t\t\t\t\t<\/div>\n\t\t\t\t<\/div>\n\t\t\t\t<div class=\"elementor-element elementor-element-7495ac56 elementor-tabs-view-horizontal elementor-widget elementor-widget-tabs\" data-id=\"7495ac56\" data-element_type=\"widget\" data-widget_type=\"tabs.default\">\n\t\t\t\t<div class=\"elementor-widget-container\">\n\t\t\t\t\t<div class=\"elementor-tabs\">\n\t\t\t<div class=\"elementor-tabs-wrapper\" role=\"tablist\" >\n\t\t\t\t\t\t\t\t\t<div id=\"elementor-tab-title-1951\" class=\"elementor-tab-title elementor-tab-desktop-title\" aria-selected=\"true\" data-tab=\"1\" role=\"tab\" tabindex=\"0\" aria-controls=\"elementor-tab-content-1951\" aria-expanded=\"false\">Equipa<\/div>\n\t\t\t\t\t\t\t\t\t<div id=\"elementor-tab-title-1952\" class=\"elementor-tab-title elementor-tab-desktop-title\" aria-selected=\"false\" data-tab=\"2\" role=\"tab\" tabindex=\"-1\" aria-controls=\"elementor-tab-content-1952\" aria-expanded=\"false\">Atividades<\/div>\n\t\t\t\t\t\t\t<\/div>\n\t\t\t<div class=\"elementor-tabs-content-wrapper\" role=\"tablist\" aria-orientation=\"vertical\">\n\t\t\t\t\t\t\t\t\t<div class=\"elementor-tab-title elementor-tab-mobile-title\" aria-selected=\"true\" data-tab=\"1\" role=\"tab\" tabindex=\"0\" aria-controls=\"elementor-tab-content-1951\" aria-expanded=\"false\">Equipa<\/div>\n\t\t\t\t\t<div id=\"elementor-tab-content-1951\" class=\"elementor-tab-content elementor-clearfix\" data-tab=\"1\" role=\"tabpanel\" aria-labelledby=\"elementor-tab-title-1951\" tabindex=\"0\" hidden=\"false\"><h5><strong>MEMBROS INTEGRADOS<\/strong><\/h5><p><a href=\"https:\/\/ilcml.tk\/membros\/ana-paula-coutinho\/\">Ana Paula Coutinho<\/a> (Univ. Porto)<br \/><a href=\"https:\/\/ilcml.tk\/membros\/ana-margarida-fonseca\/\">Ana Margarida Fonseca<\/a> (IPG)<br \/><a href=\"https:\/\/ilcml.tk\/membros\/goncalo-vilas-boas\/\">Gon\u00e7alo Vilas-Boas<\/a> (Univ. Porto)<br \/><a href=\"https:\/\/ilcml.tk\/membros\/jorge-costa-lopes\/\">Jorge Costa Lopes<\/a> (Univ. Porto \/ Apigraf)<br \/><a href=\"https:\/\/ilcml.tk\/membros\/jose-domingues-de-almeida\/\">Jos\u00e9 Domingues de Almeida<\/a> (Univ. Porto)<br \/><a href=\"https:\/\/ilcml.tk\/membros\/jose-eduardo-reis\/\">Jos\u00e9 Eduardo Reis<\/a> (UTAD)<br \/><a href=\"https:\/\/ilcml.tk\/membros\/ligia-bernardino\/\">L\u00edgia Bernardino<\/a> (Univ. Porto)<br \/><a href=\"https:\/\/ilcml.tk\/membros\/maria-antonia-gaspar-teixeira\/\">Maria Ant\u00f3nia Gaspar Teixeira<\/a> (Univ. Porto)<br \/><a href=\"https:\/\/ilcml.tk\/membros\/maria-de-fatima-outeirinho\/\">Maria de F\u00e1tima Outeirinho<\/a> (Univ. Porto) (coordena\u00e7\u00e3o)<br \/><a href=\"https:\/\/ilcml.tk\/membros\/maria-de-lurdes-neves-godinho\/\">Maria de Lurdes Neves Godinho<\/a> (IPL)<br \/><a href=\"https:\/\/ilcml.tk\/membros\/maria-de-lurdes-sampaio\/\">Maria de Lurdes Sampaio<\/a> (Univ. Porto)<br \/><a href=\"https:\/\/ilcml.tk\/membros\/maria-dulce-soares\/\">Maria Dulce Pinto Soares<\/a> (Univ. Porto)<br \/><a href=\"https:\/\/ilcml.tk\/membros\/isabel-pires-de-lima\/\">Maria Isabel Pires de Lima<\/a> (Univ. Porto)<br \/><a href=\"https:\/\/ilcml.tk\/membros\/maria-jose-carneiro-dias\/\">Maria Jos\u00e9 Carneiro Dias<\/a> (Univ. Porto \/ ESPF)<br \/><a href=\"https:\/\/ilcml.tk\/membros\/maria-luisa-malato\/\">Maria Lu\u00edsa Malato<\/a> (Univ. Porto)<br \/><a href=\"https:\/\/ilcml.tk\/membros\/maria-teresa-martins-de-oliveira\/\">Maria Teresa Martins de Oliveira<\/a> (Univ. Porto)<\/p><h5><strong><br \/>COLABORADORES<\/strong><\/h5><p><strong>Portugal<\/strong><\/p><p><a href=\"https:\/\/ilcml.tk\/membros\/abdelilah-suisse\/\">Abdelilah Suisse<\/a> (Univ. Porto)<br \/><a href=\"https:\/\/ilcml.tk\/membros\/ana-isabel-moniz\/\">Ana Isabel Moniz<\/a> (Univ. Madeira)<br \/><a href=\"https:\/\/ilcml.tk\/membros\/ana-isabel-marques\/\">Ana Isabel Marques<\/a> (IPL)<br \/><a href=\"https:\/\/ilcml.tk\/membros\/bruno-tiago-cabral\/\">Bruno Cabral<\/a> (Univ. Porto)<br \/><a href=\"https:\/\/ilcml.tk\/membros\/fernando-clara\/\">Fernando Clara<\/a> (Univ. Nova de Lisboa)<br \/><a href=\"https:\/\/ilcml.tk\/membros\/fernando-batista\/\">Fernando Batista<\/a> (E.Secund\u00e1ria)<br \/><a href=\"https:\/\/ilcml.tk\/membros\/joao-rodrigues\/\">Jo\u00e3o Rodrigues<\/a> (IPB)<br \/><a href=\"https:\/\/ilcml.tk\/membros\/jorge-bastos-da-silva\/\">Jorge Bastos da Silva<\/a> (Univ. Porto)<br \/><a href=\"https:\/\/ilcml.tk\/membros\/marcia-regina-schwertner\/\">M\u00e1rcia Schwertner<\/a> (Univ. Porto)<br \/><a href=\"https:\/\/ilcml.tk\/membros\/isabel-carvalho\/\">Maria Isabel Carvalho<\/a> (Univ. Porto)<br \/><a href=\"https:\/\/ilcml.tk\/membros\/mario-matos\/\">M\u00e1rio Matos<\/a> (Univ. Minho)<br \/><a href=\"https:\/\/ilcml.tk\/membros\/sandra-marques\/\">Sandra Marques<\/a> (ISAG)<br \/><a href=\"https:\/\/ilcml.tk\/membros\/sofia-de-melo-araujo\/\">Sofia de Melo Ara\u00fajo<\/a> (Univ. Porto \/ ESE-IPP)<\/p><p><strong><br \/>EUA<\/strong><\/p><p><a href=\"https:\/\/ilcml.tk\/membros\/leonor-simas-almeida\/\">Leonor Simas Almeida<\/a> (Univ. Brown \u2013 Providence)<br \/><a href=\"https:\/\/ilcml.tk\/membros\/patricia-martinho-ferreira\/\">Patr\u00edcia Ferreira<\/a> (Univ. Brown \u2013 Providence)<\/p><p><strong><br \/>Fran\u00e7a<\/strong><\/p><p><a href=\"https:\/\/ilcml.tk\/membros\/andreia-joana-oliveira-da-silva-mallet\/\">Andreia Silva-Mallet<\/a> (Univ, Jean Monnet \u2013 Saint-\u00c9tienne)<br \/><a href=\"https:\/\/ilcml.tk\/membros\/karina-marques\/\">Karina Marques<\/a> (Univ.de Poitiers)<\/p><p><strong><br \/>Su\u00ed\u00e7a<\/strong><\/p><p><a href=\"https:\/\/ilcml.tk\/membros\/helder-mendes-baiao\/\">Helder Mendes Bai\u00e3o<\/a> (Univ. Berne)<\/p><\/div>\n\t\t\t\t\t\t\t\t\t<div class=\"elementor-tab-title elementor-tab-mobile-title\" aria-selected=\"false\" data-tab=\"2\" role=\"tab\" tabindex=\"-1\" aria-controls=\"elementor-tab-content-1952\" aria-expanded=\"false\">Atividades<\/div>\n\t\t\t\t\t<div id=\"elementor-tab-content-1952\" class=\"elementor-tab-content elementor-clearfix\" data-tab=\"2\" role=\"tabpanel\" aria-labelledby=\"elementor-tab-title-1952\" tabindex=\"0\" hidden=\"hidden\"><h4>2020<\/h4><p style=\"padding-left: 40px;\">Col\u00f3quio-Workshop: \u201cLEA \u2013 Prazeres da Leitura: e\/Estados da Arte\u201d<br \/>Col\u00f3quio: \u201cEuropa Liter\u00e1ria \u2013 Cria\u00e7\u00e3o &amp; Media\u00e7\u00e3o\u201d<\/p><h4>\u00a0<\/h4><h4>2019<\/h4><p style=\"padding-left: 40px;\">Jornada Cient\u00edfica: \u201c\u00c9crivains et davantage\u201d<br \/>Col\u00f3quio: \u201cLiteratura e Medicina: Homenagem a Fernando Namora\u201d<br \/>Jornada Internacional: \u201cEuropa Liminaridades Liter\u00e1rias\u201d<br \/>Jornada e Exposi\u00e7\u00e3o: \u201cEm Torno de Viagens e outras Desloca\u00e7\u00f5es\u201d<br \/>Jornada-Exposi\u00e7\u00e3o-Concerto: \u201cAgustina: novas leituras, outras metamorfoses\u201d<br \/>Ciclo de confer\u00eancias: \u201cSophia e as Artes\u201d<br \/>Col\u00f3quio: \u201cPr\u00e1ticas e mem\u00f3rias de exclus\u00e3o: o romance de adult\u00e9rio do s\u00e9culo XIX\u201d<\/p><h4>\u00a0<\/h4><h4>2018<\/h4><p style=\"padding-left: 40px;\">Semin\u00e1rio Aberto com Nathalie Skowronek<br \/>Exposi\u00e7\u00e3o: \u201cLiteratura sueca em Portugal\u201d<br \/>Semin\u00e1rio Aberto: O Policial na Literatura Sueca<br \/>Semin\u00e1rio Aberto: \u201cPalabra, Signo y Representaci\u00f3n\u201d<br \/>Jornada Cient\u00edfica: \u201c\u00d3scar Lopes: o Poder Seminal da Palavra\u201d<\/p><h6>\u00a0<\/h6><h6>_<br \/>Para uma listagem completa dos eventos organizados pelo ILCML, consultar o Arquivo de Atividades neste website<\/h6><\/div>\n\t\t\t\t\t\t\t<\/div>\n\t\t<\/div>\n\t\t\t\t<\/div>\n\t\t\t\t<\/div>\n\t\t\t\t\t<\/div>\n\t\t<\/div>\n\t\t\t\t<div class=\"elementor-column elementor-col-33 elementor-top-column elementor-element elementor-element-248db44f\" data-id=\"248db44f\" data-element_type=\"column\">\n\t\t\t<div class=\"elementor-widget-wrap\">\n\t\t\t\t\t\t\t<\/div>\n\t\t<\/div>\n\t\t\t\t\t<\/div>\n\t\t<\/section>\n\t\t\t\t<\/div>\n\t\t","protected":false},"excerpt":{"rendered":"<p>Inter\/Transculturalities O grupo INTER\/TRANSCULTURALIDADES tem como objectivo estudar as constru\u00e7\u00f5es liter\u00e1rias da ALTERIDADE, a partir dos conceitos de DIALOGISMO, TRANSCULTURALIDADE, FRONTEIRA, CENTRO E MARGEM. A Alteridade \u00e9 condi\u00e7\u00e3o para a constru\u00e7\u00e3o da identidade, implicando deslocamento, inclus\u00e3o e exclus\u00e3o \u2013 e tamb\u00e9m mem\u00f3ria e esquecimento. A nossa preocupa\u00e7\u00e3o ser\u00e1 explorar os imagin\u00e1rios culturais, nomeadamente de uma&#8230;<\/p>\n","protected":false},"author":1,"featured_media":0,"parent":0,"menu_order":0,"comment_status":"closed","ping_status":"closed","template":"","meta":{"footnotes":""},"class_list":["post-9783","page","type-page","status-publish","hentry"],"_links":{"self":[{"href":"https:\/\/wnsites.xyz\/ilcml3\/wp-json\/wp\/v2\/pages\/9783","targetHints":{"allow":["GET"]}}],"collection":[{"href":"https:\/\/wnsites.xyz\/ilcml3\/wp-json\/wp\/v2\/pages"}],"about":[{"href":"https:\/\/wnsites.xyz\/ilcml3\/wp-json\/wp\/v2\/types\/page"}],"author":[{"embeddable":true,"href":"https:\/\/wnsites.xyz\/ilcml3\/wp-json\/wp\/v2\/users\/1"}],"replies":[{"embeddable":true,"href":"https:\/\/wnsites.xyz\/ilcml3\/wp-json\/wp\/v2\/comments?post=9783"}],"version-history":[{"count":1,"href":"https:\/\/wnsites.xyz\/ilcml3\/wp-json\/wp\/v2\/pages\/9783\/revisions"}],"predecessor-version":[{"id":9787,"href":"https:\/\/wnsites.xyz\/ilcml3\/wp-json\/wp\/v2\/pages\/9783\/revisions\/9787"}],"wp:attachment":[{"href":"https:\/\/wnsites.xyz\/ilcml3\/wp-json\/wp\/v2\/media?parent=9783"}],"curies":[{"name":"wp","href":"https:\/\/api.w.org\/{rel}","templated":true}]}}