{"id":9710,"date":"2021-09-06T14:24:27","date_gmt":"2021-09-06T13:24:27","guid":{"rendered":"https:\/\/wnsites.xyz\/ilcml3\/?page_id=9710"},"modified":"2021-11-11T18:30:31","modified_gmt":"2021-11-11T17:30:31","slug":"mission-and-goals","status":"publish","type":"page","link":"https:\/\/wnsites.xyz\/ilcml3\/en\/mission-and-goals\/","title":{"rendered":"Mission and Goals"},"content":{"rendered":"\t\t<div data-elementor-type=\"wp-page\" data-elementor-id=\"9710\" class=\"elementor elementor-9710\">\n\t\t\t\t\t\t<section class=\"elementor-section elementor-top-section elementor-element elementor-element-72f9127 elementor-section-boxed elementor-section-height-default elementor-section-height-default\" data-id=\"72f9127\" data-element_type=\"section\">\n\t\t\t\t\t\t<div class=\"elementor-container elementor-column-gap-default\">\n\t\t\t\t\t<div class=\"elementor-column elementor-col-100 elementor-top-column elementor-element elementor-element-620bb86a\" data-id=\"620bb86a\" data-element_type=\"column\">\n\t\t\t<div class=\"elementor-widget-wrap elementor-element-populated\">\n\t\t\t\t\t\t<div class=\"elementor-element elementor-element-6d9991b3 elementor-widget__width-auto elementor-widget elementor-widget-heading\" data-id=\"6d9991b3\" data-element_type=\"widget\" data-widget_type=\"heading.default\">\n\t\t\t\t<div class=\"elementor-widget-container\">\n\t\t\t<h3 class=\"elementor-heading-title elementor-size-default\">Mission and Goals<\/h3>\t\t<\/div>\n\t\t\t\t<\/div>\n\t\t\t\t\t<\/div>\n\t\t<\/div>\n\t\t\t\t\t<\/div>\n\t\t<\/section>\n\t\t\t\t<section class=\"elementor-section elementor-top-section elementor-element elementor-element-8b7ce94 elementor-section-boxed elementor-section-height-default elementor-section-height-default\" data-id=\"8b7ce94\" data-element_type=\"section\">\n\t\t\t\t\t\t<div class=\"elementor-container elementor-column-gap-default\">\n\t\t\t\t\t<div class=\"elementor-column elementor-col-66 elementor-top-column elementor-element elementor-element-c6e3a5a\" data-id=\"c6e3a5a\" data-element_type=\"column\">\n\t\t\t<div class=\"elementor-widget-wrap elementor-element-populated\">\n\t\t\t\t\t\t<div class=\"elementor-element elementor-element-cd4fd29 elementor-widget elementor-widget-text-editor\" data-id=\"cd4fd29\" data-element_type=\"widget\" data-widget_type=\"text-editor.default\">\n\t\t\t\t<div class=\"elementor-widget-container\">\n\t\t\t\t\t\t\t<p>De acordo com os seus Estatutos, o Instituto de Literatura Comparada \u00e9 uma Unidade I&amp;D que tem por finalidade a investiga\u00e7\u00e3o fundamental no dom\u00ednio da teoria e cr\u00edtica liter\u00e1rias, bem como no dom\u00ednio dos estudos culturais e dos estudos art\u00edsticos, a partir de um ponto de vista comparatista, privilegiando, por conseguinte, abordagens interlingu\u00edsticas, e\/ou interculturais e\/ou interdisciplinares.<\/p><p>Os grupos internos de investiga\u00e7\u00e3o t\u00eam como objetivo a dissemina\u00e7\u00e3o e a promo\u00e7\u00e3o da ci\u00eancia atrav\u00e9s dos seus resultados de impacto cient\u00edfico, na transfer\u00eancia de conhecimento entre pares e atrav\u00e9s da participa\u00e7\u00e3o nas Pol\u00edticas Nacionais de Acesso Aberto, a partir tanto dos projetos estrat\u00e9gicos desta unidade I&amp;D, como de outros projetos de investiga\u00e7\u00e3o a ela associados.<\/p>\t\t\t\t\t\t<\/div>\n\t\t\t\t<\/div>\n\t\t\t\t\t<\/div>\n\t\t<\/div>\n\t\t\t\t<div class=\"elementor-column elementor-col-33 elementor-top-column elementor-element elementor-element-bb0d00c\" data-id=\"bb0d00c\" data-element_type=\"column\">\n\t\t\t<div class=\"elementor-widget-wrap\">\n\t\t\t\t\t\t\t<\/div>\n\t\t<\/div>\n\t\t\t\t\t<\/div>\n\t\t<\/section>\n\t\t\t\t<section class=\"elementor-section elementor-top-section elementor-element elementor-element-a37b766 elementor-section-boxed elementor-section-height-default elementor-section-height-default\" data-id=\"a37b766\" data-element_type=\"section\">\n\t\t\t\t\t\t<div class=\"elementor-container elementor-column-gap-default\">\n\t\t\t\t\t<div class=\"elementor-column elementor-col-33 elementor-top-column elementor-element elementor-element-b86f2ab\" data-id=\"b86f2ab\" data-element_type=\"column\">\n\t\t\t<div class=\"elementor-widget-wrap\">\n\t\t\t\t\t\t\t<\/div>\n\t\t<\/div>\n\t\t\t\t<div class=\"elementor-column elementor-col-66 elementor-top-column elementor-element elementor-element-4e10192\" data-id=\"4e10192\" data-element_type=\"column\">\n\t\t\t<div class=\"elementor-widget-wrap elementor-element-populated\">\n\t\t\t\t\t\t<div class=\"elementor-element elementor-element-590f4d5 elementor-widget elementor-widget-heading\" data-id=\"590f4d5\" data-element_type=\"widget\" data-widget_type=\"heading.default\">\n\t\t\t\t<div class=\"elementor-widget-container\">\n\t\t\t<h4 class=\"elementor-heading-title elementor-size-default\">O ILCML tem como miss\u00e3o:<\/h4>\t\t<\/div>\n\t\t\t\t<\/div>\n\t\t\t\t<div class=\"elementor-element elementor-element-8d7cc5d elementor-widget elementor-widget-text-editor\" data-id=\"8d7cc5d\" data-element_type=\"widget\" data-widget_type=\"text-editor.default\">\n\t\t\t\t<div class=\"elementor-widget-container\">\n\t\t\t\t\t\t\t<p>&#8211; apoiar o ensino da Literatura e da Cultura na FLUP, participando na investiga\u00e7\u00e3o subjacente \u00e0 prepara\u00e7\u00e3o de programas adequados \u00e0s exig\u00eancias cient\u00edficas e pedag\u00f3gicas da atualidade;<\/p><p>&#8211; promover o interc\u00e2mbio cultural e cient\u00edfico com institui\u00e7\u00f5es afins, nacionais e internacionais, com particular destaque para outros Centros de Investiga\u00e7\u00e3o no dom\u00ednio da Literatura Comparada ou dos Estudos Comparatistas.<\/p>\t\t\t\t\t\t<\/div>\n\t\t\t\t<\/div>\n\t\t\t\t\t<\/div>\n\t\t<\/div>\n\t\t\t\t\t<\/div>\n\t\t<\/section>\n\t\t\t\t<section class=\"elementor-section elementor-top-section elementor-element elementor-element-6928dd7 elementor-section-boxed elementor-section-height-default elementor-section-height-default\" data-id=\"6928dd7\" data-element_type=\"section\">\n\t\t\t\t\t\t<div class=\"elementor-container elementor-column-gap-default\">\n\t\t\t\t\t<div class=\"elementor-column elementor-col-100 elementor-top-column elementor-element elementor-element-4cc87e5\" data-id=\"4cc87e5\" data-element_type=\"column\">\n\t\t\t<div class=\"elementor-widget-wrap elementor-element-populated\">\n\t\t\t\t\t\t<div class=\"elementor-element elementor-element-a19eac5 elementor-widget elementor-widget-spacer\" data-id=\"a19eac5\" data-element_type=\"widget\" data-widget_type=\"spacer.default\">\n\t\t\t\t<div class=\"elementor-widget-container\">\n\t\t\t\t\t<div class=\"elementor-spacer\">\n\t\t\t<div class=\"elementor-spacer-inner\"><\/div>\n\t\t<\/div>\n\t\t\t\t<\/div>\n\t\t\t\t<\/div>\n\t\t\t\t\t<\/div>\n\t\t<\/div>\n\t\t\t\t\t<\/div>\n\t\t<\/section>\n\t\t\t\t<\/div>\n\t\t","protected":false},"excerpt":{"rendered":"<p>Mission and Goals De acordo com os seus Estatutos, o Instituto de Literatura Comparada \u00e9 uma Unidade I&amp;D que tem por finalidade a investiga\u00e7\u00e3o fundamental no dom\u00ednio da teoria e cr\u00edtica liter\u00e1rias, bem como no dom\u00ednio dos estudos culturais e dos estudos art\u00edsticos, a partir de um ponto de vista comparatista, privilegiando, por conseguinte, abordagens&#8230;<\/p>\n","protected":false},"author":1,"featured_media":0,"parent":0,"menu_order":0,"comment_status":"closed","ping_status":"closed","template":"","meta":{"footnotes":""},"class_list":["post-9710","page","type-page","status-publish","hentry"],"_links":{"self":[{"href":"https:\/\/wnsites.xyz\/ilcml3\/wp-json\/wp\/v2\/pages\/9710","targetHints":{"allow":["GET"]}}],"collection":[{"href":"https:\/\/wnsites.xyz\/ilcml3\/wp-json\/wp\/v2\/pages"}],"about":[{"href":"https:\/\/wnsites.xyz\/ilcml3\/wp-json\/wp\/v2\/types\/page"}],"author":[{"embeddable":true,"href":"https:\/\/wnsites.xyz\/ilcml3\/wp-json\/wp\/v2\/users\/1"}],"replies":[{"embeddable":true,"href":"https:\/\/wnsites.xyz\/ilcml3\/wp-json\/wp\/v2\/comments?post=9710"}],"version-history":[{"count":1,"href":"https:\/\/wnsites.xyz\/ilcml3\/wp-json\/wp\/v2\/pages\/9710\/revisions"}],"predecessor-version":[{"id":9714,"href":"https:\/\/wnsites.xyz\/ilcml3\/wp-json\/wp\/v2\/pages\/9710\/revisions\/9714"}],"wp:attachment":[{"href":"https:\/\/wnsites.xyz\/ilcml3\/wp-json\/wp\/v2\/media?parent=9710"}],"curies":[{"name":"wp","href":"https:\/\/api.w.org\/{rel}","templated":true}]}}