{"id":4071,"date":"2021-02-18T11:46:12","date_gmt":"2021-02-18T11:46:12","guid":{"rendered":"http:\/\/localhost:8888\/20160609\/?page_id=4071"},"modified":"2022-05-20T15:43:03","modified_gmt":"2022-05-20T15:43:03","slug":"apresentacao","status":"publish","type":"page","link":"https:\/\/wnsites.xyz\/encontro\/apresentacao\/","title":{"rendered":"Apresenta\u00e7\u00e3o"},"content":{"rendered":"<h3>X Encontro CITCEM<\/h3>\n<p>O Centro de Investiga\u00e7\u00e3o Transdisciplinar \u00abCultura, Espa\u00e7o e Mem\u00f3ria\u00bb da Faculdade de Letras da Universidade do Porto (CITCEM) convida a comunidade acad\u00e9mica para o seu X Encontro, centrado na tem\u00e1tica <em>Culturas D\u2019\u00c1gua: Patrim\u00f3nio, Ambiente e Sociedade,<\/em> que se realizar\u00e1 na Casa dos Livros (Palacete Burmester), Porto, Portugal, de 16 a 19 de novembro de 2022. O Encontro pretende refletir sobre as <em>Culturas D\u2019\u00c1gua<\/em>, tema que tem marcado a investiga\u00e7\u00e3o desenvolvida no CITCEM, desde a sua funda\u00e7\u00e3o, colocando-o em discuss\u00e3o sob uma an\u00e1lise plural, que reflita rumos de investiga\u00e7\u00e3o e formas de interven\u00e7\u00e3o desenvolvidas por acad\u00e9micos e centros de investiga\u00e7\u00e3o europeus e n\u00e3o europeus.<\/p>\n<p>O X Encontro CITCEM ir\u00e1 focar-se no estudo diacr\u00f3nico das orlas costeiras e ribeirinhas, a partir de preocupa\u00e7\u00f5es ambientais e da valoriza\u00e7\u00e3o das rela\u00e7\u00f5es humanas com os oceanos, os mares, os rios e os seus ecossistemas. Pretende-se que as <em>Culturas D\u2019\u00c1gua<\/em> sejam observadas, na sua diversidade, a partir de uma an\u00e1lise multi-escalar, em diferentes cronologias e espa\u00e7os, desejavelmente numa perspetiva inter e transdisciplinar.<\/p>\n<p>Seguindo uma aposta num forte envolvimento societal e a preocupa\u00e7\u00e3o com o estabelecimento de di\u00e1logos entre a academia e comunidades que geram e d\u00e3o vida a essas <em>Culturas D\u2019\u00c1gua<\/em>, o X Encontro procurar\u00e1 identificar e fomentar processos de co-cria\u00e7\u00e3o de conhecimento. O objetivo \u00e9 estabelecer pontes entre a universidade e as comunidades, com vista \u00e0 salvaguarda de um patrim\u00f3nio que \u00e9, na sua diversidade, mundial.<\/p>\n<p>Pol\u00edticas de sustentabilidade t\u00eam insistido na articula\u00e7\u00e3o entre fatores antr\u00f3picos e o meio ambiente. Nesta rela\u00e7\u00e3o, a preserva\u00e7\u00e3o de ecossistemas implica superar fronteiras disciplinares e estabelecer di\u00e1logos entre espa\u00e7os universit\u00e1rios, decisores pol\u00edticos, associa\u00e7\u00f5es e popula\u00e7\u00f5es locais, tantas vezes afastadas de processos de decis\u00e3o e de co-cria\u00e7\u00e3o de saberes. A observa\u00e7\u00e3o destes fen\u00f3menos, por compara\u00e7\u00e3o com o que sucede noutros pontos do Globo, permitir\u00e1 identificar elementos de contacto, mas tamb\u00e9m de diferen\u00e7a.<\/p>\n<p>O CITCEM convida os investigadores nacionais e internacionais, das diversas \u00e1reas do conhecimento, a refletirem sobre as <em>Culturas D\u2019\u00c1gua<\/em> numa dimens\u00e3o diacr\u00f3nica, multidisciplinar, usando diferentes escalas de observa\u00e7\u00e3o, n\u00e3o perdendo de vista os olhares que aproximam o Local do Global, mas tamb\u00e9m o Global do Local.<\/p>\n<div class=\"clear\"><\/div><div class=\"gdlr-space\" style=\"margin-top: 60px;\"><\/div>\n<div class=\"gdlr-shortcode-wrapper\"><div class=\"gdlr-item gdlr-accordion-item gdlr-multiple-tab style-1\"  ><div class=\"accordion-tab\" ><h4 class=\"accordion-title\" ><i class=\"icon-plus\" ><\/i><span> Sobre o evento<\/span><\/h4><div class=\"accordion-content\"><p>O Encontro CITCEM \u00e9 uma reuni\u00e3o anual cient\u00edfica que se realiza, desde 2010, praticamente desde a funda\u00e7\u00e3o desta unidade de investiga\u00e7\u00e3o, em 2007.<\/p>\n<p>Tem como objetivo central a partilha de saberes plurais gerados pelas comunidades cient\u00edficas portuguesas e internacionais, a partir de temas diversos e transdisciplinares.<\/p>\n<p><strong>Encontros CITCEM anteriores<\/strong>:<\/p>\n<p>2010 \u2013 <a href=\"https:\/\/www.citcem.org\/evento\/40\" target=\"_blank\" rel=\"noopener\">I Encontro CITCEM: Fam\u00edlia, Espa\u00e7o e Patrim\u00f3nio<\/a><\/p>\n<p>2011 \u2013 <a href=\"https:\/\/www.citcem.org\/evento\/41\" target=\"_blank\" rel=\"noopener\">II Encontro CITCEM: O MAR. Patrim\u00f3nios, Usos e Representa\u00e7\u00f5es<\/a><\/p>\n<p>2013 \u2013 <a href=\"https:\/\/www.citcem.org\/evento\/3\" target=\"_blank\" rel=\"noopener\">III Encontro CITCEM: Paisagem<\/a><\/p>\n<p>2015 \u2013 <a href=\"https:\/\/www.citcem.org\/evento\/6\" target=\"_blank\" rel=\"noopener\">IV Encontro CITCEM: Cruzar Fronteiras, Ligar as Margens da Hist\u00f3ria Ambiental<\/a><\/p>\n<p>2016 \u2013 <a href=\"https:\/\/www.citcem.org\/evento\/36\" target=\"_blank\" rel=\"noopener\">V Encontro CITCEM: As Linhas e as Letras: Epistolografia e Mem\u00f3ria da cultura escrita<\/a><\/p>\n<p>2017 \u2013 <a href=\"https:\/\/www.citcem.org\/evento\/121\" target=\"_blank\" rel=\"noopener\">VI Encontro CITCEM: Erros Meus, Fortuna Nossa<\/a><\/p>\n<p>2018 \u2013 <a href=\"https:\/\/www.citcem.org\/evento\/188\" target=\"_blank\" rel=\"noopener\">VII Encontro CITCEM: Mobilidades<\/a><\/p>\n<p>2019 \u2013 <a href=\"https:\/\/www.citcem.org\/evento\/298\" target=\"_blank\" rel=\"noopener\">VIII Encontro CITCEM: Em Tempos de Guerra\u2026<\/a><\/p>\n<p>2020 \u2013 <a href=\"https:\/\/www.citcem.org\/evento\/257\" target=\"_blank\" rel=\"noopener\">IX Encontro CITCEM: A Constru\u00e7\u00e3o da(s) Liberdade(s) &#8211; Congresso Internacional Comemorativo do Bicenten\u00e1rio da Revolu\u00e7\u00e3o Liberal de 1820<\/a><\/p>\n<p>&nbsp;<\/p>\n<p><strong>Casa dos Livros (Palacete Burmester)<\/strong><\/p>\n<p>A \u00ab<a href=\"https:\/\/wp.letras.up.pt\/casadoslivros\/\" target=\"_blank\" rel=\"noopener\">Casa dos Livros \u2013 Centro de Estudos da Cultura em Portugal<\/a>\u00bb \u00e9 um espa\u00e7o cultural da Faculdade de Letras da Universidade do Porto, que se encontra instalado no antigo Palacete Burmester, perten\u00e7a da antiga Quinta Grande, fundada nos finais do s\u00e9culo XVIII, e integrado na Universidade do Porto, desde 1961.<\/p>\n<p>Foi inaugurada em Abril de 2022 e acolhe a biblioteca e arquivo pessoais de Vasco Gra\u00e7a Moura (1942-2014), procurando fomentar o di\u00e1logo e a partilha de conhecimento entre unidades de investiga\u00e7\u00e3o e a sociedade.<\/p>\n<p><img loading=\"lazy\" class=\"aligncenter wp-image-5544 size-full\" src=\"http:\/\/wnsites.xyz\/encontro\/wp-content\/uploads\/2022\/05\/casa_dos_livros_.jpg\" alt=\"casa_dos_livros_\" width=\"2000\" height=\"722\" srcset=\"https:\/\/wnsites.xyz\/encontro\/wp-content\/uploads\/2022\/05\/casa_dos_livros_.jpg 2000w, https:\/\/wnsites.xyz\/encontro\/wp-content\/uploads\/2022\/05\/casa_dos_livros_-300x108.jpg 300w, https:\/\/wnsites.xyz\/encontro\/wp-content\/uploads\/2022\/05\/casa_dos_livros_-1024x370.jpg 1024w, https:\/\/wnsites.xyz\/encontro\/wp-content\/uploads\/2022\/05\/casa_dos_livros_-768x277.jpg 768w, https:\/\/wnsites.xyz\/encontro\/wp-content\/uploads\/2022\/05\/casa_dos_livros_-1536x554.jpg 1536w\" sizes=\"(max-width: 2000px) 100vw, 2000px\" \/><\/p>\n<\/div><\/div><div class=\"accordion-tab\" ><h4 class=\"accordion-title\" ><i class=\"icon-plus\" ><\/i><span>Comiss\u00e3o Cient\u00edfica<\/span><\/h4><div class=\"accordion-content\"><p><strong>\u00c1lvaro Garrido<\/strong><\/p>\n<p>Professor Catedr\u00e1tico da Faculdade de Economia da Universidade de Coimbra, Portugal, com foco na Hist\u00f3ria Econ\u00f3mica e Social. Os seus principais trabalhos situam-se numa temporalidade contempor\u00e2nea, em especial no estudo do s\u00e9culo XX, e incidem no espa\u00e7o institucional portugu\u00eas, com algumas incurs\u00f5es comparativistas. Tem uma especializa\u00e7\u00e3o consolidada nos temas das pescas e da economia do mar, que se estendeu \u00e0 problem\u00e1tica do corporativismo econ\u00f3mico e, mais recentemente, ao estudo das ideias e institui\u00e7\u00f5es identificadas com o conceito de economia social.<\/p>\n<p><a href=\"https:\/\/www.cienciavitae.pt\/portal\/5A11-6638-2FB8\" target=\"_blank\" rel=\"noopener\">Cienciavitae<\/a>, <a href=\"https:\/\/uc-pt.academia.edu\/AlvaroGarrido\" target=\"_blank\" rel=\"noopener\">Academia.edu<\/a><\/p>\n<p>&nbsp;<\/p>\n<p><strong>Andreia Arezes<\/strong><\/p>\n<p>Professora Auxiliar da Faculdade de Letras da Universidade do Porto, Portugal, e investigadora integrada do CITCEM \u2013 Centro de Investiga\u00e7\u00e3o Transdisciplinar \u00abCultura, Espa\u00e7o e Mem\u00f3ria\u00bb. A sua \u00e1rea de investiga\u00e7\u00e3o privilegiada centra-se no mundo funer\u00e1rio altimedi\u00e9vico e nas materialidades associadas, nos estudos de etnicidade e na historiografia da arqueologia. Tem trabalhado em detalhe na \u00e1rea da arqueologia preventiva e atualmente mant\u00e9m a liga\u00e7\u00e3o \u00e0 pr\u00e1tica arqueol\u00f3gica de campo, atrav\u00e9s da coordena\u00e7\u00e3o das campanhas de escava\u00e7\u00e3o decorridas na zona de Guif\u00f5es (Matosinhos).<\/p>\n<p><a href=\"https:\/\/www.cienciavitae.pt\/portal\/9119-073B-C00A\" target=\"_blank\" rel=\"noopener\">Cienciavitae<\/a>, <a href=\"https:\/\/up-pt.academia.edu\/AndreiaArezes\" target=\"_blank\" rel=\"noopener\">Academia.edu<\/a><\/p>\n<p>&nbsp;<\/p>\n<p><strong>Am\u00e9lia Pol\u00f3nia<\/strong><\/p>\n<p>Professora Catedr\u00e1tica do Departamento de Hist\u00f3ria, Estudos Pol\u00edticos e Internacionais da Faculdade de Letras da Universidade do Porto, Portugal, e coordenadora cient\u00edfica\u00a0 do CITCEM \u2013 Centro de Investiga\u00e7\u00e3o Transdisciplinar \u00abCultura, Espa\u00e7o e Mem\u00f3ria\u00bb. Os seus interesses de investiga\u00e7\u00e3o incluem o estudo de redes sociais e econ\u00f3micas, comunidades mar\u00edtimas e din\u00e2micas de redes informais e auto-organizadas na \u00c9poca Moderna. Entre os temas-chave das suas \u00e1reas de pesquisa, encontram-se a hist\u00f3ria portu\u00e1ria, as implica\u00e7\u00f5es ambientais da coloniza\u00e7\u00e3o europeia, as migra\u00e7\u00f5es, as transfer\u00eancias de conhecimento, os processos de globaliza\u00e7\u00e3o, os mecanismos informais na constru\u00e7\u00e3o de imp\u00e9rios ultramarinos e o papel das mulheres em processos de coloniza\u00e7\u00e3o.<\/p>\n<p><a href=\"https:\/\/www.cienciavitae.pt\/portal\/6310-2507-EFDC\" target=\"_blank\" rel=\"noopener\">Cienciavitae<\/a>, <a href=\"https:\/\/up-pt.academia.edu\/Am%C3%A9liaPol%C3%B3nia\" target=\"_blank\" rel=\"noopener\">Academia.edu<\/a><\/p>\n<p>&nbsp;<\/p>\n<p><strong>Francisco Topa<\/strong><\/p>\n<p>Professor Associado do Departamento de Estudos Rom\u00e2nicos da Faculdade de Letras da Universidade do Porto, Portugal. \u00c9 investigador integrado do CITCEM \u2013 Centro de Investiga\u00e7\u00e3o Transdisciplinar \u00abCultura, Espa\u00e7o e Mem\u00f3ria\u00bb. Leciona nas \u00e1reas de literatura e cultura brasileiras, da cr\u00edtica textual, das literaturas africanas de l\u00edngua portuguesa e das literaturas orais e marginais. Tem desenvolvido os seus trabalhos nos temas afins com os estudos liter\u00e1rios, culturais e interart\u00edsticos.<\/p>\n<p><a href=\"https:\/\/www.cienciavitae.pt\/portal\/291E-E16B-5E40\" target=\"_blank\" rel=\"noopener\">Cienciavitae<\/a>, <a href=\"https:\/\/flup.academia.edu\/FranciscoTopa\" target=\"_blank\" rel=\"noopener\">Academia.edu<\/a><\/p>\n<p>&nbsp;<\/p>\n<p><strong>In\u00eas Amorim<\/strong><\/p>\n<p>Professora Associada de Hist\u00f3ria Moderna na Faculdade de Letras da Universidade do Porto, Portugal e investigadora integrada do CITCEM \u2013 Centro de Investiga\u00e7\u00e3o Transdisciplinar \u00abCultura, Espa\u00e7o e Mem\u00f3ria\u00bb. As suas \u00e1reas de trabalho t\u00eam estado voltadas para os temas de hist\u00f3ria social e econ\u00f3mica, de hist\u00f3ria ambiental e do clima, de hist\u00f3ria rural, dos recursos e conflitos mar\u00edtimos, do com\u00e9rcio e trabalho em comunidades costeiras, pre\u00e7os e cr\u00e9dito, consumo, pobreza e sa\u00fade. Os seus interesses mais recentes de investiga\u00e7\u00e3o focam-se na conex\u00e3o entre comportamentos culturais e mudan\u00e7as ambientais.<\/p>\n<p><a href=\"https:\/\/www.cienciavitae.pt\/portal\/D21E-CA44-39B1\" target=\"_blank\" rel=\"noopener\">Cienciavitae<\/a>, <a href=\"https:\/\/independent.academia.edu\/IAmorim\" target=\"_blank\" rel=\"noopener\">Academia.edu<\/a><\/p>\n<p>&nbsp;<\/p>\n<p><strong>Vasco Ribeiro<\/strong><\/p>\n<p>Professor Auxiliar na Faculdade de Letras da Universidade do Porto, Portugal, nas \u00e1reas de estrat\u00e9gias de comunica\u00e7\u00e3o, estudos de jornalismo, comunica\u00e7\u00e3o pol\u00edtica, rela\u00e7\u00f5es p\u00fablicas e rela\u00e7\u00f5es de m\u00eddia. \u00c9 investigador integrado do CITCEM \u2013 Centro de Investiga\u00e7\u00e3o Transdisciplinar \u00abCultura, Espa\u00e7o e Mem\u00f3ria\u00bb, focando-se nas \u00e1reas de transi\u00e7\u00f5es em mudan\u00e7a e transi\u00e7\u00f5es pol\u00edticas. Tem tamb\u00e9m desenvolvido uma carreira pol\u00edtica.<\/p>\n<p><a href=\"https:\/\/www.cienciavitae.pt\/portal\/E816-962F-6FD0\" target=\"_blank\" rel=\"noopener\">Cienciavitae<\/a>, <a href=\"https:\/\/up-pt.academia.edu\/VascoRibeiro\" target=\"_blank\" rel=\"noopener\">Academia.edu<\/a><\/p>\n<\/div><\/div><div class=\"accordion-tab\" ><h4 class=\"accordion-title\" ><i class=\"icon-plus\" ><\/i><span>Comiss\u00e3o Organizadora<\/span><\/h4><div class=\"accordion-content\"><p><strong>Ana Clara Roberti<\/strong><\/p>\n<p><em>aroberti@letras.up.pt<\/em><\/p>\n<p>Investigadora integrada (PhD) no CITCEM \u2013 Centro de Investiga\u00e7\u00e3o Transdisciplinar \u00abCultura, Espa\u00e7o e Mem\u00f3ria\u00bb, da Faculdade de Letras da Universidade do Porto e colaboradora no Instituto de Investiga\u00e7\u00e3o Design, Media e Cultura (ID+), da Faculdade de Belas Artes da Universidade do Porto, Portugal. Trabalha nas \u00e1reas do document\u00e1rio etnogr\u00e1fico (nos dom\u00ednios do cinema e da fotografia), design da imagem e estudos culturais.<\/p>\n<p>Clara lidera projetos no \u00e2mbito art\u00edstico, social e participativo,\u00a0 com tem\u00e1ticas relacionadas, principalmente, com espa\u00e7os urbanos socioeconomicamente vulner\u00e1veis, patrim\u00f3nio, heran\u00e7a cultural e meio ambiente.<\/p>\n<p><a href=\"https:\/\/www.cienciavitae.pt\/portal\/C713-99A8-3D38\" target=\"_blank\" rel=\"noopener\">Cienciavitae<\/a><\/p>\n<p>&nbsp;<\/p>\n<p><strong>Bruno Lopes<\/strong><\/p>\n<p><em>blopes@letras.up.pt<\/em><\/p>\n<p>Investigador integrado (PhD) no CITCEM \u2013 Centro de Investiga\u00e7\u00e3o Transdisciplinar \u00abCultura, Espa\u00e7o e Mem\u00f3ria\u00bb da Faculdade de Letras da Universidade do Porto, Portugal. A sua \u00e1rea de investiga\u00e7\u00e3o tem procurado compreender as mudan\u00e7as societais na diacronia, estudando especificamente a Inquisi\u00e7\u00e3o portuguesa (s\u00e9culos XVI-XIX) e os seus impactos sociais e econ\u00f3micos. De momento, os seus interesses abrangem temas afins com os patrim\u00f3nios controversos e a forma como as sociedades interagem e dialogam com o passado.<\/p>\n<p><a href=\"https:\/\/flup.academia.edu\/BrunoLopes\" target=\"_blank\" rel=\"noopener\">Academia.edu<\/a><\/p>\n<p>&nbsp;<\/p>\n<p><strong>Gisele C. Concei\u00e7\u00e3o<\/strong><\/p>\n<p><em>gconceicao@letras.up.pt<\/em><\/p>\n<p>Investigadora integrada (PhD) no CITCEM \u2013 Centro de Investiga\u00e7\u00e3o Transdisciplinar \u00abCultura, Espa\u00e7o e Mem\u00f3ria\u00bb da Faculdade de Letras da Universidade do Porto, Portugal. Trabalha no \u00e2mbito da Hist\u00f3ria Moderna, especialmente com hist\u00f3ria das ci\u00eancias, da\u00a0 cultura cient\u00edfica e do conhecimento. A sua investiga\u00e7\u00e3o centra-se nos processos de produ\u00e7\u00e3o e circula\u00e7\u00e3o de conhecimento, enfatizando a import\u00e2ncia dos agentes locais na sua constru\u00e7\u00e3o hist\u00f3rica.<\/p>\n<p><a href=\"https:\/\/www.cienciavitae.pt\/portal\/741C-6E64-5A12\" target=\"_blank\" rel=\"noopener\">Cienciavitae<\/a>, <a href=\"https:\/\/flup.academia.edu\/GiseleCristinadaConcei%C3%A7%C3%A3o\" target=\"_blank\" rel=\"noopener\">Academia.edu<\/a><\/p>\n<p>&nbsp;<\/p>\n<p><strong>Kim Carlotta von Sch\u00f6nfeld<br \/>\n<\/strong><em>kschonfeld@letras.up.pt<\/em><\/p>\n<p>Investigadora integrada (PhD) no CITCEM \u2013 Centro de Investiga\u00e7\u00e3o Transdisciplinar \u00abCultura, Espa\u00e7o e Mem\u00f3ria\u00bb da Faculdade de Letras da Universidade do Porto, Portugal. Tem trabalhado nas \u00e1reas da justi\u00e7a social e ambiental e da sustentabilidade, procurando enfrentar os desafios relacionados atrav\u00e9s de pesquisa cr\u00edtica e construtiva, criatividade e engajamento p\u00fablico. Tem trabalhado os temas da governan\u00e7a participativa, ruas como espa\u00e7os p\u00fablicos e de mobilidade, aprendizagem social em planeamento co-criativo, estudos cr\u00edticos de inova\u00e7\u00e3o, decrescimento e p\u00f3s-crescimento em rela\u00e7\u00e3o ao planeamento.<\/p>\n<p><a href=\"https:\/\/www.cienciavitae.pt\/portal\/8418-3745-6D62\" target=\"_blank\" rel=\"noopener\">Cienciavitae<\/a>, <a href=\"https:\/\/www.researchgate.net\/profile\/Kim-Carlotta-Von-Schonfeld\" target=\"_blank\" rel=\"noopener\">Researchgate<\/a><\/p>\n<\/div><\/div><div class=\"accordion-tab\" ><h4 class=\"accordion-title\" ><i class=\"icon-plus\" ><\/i><span>Sobre o CITCEM<\/span><\/h4><div class=\"accordion-content\"><p>Criado em 2007, o CITCEM \u2013 Centro de Investiga\u00e7\u00e3o Transdisciplinar \u00abCultura, Espa\u00e7o e Mem\u00f3ria\u00bb \u00e9 uma unidade de I&amp;D sediada na Faculdade de Letras da Universidade do Porto. Ancorado no dom\u00ednio das Humanidades e Ci\u00eancias Sociais, o CITCEM atua como plataforma de investiga\u00e7\u00e3o transdisciplinar, explorando as rela\u00e7\u00f5es pr\u00f3ximas entre v\u00e1rias \u00e1reas disciplinares, como a Hist\u00f3ria, Arqueologia, Hist\u00f3ria de Arte, Estudos Culturais e Liter\u00e1rios, Demografia, Informa\u00e7\u00e3o, Comunica\u00e7\u00e3o, e Ci\u00eancias do Patrim\u00f3nio, entre outras.<\/p>\n<p>O CITCEM centra-se no estudo transdisciplinar de temas relacionados com a Mem\u00f3ria e Patrim\u00f3nio, em articula\u00e7\u00e3o com a constru\u00e7\u00e3o interativa e evolutiva de identidades e espa\u00e7os econ\u00f3micos, sociais, pol\u00edticos, e culturais, com particular \u00eanfase, mas n\u00e3o exclusivo, no noroeste de Portugal. Este enfoque abrange o estudo de mem\u00f3rias identit\u00e1rias, patrim\u00f3nio cultural nas suas formas materiais e imateriais, hist\u00f3ria ambiental, paisagens rurais e urbanas, mobilidade populacional, pr\u00e1ticas religiosas, assim como outros t\u00f3picos de investiga\u00e7\u00e3o relacionados.<\/p>\n<p>Presentemente, o CITCEM engloba mais de 400 investigadores, entre integrados e n\u00e3o integrados. Trata-se de uma equipa transdisciplinar altamente qualificada, multifacetada e motivada, que conflui para os objetivos de um Centro que acabou de completar uma d\u00e9cada de funcionamento bem-sucedido.<\/p>\n<p>Desde a sua origem, o CITCEM tem vindo a trabalhar em estreita colabora\u00e7\u00e3o com entidades locais e institui\u00e7\u00f5es independentes, implementando uma forte liga\u00e7\u00e3o regional que permitiu catalisar parcerias, nacionais e internacionais, de sucesso. Tendo por base um s\u00f3lido hist\u00f3rico de impacto regional e de coopera\u00e7\u00e3o, e mantendo-se em contacto pr\u00f3ximo com decisores pol\u00edticos e promotores independentes, o CITCEM compromete-se com a transfer\u00eancia de conhecimento entre investiga\u00e7\u00e3o acad\u00e9mica e comunidades locais.<\/p>\n<p>Consequentemente, o CITCEM pretende manter e expandir o seu papel no amplo di\u00e1logo atual, no \u00e2mbito do noroeste portugu\u00eas, e n\u00e3o s\u00f3, acerca do futuro da regi\u00e3o e das suas liga\u00e7\u00f5es com o restante pa\u00eds e o estrangeiro. Enquanto parceiro din\u00e2mico neste di\u00e1logo, o Centro oferece contributos vitais, interdisciplinares e transnacionais, das Humanidades e Ci\u00eancias Sociais, em busca de respostas positivas para os desafios presentes e futuros, em estreito alinhamento com as prioridades da Agenda 2030.<\/p>\n<\/div><\/div><\/div><\/div>\n","protected":false},"excerpt":{"rendered":"<p>X Encontro CITCEM O Centro de Investiga\u00e7\u00e3o Transdisciplinar \u00abCultura, Espa\u00e7o e Mem\u00f3ria\u00bb da Faculdade de Letras da Universidade do Porto (CITCEM) convida a comunidade acad\u00e9mica para o seu X Encontro, centrado na tem\u00e1tica Culturas D\u2019\u00c1gua: Patrim\u00f3nio, Ambiente e Sociedade, que se realizar\u00e1 na Casa dos Livros (Palacete Burmester), Porto, Portugal, de 16 a 19 de&#8230; <\/p>\n<div class=\"clear\"><\/div>\n<p><a href=\"https:\/\/wnsites.xyz\/encontro\/apresentacao\/\" class=\"gdlr-info-font excerpt-read-more\">Read More<\/a><\/p>\n","protected":false},"author":1,"featured_media":5287,"parent":0,"menu_order":0,"comment_status":"closed","ping_status":"closed","template":"","meta":[],"_links":{"self":[{"href":"https:\/\/wnsites.xyz\/encontro\/wp-json\/wp\/v2\/pages\/4071"}],"collection":[{"href":"https:\/\/wnsites.xyz\/encontro\/wp-json\/wp\/v2\/pages"}],"about":[{"href":"https:\/\/wnsites.xyz\/encontro\/wp-json\/wp\/v2\/types\/page"}],"author":[{"embeddable":true,"href":"https:\/\/wnsites.xyz\/encontro\/wp-json\/wp\/v2\/users\/1"}],"replies":[{"embeddable":true,"href":"https:\/\/wnsites.xyz\/encontro\/wp-json\/wp\/v2\/comments?post=4071"}],"version-history":[{"count":10,"href":"https:\/\/wnsites.xyz\/encontro\/wp-json\/wp\/v2\/pages\/4071\/revisions"}],"predecessor-version":[{"id":5602,"href":"https:\/\/wnsites.xyz\/encontro\/wp-json\/wp\/v2\/pages\/4071\/revisions\/5602"}],"wp:featuredmedia":[{"embeddable":true,"href":"https:\/\/wnsites.xyz\/encontro\/wp-json\/wp\/v2\/media\/5287"}],"wp:attachment":[{"href":"https:\/\/wnsites.xyz\/encontro\/wp-json\/wp\/v2\/media?parent=4071"}],"curies":[{"name":"wp","href":"https:\/\/api.w.org\/{rel}","templated":true}]}}